{"id":967,"date":"2024-08-23T12:37:50","date_gmt":"2024-08-23T16:37:50","guid":{"rendered":"https:\/\/denisguertinebeniste.com\/?post_type=product&#038;p=967"},"modified":"2026-02-05T12:20:36","modified_gmt":"2026-02-05T17:20:36","slug":"frustration-rami-anglais","status":"publish","type":"product","link":"https:\/\/denisguertinebeniste.com\/fr\/shop\/frustration-rummy\/frustration-rummy-emglish\/","title":{"rendered":"Rami de la frustration (anglais)"},"content":{"rendered":"<p>Tous les joueurs doivent tenter de conclure les 14 contrats dans l'ordre o\u00f9 ils figurent sur le plateau de jeu. Un joueur ne peut remplir qu'un seul contrat par tour.<\/p>\n<p>Le contrat vous indiquera le nombre de sets et\/ou de s\u00e9ries dont vous avez besoin et la dur\u00e9e des sets ou des s\u00e9ries.<\/p>\n<p>En commen\u00e7ant par le joueur \u00e0 gauche du donneur et en continuant dans le sens des aiguilles d'une montre, chaque joueur peut tirer la carte sup\u00e9rieure de la pioche ou la carte sup\u00e9rieure de la pile de d\u00e9fausse. Si la pioche est \u00e9puis\u00e9e, m\u00e9langez la pile de d\u00e9fausse \u00e0 l'exception de la carte sup\u00e9rieure et refaites une nouvelle pioche.<\/p>\n<p>Nous incluons le plateau, 6 piquets m\u00e9talliques avec pierre color\u00e9e, 2 jeux de cartes et un sac de voyage.<\/p>\n<p>**Lors de votre commande, veuillez pr\u00e9ciser si vous souhaitez le tableau en anglais ou en fran\u00e7ais.**<\/p>\n<p>Planche au choix du menuisier \u2013 fabriqu\u00e9e en \u00e9rable, en fr\u00eane ou en merisier<\/p>","protected":false},"excerpt":{"rendered":"<p>All Players must attempt to complete the 14 contracts in order of how they are listed on your playing board. A player may only complete one contract per round. The [&hellip;]<\/p>\n","protected":false},"featured_media":1241,"template":"","meta":{"_acf_changed":false},"product_brand":[],"product_cat":[62],"product_tag":[],"class_list":{"0":"post-967","1":"product","2":"type-product","3":"status-publish","4":"has-post-thumbnail","6":"product_cat-frustration-rummy","8":"first","9":"instock","10":"taxable","11":"shipping-taxable","12":"purchasable","13":"product-type-simple"},"acf":[],"yoast_head":"<!-- This site is optimized with the Yoast SEO plugin v27.4 - https:\/\/yoast.com\/product\/yoast-seo-wordpress\/ -->\n<title>Frustration Rummy (English) - Denis Guertin \u00c9b\u00e9niste<\/title>\n<meta name=\"description\" content=\"Frustration Rummy (English)\" \/>\n<meta name=\"robots\" content=\"index, follow, max-snippet:-1, max-image-preview:large, max-video-preview:-1\" \/>\n<link rel=\"canonical\" href=\"https:\/\/denisguertinebeniste.com\/fr\/boutique\/rami-de-frustration\/frustration-rami-anglais\/\" \/>\n<meta property=\"og:locale\" content=\"fr_CA\" \/>\n<meta property=\"og:type\" content=\"article\" \/>\n<meta property=\"og:title\" content=\"Frustration Rummy (English) - Denis Guertin \u00c9b\u00e9niste\" \/>\n<meta property=\"og:description\" content=\"Frustration Rummy (English)\" \/>\n<meta property=\"og:url\" content=\"https:\/\/denisguertinebeniste.com\/fr\/boutique\/rami-de-frustration\/frustration-rami-anglais\/\" \/>\n<meta property=\"og:site_name\" content=\"Denis Guertin \u00c9b\u00e9niste\" \/>\n<meta property=\"article:publisher\" content=\"https:\/\/www.facebook.com\/Denis-Guertin-bniste-108733347315125\" \/>\n<meta property=\"article:modified_time\" content=\"2026-02-05T17:20:36+00:00\" \/>\n<meta property=\"og:image\" content=\"https:\/\/denisguertinebeniste.com\/wp-content\/uploads\/2024\/08\/IMG_5317-scaled.jpg\" \/>\n\t<meta property=\"og:image:width\" content=\"1707\" \/>\n\t<meta property=\"og:image:height\" content=\"2560\" \/>\n\t<meta property=\"og:image:type\" content=\"image\/jpeg\" \/>\n<meta name=\"twitter:card\" content=\"summary_large_image\" \/>\n<meta name=\"twitter:label1\" content=\"Estimation du temps de lecture\" \/>\n\t<meta name=\"twitter:data1\" content=\"1 minute\" \/>\n<script type=\"application\/ld+json\" class=\"yoast-schema-graph\">{\"@context\":\"https:\\\/\\\/schema.org\",\"@graph\":[{\"@type\":\"WebPage\",\"@id\":\"https:\\\/\\\/denisguertinebeniste.com\\\/shop\\\/frustration-rummy\\\/frustration-rummy-emglish\\\/\",\"url\":\"https:\\\/\\\/denisguertinebeniste.com\\\/shop\\\/frustration-rummy\\\/frustration-rummy-emglish\\\/\",\"name\":\"Frustration Rummy (English) - Denis Guertin \u00c9b\u00e9niste\",\"isPartOf\":{\"@id\":\"https:\\\/\\\/denisguertinebeniste.com\\\/#website\"},\"primaryImageOfPage\":{\"@id\":\"https:\\\/\\\/denisguertinebeniste.com\\\/shop\\\/frustration-rummy\\\/frustration-rummy-emglish\\\/#primaryimage\"},\"image\":{\"@id\":\"https:\\\/\\\/denisguertinebeniste.com\\\/shop\\\/frustration-rummy\\\/frustration-rummy-emglish\\\/#primaryimage\"},\"thumbnailUrl\":\"https:\\\/\\\/denisguertinebeniste.com\\\/wp-content\\\/uploads\\\/2024\\\/08\\\/IMG_5317-scaled.jpg\",\"datePublished\":\"2024-08-23T16:37:50+00:00\",\"dateModified\":\"2026-02-05T17:20:36+00:00\",\"description\":\"Frustration Rummy (English)\",\"breadcrumb\":{\"@id\":\"https:\\\/\\\/denisguertinebeniste.com\\\/shop\\\/frustration-rummy\\\/frustration-rummy-emglish\\\/#breadcrumb\"},\"inLanguage\":\"fr-CA\",\"potentialAction\":[{\"@type\":\"ReadAction\",\"target\":[\"https:\\\/\\\/denisguertinebeniste.com\\\/shop\\\/frustration-rummy\\\/frustration-rummy-emglish\\\/\"]}]},{\"@type\":\"ImageObject\",\"inLanguage\":\"fr-CA\",\"@id\":\"https:\\\/\\\/denisguertinebeniste.com\\\/shop\\\/frustration-rummy\\\/frustration-rummy-emglish\\\/#primaryimage\",\"url\":\"https:\\\/\\\/denisguertinebeniste.com\\\/wp-content\\\/uploads\\\/2024\\\/08\\\/IMG_5317-scaled.jpg\",\"contentUrl\":\"https:\\\/\\\/denisguertinebeniste.com\\\/wp-content\\\/uploads\\\/2024\\\/08\\\/IMG_5317-scaled.jpg\",\"width\":1707,\"height\":2560},{\"@type\":\"BreadcrumbList\",\"@id\":\"https:\\\/\\\/denisguertinebeniste.com\\\/shop\\\/frustration-rummy\\\/frustration-rummy-emglish\\\/#breadcrumb\",\"itemListElement\":[{\"@type\":\"ListItem\",\"position\":1,\"name\":\"Home\",\"item\":\"https:\\\/\\\/denisguertinebeniste.com\\\/\"},{\"@type\":\"ListItem\",\"position\":2,\"name\":\"Shop\",\"item\":\"https:\\\/\\\/denisguertinebeniste.com\\\/shop\\\/\"},{\"@type\":\"ListItem\",\"position\":3,\"name\":\"Frustration Rummy (English)\"}]},{\"@type\":\"WebSite\",\"@id\":\"https:\\\/\\\/denisguertinebeniste.com\\\/#website\",\"url\":\"https:\\\/\\\/denisguertinebeniste.com\\\/\",\"name\":\"Denis Guertin \u00c9b\u00e9niste\",\"description\":\"\",\"publisher\":{\"@id\":\"https:\\\/\\\/denisguertinebeniste.com\\\/#organization\"},\"potentialAction\":[{\"@type\":\"SearchAction\",\"target\":{\"@type\":\"EntryPoint\",\"urlTemplate\":\"https:\\\/\\\/denisguertinebeniste.com\\\/?s={search_term_string}\"},\"query-input\":{\"@type\":\"PropertyValueSpecification\",\"valueRequired\":true,\"valueName\":\"search_term_string\"}}],\"inLanguage\":\"fr-CA\"},{\"@type\":\"Organization\",\"@id\":\"https:\\\/\\\/denisguertinebeniste.com\\\/#organization\",\"name\":\"Denis Guertin \u00c9b\u00e9niste\",\"url\":\"https:\\\/\\\/denisguertinebeniste.com\\\/\",\"logo\":{\"@type\":\"ImageObject\",\"inLanguage\":\"fr-CA\",\"@id\":\"https:\\\/\\\/denisguertinebeniste.com\\\/#\\\/schema\\\/logo\\\/image\\\/\",\"url\":\"https:\\\/\\\/denisguertinebeniste.com\\\/wp-content\\\/uploads\\\/2024\\\/03\\\/logo-DG.webp\",\"contentUrl\":\"https:\\\/\\\/denisguertinebeniste.com\\\/wp-content\\\/uploads\\\/2024\\\/03\\\/logo-DG.webp\",\"width\":300,\"height\":264,\"caption\":\"Denis Guertin \u00c9b\u00e9niste\"},\"image\":{\"@id\":\"https:\\\/\\\/denisguertinebeniste.com\\\/#\\\/schema\\\/logo\\\/image\\\/\"},\"sameAs\":[\"https:\\\/\\\/www.facebook.com\\\/Denis-Guertin-bniste-108733347315125\",\"https:\\\/\\\/www.instagram.com\\\/denisguertin_ebeniste\\\/\"]}]}<\/script>\n<!-- \/ Yoast SEO plugin. -->","yoast_head_json":{"title":"Frustration Rami (anglais) - Denis Guertin \u00c9b\u00e9niste","description":"Rami de la frustration (anglais)","robots":{"index":"index","follow":"follow","max-snippet":"max-snippet:-1","max-image-preview":"max-image-preview:large","max-video-preview":"max-video-preview:-1"},"canonical":"https:\/\/denisguertinebeniste.com\/fr\/boutique\/rami-de-frustration\/frustration-rami-anglais\/","og_locale":"fr_CA","og_type":"article","og_title":"Frustration Rummy (English) - Denis Guertin \u00c9b\u00e9niste","og_description":"Frustration Rummy (English)","og_url":"https:\/\/denisguertinebeniste.com\/fr\/boutique\/rami-de-frustration\/frustration-rami-anglais\/","og_site_name":"Denis Guertin \u00c9b\u00e9niste","article_publisher":"https:\/\/www.facebook.com\/Denis-Guertin-bniste-108733347315125","article_modified_time":"2026-02-05T17:20:36+00:00","og_image":[{"width":1707,"height":2560,"url":"https:\/\/denisguertinebeniste.com\/wp-content\/uploads\/2024\/08\/IMG_5317-scaled.jpg","type":"image\/jpeg"}],"twitter_card":"summary_large_image","twitter_misc":{"Estimation du temps de lecture":"1 minute"},"schema":{"@context":"https:\/\/schema.org","@graph":[{"@type":"WebPage","@id":"https:\/\/denisguertinebeniste.com\/shop\/frustration-rummy\/frustration-rummy-emglish\/","url":"https:\/\/denisguertinebeniste.com\/shop\/frustration-rummy\/frustration-rummy-emglish\/","name":"Frustration Rami (anglais) - Denis Guertin \u00c9b\u00e9niste","isPartOf":{"@id":"https:\/\/denisguertinebeniste.com\/#website"},"primaryImageOfPage":{"@id":"https:\/\/denisguertinebeniste.com\/shop\/frustration-rummy\/frustration-rummy-emglish\/#primaryimage"},"image":{"@id":"https:\/\/denisguertinebeniste.com\/shop\/frustration-rummy\/frustration-rummy-emglish\/#primaryimage"},"thumbnailUrl":"https:\/\/denisguertinebeniste.com\/wp-content\/uploads\/2024\/08\/IMG_5317-scaled.jpg","datePublished":"2024-08-23T16:37:50+00:00","dateModified":"2026-02-05T17:20:36+00:00","description":"Rami de la frustration (anglais)","breadcrumb":{"@id":"https:\/\/denisguertinebeniste.com\/shop\/frustration-rummy\/frustration-rummy-emglish\/#breadcrumb"},"inLanguage":"fr-CA","potentialAction":[{"@type":"ReadAction","target":["https:\/\/denisguertinebeniste.com\/shop\/frustration-rummy\/frustration-rummy-emglish\/"]}]},{"@type":"ImageObject","inLanguage":"fr-CA","@id":"https:\/\/denisguertinebeniste.com\/shop\/frustration-rummy\/frustration-rummy-emglish\/#primaryimage","url":"https:\/\/denisguertinebeniste.com\/wp-content\/uploads\/2024\/08\/IMG_5317-scaled.jpg","contentUrl":"https:\/\/denisguertinebeniste.com\/wp-content\/uploads\/2024\/08\/IMG_5317-scaled.jpg","width":1707,"height":2560},{"@type":"BreadcrumbList","@id":"https:\/\/denisguertinebeniste.com\/shop\/frustration-rummy\/frustration-rummy-emglish\/#breadcrumb","itemListElement":[{"@type":"ListItem","position":1,"name":"Home","item":"https:\/\/denisguertinebeniste.com\/"},{"@type":"ListItem","position":2,"name":"Shop","item":"https:\/\/denisguertinebeniste.com\/shop\/"},{"@type":"ListItem","position":3,"name":"Frustration Rummy (English)"}]},{"@type":"WebSite","@id":"https:\/\/denisguertinebeniste.com\/#website","url":"https:\/\/denisguertinebeniste.com\/","name":"Denis Guertin \u00c9b\u00e9niste","description":"","publisher":{"@id":"https:\/\/denisguertinebeniste.com\/#organization"},"potentialAction":[{"@type":"SearchAction","target":{"@type":"EntryPoint","urlTemplate":"https:\/\/denisguertinebeniste.com\/?s={search_term_string}"},"query-input":{"@type":"PropertyValueSpecification","valueRequired":true,"valueName":"search_term_string"}}],"inLanguage":"fr-CA"},{"@type":"Organization","@id":"https:\/\/denisguertinebeniste.com\/#organization","name":"Denis Guertin \u00c9b\u00e9niste","url":"https:\/\/denisguertinebeniste.com\/","logo":{"@type":"ImageObject","inLanguage":"fr-CA","@id":"https:\/\/denisguertinebeniste.com\/#\/schema\/logo\/image\/","url":"https:\/\/denisguertinebeniste.com\/wp-content\/uploads\/2024\/03\/logo-DG.webp","contentUrl":"https:\/\/denisguertinebeniste.com\/wp-content\/uploads\/2024\/03\/logo-DG.webp","width":300,"height":264,"caption":"Denis Guertin \u00c9b\u00e9niste"},"image":{"@id":"https:\/\/denisguertinebeniste.com\/#\/schema\/logo\/image\/"},"sameAs":["https:\/\/www.facebook.com\/Denis-Guertin-bniste-108733347315125","https:\/\/www.instagram.com\/denisguertin_ebeniste\/"]}]}},"jetpack_sharing_enabled":true,"_links":{"self":[{"href":"https:\/\/denisguertinebeniste.com\/fr\/wp-json\/wp\/v2\/product\/967","targetHints":{"allow":["GET"]}}],"collection":[{"href":"https:\/\/denisguertinebeniste.com\/fr\/wp-json\/wp\/v2\/product"}],"about":[{"href":"https:\/\/denisguertinebeniste.com\/fr\/wp-json\/wp\/v2\/types\/product"}],"wp:featuredmedia":[{"embeddable":true,"href":"https:\/\/denisguertinebeniste.com\/fr\/wp-json\/wp\/v2\/media\/1241"}],"wp:attachment":[{"href":"https:\/\/denisguertinebeniste.com\/fr\/wp-json\/wp\/v2\/media?parent=967"}],"wp:term":[{"taxonomy":"product_brand","embeddable":true,"href":"https:\/\/denisguertinebeniste.com\/fr\/wp-json\/wp\/v2\/product_brand?post=967"},{"taxonomy":"product_cat","embeddable":true,"href":"https:\/\/denisguertinebeniste.com\/fr\/wp-json\/wp\/v2\/product_cat?post=967"},{"taxonomy":"product_tag","embeddable":true,"href":"https:\/\/denisguertinebeniste.com\/fr\/wp-json\/wp\/v2\/product_tag?post=967"}],"curies":[{"name":"wp","href":"https:\/\/api.w.org\/{rel}","templated":true}]}}