{"id":562,"date":"2024-03-15T19:05:50","date_gmt":"2024-03-15T23:05:50","guid":{"rendered":"https:\/\/denisguertinebeniste.com\/?post_type=product&#038;p=562"},"modified":"2024-03-23T14:48:32","modified_gmt":"2024-03-23T18:48:32","slug":"piquets-de-cribbage-1-8-x-1-1-4","status":"publish","type":"product","link":"https:\/\/denisguertinebeniste.com\/fr\/shop\/cribbage-boards\/cribbage-pegs-1-8-x-1-1-4\/","title":{"rendered":"Chevilles de cribbage 1\/8\u2033 x 1 1\/4\u2033"},"content":{"rendered":"<p>Les chevilles de remplacement s&#039;adaptent aux planches standard, elles sont coniques pour des trous de 1\/8\u2033 et mesurent 1 1\\4\u2033 de long.<\/p>\n<p>Ils viennent \u00e0 l'unit\u00e9, alors commandez-en autant que vous en avez besoin dans votre couleur favorite.<\/p>","protected":false},"excerpt":{"rendered":"<p>The replacement pegs fit standard boards, they are tapered for 1\/8&#8243; holes and mesuring 1 1\\4&#8243; long. They come as singles so order as many as you need in your [&hellip;]<\/p>\n","protected":false},"featured_media":563,"template":"","meta":{"_acf_changed":false},"product_brand":[],"product_cat":[29],"product_tag":[],"class_list":{"0":"post-562","1":"product","2":"type-product","3":"status-publish","4":"has-post-thumbnail","6":"product_cat-cribbage-boards","8":"first","9":"instock","10":"taxable","11":"shipping-taxable","12":"purchasable","13":"product-type-variable"},"acf":[],"yoast_head":"<!-- This site is optimized with the Yoast SEO plugin v27.5 - https:\/\/yoast.com\/product\/yoast-seo-wordpress\/ -->\n<title>Cribbage Pegs 1\/8&quot; x 1 1\/4&quot; - Denis Guertin \u00c9b\u00e9niste<\/title>\n<meta name=\"description\" content=\"Cribbage Pegs 1\/8&quot; x 1 1\/4&quot;\" \/>\n<meta name=\"robots\" content=\"index, follow, max-snippet:-1, max-image-preview:large, max-video-preview:-1\" \/>\n<link rel=\"canonical\" href=\"https:\/\/denisguertinebeniste.com\/fr\/boutique\/planches-de-cribbage\/piquets-de-cribbage-1-8-x-1-1-4\/\" \/>\n<meta property=\"og:locale\" content=\"fr_CA\" \/>\n<meta property=\"og:type\" content=\"article\" \/>\n<meta property=\"og:title\" content=\"Cribbage Pegs 1\/8&quot; x 1 1\/4&quot; - Denis Guertin \u00c9b\u00e9niste\" \/>\n<meta property=\"og:description\" content=\"Cribbage Pegs 1\/8&quot; x 1 1\/4&quot;\" \/>\n<meta property=\"og:url\" content=\"https:\/\/denisguertinebeniste.com\/fr\/boutique\/planches-de-cribbage\/piquets-de-cribbage-1-8-x-1-1-4\/\" \/>\n<meta property=\"og:site_name\" content=\"Denis Guertin \u00c9b\u00e9niste\" \/>\n<meta property=\"article:publisher\" content=\"https:\/\/www.facebook.com\/Denis-Guertin-bniste-108733347315125\" \/>\n<meta property=\"article:modified_time\" content=\"2024-03-23T18:48:32+00:00\" \/>\n<meta property=\"og:image\" content=\"https:\/\/denisguertinebeniste.com\/wp-content\/uploads\/2024\/03\/Cribbage-pegs.png\" \/>\n\t<meta property=\"og:image:width\" content=\"748\" \/>\n\t<meta property=\"og:image:height\" content=\"691\" \/>\n\t<meta property=\"og:image:type\" content=\"image\/png\" \/>\n<meta name=\"twitter:card\" content=\"summary_large_image\" \/>\n<meta name=\"twitter:label1\" content=\"Estimation du temps de lecture\" \/>\n\t<meta name=\"twitter:data1\" content=\"1 minute\" \/>\n<script type=\"application\/ld+json\" class=\"yoast-schema-graph\">{\"@context\":\"https:\\\/\\\/schema.org\",\"@graph\":[{\"@type\":\"WebPage\",\"@id\":\"https:\\\/\\\/denisguertinebeniste.com\\\/shop\\\/cribbage-boards\\\/cribbage-pegs-1-8-x-1-1-4\\\/\",\"url\":\"https:\\\/\\\/denisguertinebeniste.com\\\/shop\\\/cribbage-boards\\\/cribbage-pegs-1-8-x-1-1-4\\\/\",\"name\":\"Cribbage Pegs 1\\\/8\\\" x 1 1\\\/4\\\" - Denis Guertin \u00c9b\u00e9niste\",\"isPartOf\":{\"@id\":\"https:\\\/\\\/denisguertinebeniste.com\\\/#website\"},\"primaryImageOfPage\":{\"@id\":\"https:\\\/\\\/denisguertinebeniste.com\\\/shop\\\/cribbage-boards\\\/cribbage-pegs-1-8-x-1-1-4\\\/#primaryimage\"},\"image\":{\"@id\":\"https:\\\/\\\/denisguertinebeniste.com\\\/shop\\\/cribbage-boards\\\/cribbage-pegs-1-8-x-1-1-4\\\/#primaryimage\"},\"thumbnailUrl\":\"https:\\\/\\\/denisguertinebeniste.com\\\/wp-content\\\/uploads\\\/2024\\\/03\\\/Cribbage-pegs.png\",\"datePublished\":\"2024-03-15T23:05:50+00:00\",\"dateModified\":\"2024-03-23T18:48:32+00:00\",\"description\":\"Cribbage Pegs 1\\\/8\\\" x 1 1\\\/4\\\"\",\"breadcrumb\":{\"@id\":\"https:\\\/\\\/denisguertinebeniste.com\\\/shop\\\/cribbage-boards\\\/cribbage-pegs-1-8-x-1-1-4\\\/#breadcrumb\"},\"inLanguage\":\"fr-CA\",\"potentialAction\":[{\"@type\":\"ReadAction\",\"target\":[\"https:\\\/\\\/denisguertinebeniste.com\\\/shop\\\/cribbage-boards\\\/cribbage-pegs-1-8-x-1-1-4\\\/\"]}]},{\"@type\":\"ImageObject\",\"inLanguage\":\"fr-CA\",\"@id\":\"https:\\\/\\\/denisguertinebeniste.com\\\/shop\\\/cribbage-boards\\\/cribbage-pegs-1-8-x-1-1-4\\\/#primaryimage\",\"url\":\"https:\\\/\\\/denisguertinebeniste.com\\\/wp-content\\\/uploads\\\/2024\\\/03\\\/Cribbage-pegs.png\",\"contentUrl\":\"https:\\\/\\\/denisguertinebeniste.com\\\/wp-content\\\/uploads\\\/2024\\\/03\\\/Cribbage-pegs.png\",\"width\":748,\"height\":691},{\"@type\":\"BreadcrumbList\",\"@id\":\"https:\\\/\\\/denisguertinebeniste.com\\\/shop\\\/cribbage-boards\\\/cribbage-pegs-1-8-x-1-1-4\\\/#breadcrumb\",\"itemListElement\":[{\"@type\":\"ListItem\",\"position\":1,\"name\":\"Home\",\"item\":\"https:\\\/\\\/denisguertinebeniste.com\\\/\"},{\"@type\":\"ListItem\",\"position\":2,\"name\":\"Shop\",\"item\":\"https:\\\/\\\/denisguertinebeniste.com\\\/shop\\\/\"},{\"@type\":\"ListItem\",\"position\":3,\"name\":\"Cribbage Pegs 1\\\/8&#8243; x 1 1\\\/4&#8243;\"}]},{\"@type\":\"WebSite\",\"@id\":\"https:\\\/\\\/denisguertinebeniste.com\\\/#website\",\"url\":\"https:\\\/\\\/denisguertinebeniste.com\\\/\",\"name\":\"Denis Guertin \u00c9b\u00e9niste\",\"description\":\"\",\"publisher\":{\"@id\":\"https:\\\/\\\/denisguertinebeniste.com\\\/#organization\"},\"potentialAction\":[{\"@type\":\"SearchAction\",\"target\":{\"@type\":\"EntryPoint\",\"urlTemplate\":\"https:\\\/\\\/denisguertinebeniste.com\\\/?s={search_term_string}\"},\"query-input\":{\"@type\":\"PropertyValueSpecification\",\"valueRequired\":true,\"valueName\":\"search_term_string\"}}],\"inLanguage\":\"fr-CA\"},{\"@type\":\"Organization\",\"@id\":\"https:\\\/\\\/denisguertinebeniste.com\\\/#organization\",\"name\":\"Denis Guertin \u00c9b\u00e9niste\",\"url\":\"https:\\\/\\\/denisguertinebeniste.com\\\/\",\"logo\":{\"@type\":\"ImageObject\",\"inLanguage\":\"fr-CA\",\"@id\":\"https:\\\/\\\/denisguertinebeniste.com\\\/#\\\/schema\\\/logo\\\/image\\\/\",\"url\":\"https:\\\/\\\/denisguertinebeniste.com\\\/wp-content\\\/uploads\\\/2024\\\/03\\\/logo-DG.webp\",\"contentUrl\":\"https:\\\/\\\/denisguertinebeniste.com\\\/wp-content\\\/uploads\\\/2024\\\/03\\\/logo-DG.webp\",\"width\":300,\"height\":264,\"caption\":\"Denis Guertin \u00c9b\u00e9niste\"},\"image\":{\"@id\":\"https:\\\/\\\/denisguertinebeniste.com\\\/#\\\/schema\\\/logo\\\/image\\\/\"},\"sameAs\":[\"https:\\\/\\\/www.facebook.com\\\/Denis-Guertin-bniste-108733347315125\",\"https:\\\/\\\/www.instagram.com\\\/denisguertin_ebeniste\\\/\"]}]}<\/script>\n<!-- \/ Yoast SEO plugin. -->","yoast_head_json":{"title":"Pinces \u00e0 cribbage 1\/8&quot; x 1 1\/4&quot; - Denis Guertin \u00c9b\u00e9niste","description":"Pinces \u00e0 cribbage 1\/8&quot; x 1 1\/4&quot;","robots":{"index":"index","follow":"follow","max-snippet":"max-snippet:-1","max-image-preview":"max-image-preview:large","max-video-preview":"max-video-preview:-1"},"canonical":"https:\/\/denisguertinebeniste.com\/fr\/boutique\/planches-de-cribbage\/piquets-de-cribbage-1-8-x-1-1-4\/","og_locale":"fr_CA","og_type":"article","og_title":"Cribbage Pegs 1\/8\" x 1 1\/4\" - Denis Guertin \u00c9b\u00e9niste","og_description":"Cribbage Pegs 1\/8\" x 1 1\/4\"","og_url":"https:\/\/denisguertinebeniste.com\/fr\/boutique\/planches-de-cribbage\/piquets-de-cribbage-1-8-x-1-1-4\/","og_site_name":"Denis Guertin \u00c9b\u00e9niste","article_publisher":"https:\/\/www.facebook.com\/Denis-Guertin-bniste-108733347315125","article_modified_time":"2024-03-23T18:48:32+00:00","og_image":[{"width":748,"height":691,"url":"https:\/\/denisguertinebeniste.com\/wp-content\/uploads\/2024\/03\/Cribbage-pegs.png","type":"image\/png"}],"twitter_card":"summary_large_image","twitter_misc":{"Estimation du temps de lecture":"1 minute"},"schema":{"@context":"https:\/\/schema.org","@graph":[{"@type":"WebPage","@id":"https:\/\/denisguertinebeniste.com\/shop\/cribbage-boards\/cribbage-pegs-1-8-x-1-1-4\/","url":"https:\/\/denisguertinebeniste.com\/shop\/cribbage-boards\/cribbage-pegs-1-8-x-1-1-4\/","name":"Pinces \u00e0 cribbage 1\/8&quot; x 1 1\/4&quot; - Denis Guertin \u00c9b\u00e9niste","isPartOf":{"@id":"https:\/\/denisguertinebeniste.com\/#website"},"primaryImageOfPage":{"@id":"https:\/\/denisguertinebeniste.com\/shop\/cribbage-boards\/cribbage-pegs-1-8-x-1-1-4\/#primaryimage"},"image":{"@id":"https:\/\/denisguertinebeniste.com\/shop\/cribbage-boards\/cribbage-pegs-1-8-x-1-1-4\/#primaryimage"},"thumbnailUrl":"https:\/\/denisguertinebeniste.com\/wp-content\/uploads\/2024\/03\/Cribbage-pegs.png","datePublished":"2024-03-15T23:05:50+00:00","dateModified":"2024-03-23T18:48:32+00:00","description":"Pinces \u00e0 cribbage 1\/8&quot; x 1 1\/4&quot;","breadcrumb":{"@id":"https:\/\/denisguertinebeniste.com\/shop\/cribbage-boards\/cribbage-pegs-1-8-x-1-1-4\/#breadcrumb"},"inLanguage":"fr-CA","potentialAction":[{"@type":"ReadAction","target":["https:\/\/denisguertinebeniste.com\/shop\/cribbage-boards\/cribbage-pegs-1-8-x-1-1-4\/"]}]},{"@type":"ImageObject","inLanguage":"fr-CA","@id":"https:\/\/denisguertinebeniste.com\/shop\/cribbage-boards\/cribbage-pegs-1-8-x-1-1-4\/#primaryimage","url":"https:\/\/denisguertinebeniste.com\/wp-content\/uploads\/2024\/03\/Cribbage-pegs.png","contentUrl":"https:\/\/denisguertinebeniste.com\/wp-content\/uploads\/2024\/03\/Cribbage-pegs.png","width":748,"height":691},{"@type":"BreadcrumbList","@id":"https:\/\/denisguertinebeniste.com\/shop\/cribbage-boards\/cribbage-pegs-1-8-x-1-1-4\/#breadcrumb","itemListElement":[{"@type":"ListItem","position":1,"name":"Home","item":"https:\/\/denisguertinebeniste.com\/"},{"@type":"ListItem","position":2,"name":"Shop","item":"https:\/\/denisguertinebeniste.com\/shop\/"},{"@type":"ListItem","position":3,"name":"Cribbage Pegs 1\/8&#8243; x 1 1\/4&#8243;"}]},{"@type":"WebSite","@id":"https:\/\/denisguertinebeniste.com\/#website","url":"https:\/\/denisguertinebeniste.com\/","name":"Denis Guertin \u00c9b\u00e9niste","description":"","publisher":{"@id":"https:\/\/denisguertinebeniste.com\/#organization"},"potentialAction":[{"@type":"SearchAction","target":{"@type":"EntryPoint","urlTemplate":"https:\/\/denisguertinebeniste.com\/?s={search_term_string}"},"query-input":{"@type":"PropertyValueSpecification","valueRequired":true,"valueName":"search_term_string"}}],"inLanguage":"fr-CA"},{"@type":"Organization","@id":"https:\/\/denisguertinebeniste.com\/#organization","name":"Denis Guertin \u00c9b\u00e9niste","url":"https:\/\/denisguertinebeniste.com\/","logo":{"@type":"ImageObject","inLanguage":"fr-CA","@id":"https:\/\/denisguertinebeniste.com\/#\/schema\/logo\/image\/","url":"https:\/\/denisguertinebeniste.com\/wp-content\/uploads\/2024\/03\/logo-DG.webp","contentUrl":"https:\/\/denisguertinebeniste.com\/wp-content\/uploads\/2024\/03\/logo-DG.webp","width":300,"height":264,"caption":"Denis Guertin \u00c9b\u00e9niste"},"image":{"@id":"https:\/\/denisguertinebeniste.com\/#\/schema\/logo\/image\/"},"sameAs":["https:\/\/www.facebook.com\/Denis-Guertin-bniste-108733347315125","https:\/\/www.instagram.com\/denisguertin_ebeniste\/"]}]}},"jetpack_sharing_enabled":true,"_links":{"self":[{"href":"https:\/\/denisguertinebeniste.com\/fr\/wp-json\/wp\/v2\/product\/562","targetHints":{"allow":["GET"]}}],"collection":[{"href":"https:\/\/denisguertinebeniste.com\/fr\/wp-json\/wp\/v2\/product"}],"about":[{"href":"https:\/\/denisguertinebeniste.com\/fr\/wp-json\/wp\/v2\/types\/product"}],"wp:featuredmedia":[{"embeddable":true,"href":"https:\/\/denisguertinebeniste.com\/fr\/wp-json\/wp\/v2\/media\/563"}],"wp:attachment":[{"href":"https:\/\/denisguertinebeniste.com\/fr\/wp-json\/wp\/v2\/media?parent=562"}],"wp:term":[{"taxonomy":"product_brand","embeddable":true,"href":"https:\/\/denisguertinebeniste.com\/fr\/wp-json\/wp\/v2\/product_brand?post=562"},{"taxonomy":"product_cat","embeddable":true,"href":"https:\/\/denisguertinebeniste.com\/fr\/wp-json\/wp\/v2\/product_cat?post=562"},{"taxonomy":"product_tag","embeddable":true,"href":"https:\/\/denisguertinebeniste.com\/fr\/wp-json\/wp\/v2\/product_tag?post=562"}],"curies":[{"name":"wp","href":"https:\/\/api.w.org\/{rel}","templated":true}]}}