{"id":368,"date":"2024-03-03T10:31:29","date_gmt":"2024-03-03T15:31:29","guid":{"rendered":"https:\/\/denisguertinebeniste.com\/?post_type=product&#038;p=368"},"modified":"2024-03-09T12:46:07","modified_gmt":"2024-03-09T17:46:07","slug":"la-disparition-de-la-race","status":"publish","type":"product","link":"https:\/\/denisguertinebeniste.com\/fr\/shop\/wooden-games\/the-race-disappearance\/","title":{"rendered":"Course \/ Disparition"},"content":{"rendered":"<p><strong><em>La course:<\/em><\/strong> chaque joueur lance un d\u00e9, celui avec le chiffre le plus \u00e9lev\u00e9 commence \u00e0 la position 1, pour avancer jusqu&#039;\u00e0 la position 2 il faut lancer un 2. Chaque joueur lance \u00e0 tour de r\u00f4le les d\u00e9s jusqu&#039;\u00e0 ce que l&#039;un d&#039;eux lance le chiffre n\u00e9cessaire. Le joueur qui r\u00e9ussit passe au num\u00e9ro suivant. L&#039;autre continue jusqu&#039;\u00e0 ce qu&#039;il r\u00e9ussisse \u00e0 son tour. Le gagnant est le premier qui arrive \u00e0 12.<\/p>\n<p><strong><em>Disparition:<\/em><\/strong> Placez un tee dans chacun des 24 trous. Lancez les d\u00e9s \u00e0 tour de r\u00f4le. Retirez les tees repr\u00e9sentant le num\u00e9ro sur les d\u00e9s (par exemple vous lancez un 7 vous pouvez ensuite retirer les tees 1 et 6, 2 et 5 ou le 3 et 4). Le premier \u00e0 retirer tous ses tees est le GAGNANT. Vous pouvez \u00e9galement commencer avec une assiette de jeu vide et la remplir.<\/p>\n<p>2 joueurs \/ 10-15 minutes<\/p>\n<h3>Le jeu comprend un plateau de jeu, 2 s\u00e9ries de 12 tees de m\u00eame couleur, 2 d\u00e9s \u00e0 12 faces, une feuille de r\u00e8gles et un sac de transport.<\/h3>","protected":false},"excerpt":{"rendered":"<p>The race: each player rolls a dice, the one with the highest number starts at position 1, to advance to position 2 you have to roll a 2. Each player [&hellip;]<\/p>\n","protected":false},"featured_media":369,"template":"","meta":{"_acf_changed":false},"product_brand":[],"product_cat":[25],"product_tag":[],"class_list":{"0":"post-368","1":"product","2":"type-product","3":"status-publish","4":"has-post-thumbnail","6":"product_cat-wooden-games","8":"first","9":"instock","10":"taxable","11":"shipping-taxable","12":"purchasable","13":"product-type-simple"},"acf":[],"yoast_head":"<!-- This site is optimized with the Yoast SEO plugin v27.4 - https:\/\/yoast.com\/product\/yoast-seo-wordpress\/ -->\n<title>Race \/ Disappearance - Denis Guertin \u00c9b\u00e9niste<\/title>\n<meta name=\"description\" content=\"Race \/ Disappearance\" \/>\n<meta name=\"robots\" content=\"index, follow, max-snippet:-1, max-image-preview:large, max-video-preview:-1\" \/>\n<link rel=\"canonical\" href=\"https:\/\/denisguertinebeniste.com\/fr\/boutique\/jeux-en-bois\/la-disparition-de-la-race\/\" \/>\n<meta property=\"og:locale\" content=\"fr_CA\" \/>\n<meta property=\"og:type\" content=\"article\" \/>\n<meta property=\"og:title\" content=\"Race \/ Disappearance - Denis Guertin \u00c9b\u00e9niste\" \/>\n<meta property=\"og:description\" content=\"Race \/ Disappearance\" \/>\n<meta property=\"og:url\" content=\"https:\/\/denisguertinebeniste.com\/fr\/boutique\/jeux-en-bois\/la-disparition-de-la-race\/\" \/>\n<meta property=\"og:site_name\" content=\"Denis Guertin \u00c9b\u00e9niste\" \/>\n<meta property=\"article:publisher\" content=\"https:\/\/www.facebook.com\/Denis-Guertin-bniste-108733347315125\" \/>\n<meta property=\"article:modified_time\" content=\"2024-03-09T17:46:07+00:00\" \/>\n<meta property=\"og:image\" content=\"https:\/\/denisguertinebeniste.com\/wp-content\/uploads\/2024\/03\/La-course-01-e1709792917635.jpg\" \/>\n\t<meta property=\"og:image:width\" content=\"480\" \/>\n\t<meta property=\"og:image:height\" content=\"480\" \/>\n\t<meta property=\"og:image:type\" content=\"image\/jpeg\" \/>\n<meta name=\"twitter:card\" content=\"summary_large_image\" \/>\n<meta name=\"twitter:label1\" content=\"Estimation du temps de lecture\" \/>\n\t<meta name=\"twitter:data1\" content=\"1 minute\" \/>\n<script type=\"application\/ld+json\" class=\"yoast-schema-graph\">{\"@context\":\"https:\\\/\\\/schema.org\",\"@graph\":[{\"@type\":\"WebPage\",\"@id\":\"https:\\\/\\\/denisguertinebeniste.com\\\/shop\\\/wooden-games\\\/the-race-disappearance\\\/\",\"url\":\"https:\\\/\\\/denisguertinebeniste.com\\\/shop\\\/wooden-games\\\/the-race-disappearance\\\/\",\"name\":\"Race \\\/ Disappearance - Denis Guertin \u00c9b\u00e9niste\",\"isPartOf\":{\"@id\":\"https:\\\/\\\/denisguertinebeniste.com\\\/#website\"},\"primaryImageOfPage\":{\"@id\":\"https:\\\/\\\/denisguertinebeniste.com\\\/shop\\\/wooden-games\\\/the-race-disappearance\\\/#primaryimage\"},\"image\":{\"@id\":\"https:\\\/\\\/denisguertinebeniste.com\\\/shop\\\/wooden-games\\\/the-race-disappearance\\\/#primaryimage\"},\"thumbnailUrl\":\"https:\\\/\\\/denisguertinebeniste.com\\\/wp-content\\\/uploads\\\/2024\\\/03\\\/La-course-01-e1709792917635.jpg\",\"datePublished\":\"2024-03-03T15:31:29+00:00\",\"dateModified\":\"2024-03-09T17:46:07+00:00\",\"description\":\"Race \\\/ Disappearance\",\"breadcrumb\":{\"@id\":\"https:\\\/\\\/denisguertinebeniste.com\\\/shop\\\/wooden-games\\\/the-race-disappearance\\\/#breadcrumb\"},\"inLanguage\":\"fr-CA\",\"potentialAction\":[{\"@type\":\"ReadAction\",\"target\":[\"https:\\\/\\\/denisguertinebeniste.com\\\/shop\\\/wooden-games\\\/the-race-disappearance\\\/\"]}]},{\"@type\":\"ImageObject\",\"inLanguage\":\"fr-CA\",\"@id\":\"https:\\\/\\\/denisguertinebeniste.com\\\/shop\\\/wooden-games\\\/the-race-disappearance\\\/#primaryimage\",\"url\":\"https:\\\/\\\/denisguertinebeniste.com\\\/wp-content\\\/uploads\\\/2024\\\/03\\\/La-course-01-e1709792917635.jpg\",\"contentUrl\":\"https:\\\/\\\/denisguertinebeniste.com\\\/wp-content\\\/uploads\\\/2024\\\/03\\\/La-course-01-e1709792917635.jpg\",\"width\":480,\"height\":480},{\"@type\":\"BreadcrumbList\",\"@id\":\"https:\\\/\\\/denisguertinebeniste.com\\\/shop\\\/wooden-games\\\/the-race-disappearance\\\/#breadcrumb\",\"itemListElement\":[{\"@type\":\"ListItem\",\"position\":1,\"name\":\"Home\",\"item\":\"https:\\\/\\\/denisguertinebeniste.com\\\/\"},{\"@type\":\"ListItem\",\"position\":2,\"name\":\"Shop\",\"item\":\"https:\\\/\\\/denisguertinebeniste.com\\\/shop\\\/\"},{\"@type\":\"ListItem\",\"position\":3,\"name\":\"Race \\\/ Disappearance\"}]},{\"@type\":\"WebSite\",\"@id\":\"https:\\\/\\\/denisguertinebeniste.com\\\/#website\",\"url\":\"https:\\\/\\\/denisguertinebeniste.com\\\/\",\"name\":\"Denis Guertin \u00c9b\u00e9niste\",\"description\":\"\",\"publisher\":{\"@id\":\"https:\\\/\\\/denisguertinebeniste.com\\\/#organization\"},\"potentialAction\":[{\"@type\":\"SearchAction\",\"target\":{\"@type\":\"EntryPoint\",\"urlTemplate\":\"https:\\\/\\\/denisguertinebeniste.com\\\/?s={search_term_string}\"},\"query-input\":{\"@type\":\"PropertyValueSpecification\",\"valueRequired\":true,\"valueName\":\"search_term_string\"}}],\"inLanguage\":\"fr-CA\"},{\"@type\":\"Organization\",\"@id\":\"https:\\\/\\\/denisguertinebeniste.com\\\/#organization\",\"name\":\"Denis Guertin \u00c9b\u00e9niste\",\"url\":\"https:\\\/\\\/denisguertinebeniste.com\\\/\",\"logo\":{\"@type\":\"ImageObject\",\"inLanguage\":\"fr-CA\",\"@id\":\"https:\\\/\\\/denisguertinebeniste.com\\\/#\\\/schema\\\/logo\\\/image\\\/\",\"url\":\"https:\\\/\\\/denisguertinebeniste.com\\\/wp-content\\\/uploads\\\/2024\\\/03\\\/logo-DG.webp\",\"contentUrl\":\"https:\\\/\\\/denisguertinebeniste.com\\\/wp-content\\\/uploads\\\/2024\\\/03\\\/logo-DG.webp\",\"width\":300,\"height\":264,\"caption\":\"Denis Guertin \u00c9b\u00e9niste\"},\"image\":{\"@id\":\"https:\\\/\\\/denisguertinebeniste.com\\\/#\\\/schema\\\/logo\\\/image\\\/\"},\"sameAs\":[\"https:\\\/\\\/www.facebook.com\\\/Denis-Guertin-bniste-108733347315125\",\"https:\\\/\\\/www.instagram.com\\\/denisguertin_ebeniste\\\/\"]}]}<\/script>\n<!-- \/ Yoast SEO plugin. -->","yoast_head_json":{"title":"Course \/ Disparition - Denis Guertin \u00c9b\u00e9niste","description":"Course \/ Disparition","robots":{"index":"index","follow":"follow","max-snippet":"max-snippet:-1","max-image-preview":"max-image-preview:large","max-video-preview":"max-video-preview:-1"},"canonical":"https:\/\/denisguertinebeniste.com\/fr\/boutique\/jeux-en-bois\/la-disparition-de-la-race\/","og_locale":"fr_CA","og_type":"article","og_title":"Race \/ Disappearance - Denis Guertin \u00c9b\u00e9niste","og_description":"Race \/ Disappearance","og_url":"https:\/\/denisguertinebeniste.com\/fr\/boutique\/jeux-en-bois\/la-disparition-de-la-race\/","og_site_name":"Denis Guertin \u00c9b\u00e9niste","article_publisher":"https:\/\/www.facebook.com\/Denis-Guertin-bniste-108733347315125","article_modified_time":"2024-03-09T17:46:07+00:00","og_image":[{"width":480,"height":480,"url":"https:\/\/denisguertinebeniste.com\/wp-content\/uploads\/2024\/03\/La-course-01-e1709792917635.jpg","type":"image\/jpeg"}],"twitter_card":"summary_large_image","twitter_misc":{"Estimation du temps de lecture":"1 minute"},"schema":{"@context":"https:\/\/schema.org","@graph":[{"@type":"WebPage","@id":"https:\/\/denisguertinebeniste.com\/shop\/wooden-games\/the-race-disappearance\/","url":"https:\/\/denisguertinebeniste.com\/shop\/wooden-games\/the-race-disappearance\/","name":"Course \/ Disparition - Denis Guertin \u00c9b\u00e9niste","isPartOf":{"@id":"https:\/\/denisguertinebeniste.com\/#website"},"primaryImageOfPage":{"@id":"https:\/\/denisguertinebeniste.com\/shop\/wooden-games\/the-race-disappearance\/#primaryimage"},"image":{"@id":"https:\/\/denisguertinebeniste.com\/shop\/wooden-games\/the-race-disappearance\/#primaryimage"},"thumbnailUrl":"https:\/\/denisguertinebeniste.com\/wp-content\/uploads\/2024\/03\/La-course-01-e1709792917635.jpg","datePublished":"2024-03-03T15:31:29+00:00","dateModified":"2024-03-09T17:46:07+00:00","description":"Course \/ Disparition","breadcrumb":{"@id":"https:\/\/denisguertinebeniste.com\/shop\/wooden-games\/the-race-disappearance\/#breadcrumb"},"inLanguage":"fr-CA","potentialAction":[{"@type":"ReadAction","target":["https:\/\/denisguertinebeniste.com\/shop\/wooden-games\/the-race-disappearance\/"]}]},{"@type":"ImageObject","inLanguage":"fr-CA","@id":"https:\/\/denisguertinebeniste.com\/shop\/wooden-games\/the-race-disappearance\/#primaryimage","url":"https:\/\/denisguertinebeniste.com\/wp-content\/uploads\/2024\/03\/La-course-01-e1709792917635.jpg","contentUrl":"https:\/\/denisguertinebeniste.com\/wp-content\/uploads\/2024\/03\/La-course-01-e1709792917635.jpg","width":480,"height":480},{"@type":"BreadcrumbList","@id":"https:\/\/denisguertinebeniste.com\/shop\/wooden-games\/the-race-disappearance\/#breadcrumb","itemListElement":[{"@type":"ListItem","position":1,"name":"Home","item":"https:\/\/denisguertinebeniste.com\/"},{"@type":"ListItem","position":2,"name":"Shop","item":"https:\/\/denisguertinebeniste.com\/shop\/"},{"@type":"ListItem","position":3,"name":"Race \/ Disappearance"}]},{"@type":"WebSite","@id":"https:\/\/denisguertinebeniste.com\/#website","url":"https:\/\/denisguertinebeniste.com\/","name":"Denis Guertin \u00c9b\u00e9niste","description":"","publisher":{"@id":"https:\/\/denisguertinebeniste.com\/#organization"},"potentialAction":[{"@type":"SearchAction","target":{"@type":"EntryPoint","urlTemplate":"https:\/\/denisguertinebeniste.com\/?s={search_term_string}"},"query-input":{"@type":"PropertyValueSpecification","valueRequired":true,"valueName":"search_term_string"}}],"inLanguage":"fr-CA"},{"@type":"Organization","@id":"https:\/\/denisguertinebeniste.com\/#organization","name":"Denis Guertin \u00c9b\u00e9niste","url":"https:\/\/denisguertinebeniste.com\/","logo":{"@type":"ImageObject","inLanguage":"fr-CA","@id":"https:\/\/denisguertinebeniste.com\/#\/schema\/logo\/image\/","url":"https:\/\/denisguertinebeniste.com\/wp-content\/uploads\/2024\/03\/logo-DG.webp","contentUrl":"https:\/\/denisguertinebeniste.com\/wp-content\/uploads\/2024\/03\/logo-DG.webp","width":300,"height":264,"caption":"Denis Guertin \u00c9b\u00e9niste"},"image":{"@id":"https:\/\/denisguertinebeniste.com\/#\/schema\/logo\/image\/"},"sameAs":["https:\/\/www.facebook.com\/Denis-Guertin-bniste-108733347315125","https:\/\/www.instagram.com\/denisguertin_ebeniste\/"]}]}},"jetpack_sharing_enabled":true,"_links":{"self":[{"href":"https:\/\/denisguertinebeniste.com\/fr\/wp-json\/wp\/v2\/product\/368","targetHints":{"allow":["GET"]}}],"collection":[{"href":"https:\/\/denisguertinebeniste.com\/fr\/wp-json\/wp\/v2\/product"}],"about":[{"href":"https:\/\/denisguertinebeniste.com\/fr\/wp-json\/wp\/v2\/types\/product"}],"wp:featuredmedia":[{"embeddable":true,"href":"https:\/\/denisguertinebeniste.com\/fr\/wp-json\/wp\/v2\/media\/369"}],"wp:attachment":[{"href":"https:\/\/denisguertinebeniste.com\/fr\/wp-json\/wp\/v2\/media?parent=368"}],"wp:term":[{"taxonomy":"product_brand","embeddable":true,"href":"https:\/\/denisguertinebeniste.com\/fr\/wp-json\/wp\/v2\/product_brand?post=368"},{"taxonomy":"product_cat","embeddable":true,"href":"https:\/\/denisguertinebeniste.com\/fr\/wp-json\/wp\/v2\/product_cat?post=368"},{"taxonomy":"product_tag","embeddable":true,"href":"https:\/\/denisguertinebeniste.com\/fr\/wp-json\/wp\/v2\/product_tag?post=368"}],"curies":[{"name":"wp","href":"https:\/\/api.w.org\/{rel}","templated":true}]}}