{"id":2002,"date":"2026-04-28T17:25:57","date_gmt":"2026-04-28T21:25:57","guid":{"rendered":"https:\/\/denisguertinebeniste.com\/?post_type=product&#038;p=2002"},"modified":"2026-04-29T07:40:35","modified_gmt":"2026-04-29T11:40:35","slug":"arbre-a-singes-en-equilibre","status":"publish","type":"product","link":"https:\/\/denisguertinebeniste.com\/fr\/shop\/balance-tree-2\/balance-monkey-tree\/","title":{"rendered":"Arbre \u00e0 singes en \u00e9quilibre"},"content":{"rendered":"<p>Ce jeu amusant convient \u00e0 tous. \u00c0 tour de r\u00f4le, essayez de faire tenir les singes en \u00e9quilibre au sommet de l&#039;arbre sans les faire tomber. Affrontez-vous pour voir qui les fera tomber, ou faites \u00e9quipe et voyez combien vous pouvez en empiler.<\/p>\n<p>Cr\u00e9ez votre propre mod\u00e8le en utilisant les couleurs disponibles et n&#039;h\u00e9sitez pas \u00e0 nous contacter si vous avez besoin d&#039;aide. Adapt\u00e9s aux personnes de 5 \u00e0 105 ans, nos produits offrent des heures de divertissement. Nous utilisons du PLA, un mat\u00e9riau biod\u00e9gradable \u00e0 base de ma\u00efs, fabriqu\u00e9 \u00e0 partir de canne \u00e0 sucre, de betteraves et d&#039;amidon de ma\u00efs, pour nos objets imprim\u00e9s en 3D. Ce mat\u00e9riau est recyclable dans des installations sp\u00e9cialis\u00e9es.<\/p>\n<p>Chaque pi\u00e8ce est imprim\u00e9e avec notre motif exclusif, ici m\u00eame dans notre atelier. Ce motif unique est disponible nulle part ailleurs.<\/p>\n<p>Mesurant 7 x 8 pouces, tous les singes ont le m\u00eame poids, quelle que soit leur couleur.<\/p>","protected":false},"excerpt":{"rendered":"<p>This entertaining game is suitable for everyone. Take turns trying to balance monkeys on top of the tree without making them fall. Compete to see who causes the monkeys to [&hellip;]<\/p>\n","protected":false},"featured_media":2031,"template":"","meta":{"_acf_changed":false},"product_brand":[],"product_cat":[71],"product_tag":[],"class_list":{"0":"post-2002","1":"product","2":"type-product","3":"status-publish","4":"has-post-thumbnail","6":"product_cat-balance-tree-2","8":"first","9":"instock","10":"taxable","11":"shipping-taxable","12":"purchasable","13":"product-type-simple"},"acf":[],"yoast_head":"<!-- This site is optimized with the Yoast SEO plugin v27.5 - https:\/\/yoast.com\/product\/yoast-seo-wordpress\/ -->\n<title>Balance Monkey Tree - Denis Guertin \u00c9b\u00e9niste<\/title>\n<meta name=\"description\" content=\"Balance Monkey Tree\" \/>\n<meta name=\"robots\" content=\"index, follow, max-snippet:-1, max-image-preview:large, max-video-preview:-1\" \/>\n<link rel=\"canonical\" href=\"https:\/\/denisguertinebeniste.com\/fr\/boutique\/arbre-dequilibre-2\/arbre-a-singes-en-equilibre\/\" \/>\n<meta property=\"og:locale\" content=\"fr_CA\" \/>\n<meta property=\"og:type\" content=\"article\" \/>\n<meta property=\"og:title\" content=\"Balance Monkey Tree - Denis Guertin \u00c9b\u00e9niste\" \/>\n<meta property=\"og:description\" content=\"Balance Monkey Tree\" \/>\n<meta property=\"og:url\" content=\"https:\/\/denisguertinebeniste.com\/fr\/boutique\/arbre-dequilibre-2\/arbre-a-singes-en-equilibre\/\" \/>\n<meta property=\"og:site_name\" content=\"Denis Guertin \u00c9b\u00e9niste\" \/>\n<meta property=\"article:publisher\" content=\"https:\/\/www.facebook.com\/Denis-Guertin-bniste-108733347315125\" \/>\n<meta property=\"article:modified_time\" content=\"2026-04-29T11:40:35+00:00\" \/>\n<meta property=\"og:image\" content=\"https:\/\/denisguertinebeniste.com\/wp-content\/uploads\/2026\/04\/IMG_5778-scaled.jpg\" \/>\n\t<meta property=\"og:image:width\" content=\"1707\" \/>\n\t<meta property=\"og:image:height\" content=\"2560\" \/>\n\t<meta property=\"og:image:type\" content=\"image\/jpeg\" \/>\n<meta name=\"twitter:card\" content=\"summary_large_image\" \/>\n<meta name=\"twitter:label1\" content=\"Estimation du temps de lecture\" \/>\n\t<meta name=\"twitter:data1\" content=\"1 minute\" \/>\n<script type=\"application\/ld+json\" class=\"yoast-schema-graph\">{\"@context\":\"https:\\\/\\\/schema.org\",\"@graph\":[{\"@type\":\"WebPage\",\"@id\":\"https:\\\/\\\/denisguertinebeniste.com\\\/shop\\\/balance-tree-2\\\/balance-monkey-tree\\\/\",\"url\":\"https:\\\/\\\/denisguertinebeniste.com\\\/shop\\\/balance-tree-2\\\/balance-monkey-tree\\\/\",\"name\":\"Balance Monkey Tree - Denis Guertin \u00c9b\u00e9niste\",\"isPartOf\":{\"@id\":\"https:\\\/\\\/denisguertinebeniste.com\\\/#website\"},\"primaryImageOfPage\":{\"@id\":\"https:\\\/\\\/denisguertinebeniste.com\\\/shop\\\/balance-tree-2\\\/balance-monkey-tree\\\/#primaryimage\"},\"image\":{\"@id\":\"https:\\\/\\\/denisguertinebeniste.com\\\/shop\\\/balance-tree-2\\\/balance-monkey-tree\\\/#primaryimage\"},\"thumbnailUrl\":\"https:\\\/\\\/denisguertinebeniste.com\\\/wp-content\\\/uploads\\\/2026\\\/04\\\/IMG_5778-scaled.jpg\",\"datePublished\":\"2026-04-28T21:25:57+00:00\",\"dateModified\":\"2026-04-29T11:40:35+00:00\",\"description\":\"Balance Monkey Tree\",\"breadcrumb\":{\"@id\":\"https:\\\/\\\/denisguertinebeniste.com\\\/shop\\\/balance-tree-2\\\/balance-monkey-tree\\\/#breadcrumb\"},\"inLanguage\":\"fr-CA\",\"potentialAction\":[{\"@type\":\"ReadAction\",\"target\":[\"https:\\\/\\\/denisguertinebeniste.com\\\/shop\\\/balance-tree-2\\\/balance-monkey-tree\\\/\"]}]},{\"@type\":\"ImageObject\",\"inLanguage\":\"fr-CA\",\"@id\":\"https:\\\/\\\/denisguertinebeniste.com\\\/shop\\\/balance-tree-2\\\/balance-monkey-tree\\\/#primaryimage\",\"url\":\"https:\\\/\\\/denisguertinebeniste.com\\\/wp-content\\\/uploads\\\/2026\\\/04\\\/IMG_5778-scaled.jpg\",\"contentUrl\":\"https:\\\/\\\/denisguertinebeniste.com\\\/wp-content\\\/uploads\\\/2026\\\/04\\\/IMG_5778-scaled.jpg\",\"width\":1707,\"height\":2560},{\"@type\":\"BreadcrumbList\",\"@id\":\"https:\\\/\\\/denisguertinebeniste.com\\\/shop\\\/balance-tree-2\\\/balance-monkey-tree\\\/#breadcrumb\",\"itemListElement\":[{\"@type\":\"ListItem\",\"position\":1,\"name\":\"Home\",\"item\":\"https:\\\/\\\/denisguertinebeniste.com\\\/\"},{\"@type\":\"ListItem\",\"position\":2,\"name\":\"Shop\",\"item\":\"https:\\\/\\\/denisguertinebeniste.com\\\/shop\\\/\"},{\"@type\":\"ListItem\",\"position\":3,\"name\":\"Balance Monkey Tree\"}]},{\"@type\":\"WebSite\",\"@id\":\"https:\\\/\\\/denisguertinebeniste.com\\\/#website\",\"url\":\"https:\\\/\\\/denisguertinebeniste.com\\\/\",\"name\":\"Denis Guertin \u00c9b\u00e9niste\",\"description\":\"\",\"publisher\":{\"@id\":\"https:\\\/\\\/denisguertinebeniste.com\\\/#organization\"},\"potentialAction\":[{\"@type\":\"SearchAction\",\"target\":{\"@type\":\"EntryPoint\",\"urlTemplate\":\"https:\\\/\\\/denisguertinebeniste.com\\\/?s={search_term_string}\"},\"query-input\":{\"@type\":\"PropertyValueSpecification\",\"valueRequired\":true,\"valueName\":\"search_term_string\"}}],\"inLanguage\":\"fr-CA\"},{\"@type\":\"Organization\",\"@id\":\"https:\\\/\\\/denisguertinebeniste.com\\\/#organization\",\"name\":\"Denis Guertin \u00c9b\u00e9niste\",\"url\":\"https:\\\/\\\/denisguertinebeniste.com\\\/\",\"logo\":{\"@type\":\"ImageObject\",\"inLanguage\":\"fr-CA\",\"@id\":\"https:\\\/\\\/denisguertinebeniste.com\\\/#\\\/schema\\\/logo\\\/image\\\/\",\"url\":\"https:\\\/\\\/denisguertinebeniste.com\\\/wp-content\\\/uploads\\\/2024\\\/03\\\/logo-DG.webp\",\"contentUrl\":\"https:\\\/\\\/denisguertinebeniste.com\\\/wp-content\\\/uploads\\\/2024\\\/03\\\/logo-DG.webp\",\"width\":300,\"height\":264,\"caption\":\"Denis Guertin \u00c9b\u00e9niste\"},\"image\":{\"@id\":\"https:\\\/\\\/denisguertinebeniste.com\\\/#\\\/schema\\\/logo\\\/image\\\/\"},\"sameAs\":[\"https:\\\/\\\/www.facebook.com\\\/Denis-Guertin-bniste-108733347315125\",\"https:\\\/\\\/www.instagram.com\\\/denisguertin_ebeniste\\\/\"]}]}<\/script>\n<!-- \/ Yoast SEO plugin. -->","yoast_head_json":{"title":"Arbre \u00e0 singes d&#039;\u00e9quilibre - Denis Guertin \u00c9b\u00e9niste","description":"Arbre \u00e0 singes en \u00e9quilibre","robots":{"index":"index","follow":"follow","max-snippet":"max-snippet:-1","max-image-preview":"max-image-preview:large","max-video-preview":"max-video-preview:-1"},"canonical":"https:\/\/denisguertinebeniste.com\/fr\/boutique\/arbre-dequilibre-2\/arbre-a-singes-en-equilibre\/","og_locale":"fr_CA","og_type":"article","og_title":"Balance Monkey Tree - Denis Guertin \u00c9b\u00e9niste","og_description":"Balance Monkey Tree","og_url":"https:\/\/denisguertinebeniste.com\/fr\/boutique\/arbre-dequilibre-2\/arbre-a-singes-en-equilibre\/","og_site_name":"Denis Guertin \u00c9b\u00e9niste","article_publisher":"https:\/\/www.facebook.com\/Denis-Guertin-bniste-108733347315125","article_modified_time":"2026-04-29T11:40:35+00:00","og_image":[{"width":1707,"height":2560,"url":"https:\/\/denisguertinebeniste.com\/wp-content\/uploads\/2026\/04\/IMG_5778-scaled.jpg","type":"image\/jpeg"}],"twitter_card":"summary_large_image","twitter_misc":{"Estimation du temps de lecture":"1 minute"},"schema":{"@context":"https:\/\/schema.org","@graph":[{"@type":"WebPage","@id":"https:\/\/denisguertinebeniste.com\/shop\/balance-tree-2\/balance-monkey-tree\/","url":"https:\/\/denisguertinebeniste.com\/shop\/balance-tree-2\/balance-monkey-tree\/","name":"Arbre \u00e0 singes d&#039;\u00e9quilibre - Denis Guertin \u00c9b\u00e9niste","isPartOf":{"@id":"https:\/\/denisguertinebeniste.com\/#website"},"primaryImageOfPage":{"@id":"https:\/\/denisguertinebeniste.com\/shop\/balance-tree-2\/balance-monkey-tree\/#primaryimage"},"image":{"@id":"https:\/\/denisguertinebeniste.com\/shop\/balance-tree-2\/balance-monkey-tree\/#primaryimage"},"thumbnailUrl":"https:\/\/denisguertinebeniste.com\/wp-content\/uploads\/2026\/04\/IMG_5778-scaled.jpg","datePublished":"2026-04-28T21:25:57+00:00","dateModified":"2026-04-29T11:40:35+00:00","description":"Arbre \u00e0 singes en \u00e9quilibre","breadcrumb":{"@id":"https:\/\/denisguertinebeniste.com\/shop\/balance-tree-2\/balance-monkey-tree\/#breadcrumb"},"inLanguage":"fr-CA","potentialAction":[{"@type":"ReadAction","target":["https:\/\/denisguertinebeniste.com\/shop\/balance-tree-2\/balance-monkey-tree\/"]}]},{"@type":"ImageObject","inLanguage":"fr-CA","@id":"https:\/\/denisguertinebeniste.com\/shop\/balance-tree-2\/balance-monkey-tree\/#primaryimage","url":"https:\/\/denisguertinebeniste.com\/wp-content\/uploads\/2026\/04\/IMG_5778-scaled.jpg","contentUrl":"https:\/\/denisguertinebeniste.com\/wp-content\/uploads\/2026\/04\/IMG_5778-scaled.jpg","width":1707,"height":2560},{"@type":"BreadcrumbList","@id":"https:\/\/denisguertinebeniste.com\/shop\/balance-tree-2\/balance-monkey-tree\/#breadcrumb","itemListElement":[{"@type":"ListItem","position":1,"name":"Home","item":"https:\/\/denisguertinebeniste.com\/"},{"@type":"ListItem","position":2,"name":"Shop","item":"https:\/\/denisguertinebeniste.com\/shop\/"},{"@type":"ListItem","position":3,"name":"Balance Monkey Tree"}]},{"@type":"WebSite","@id":"https:\/\/denisguertinebeniste.com\/#website","url":"https:\/\/denisguertinebeniste.com\/","name":"Denis Guertin \u00c9b\u00e9niste","description":"","publisher":{"@id":"https:\/\/denisguertinebeniste.com\/#organization"},"potentialAction":[{"@type":"SearchAction","target":{"@type":"EntryPoint","urlTemplate":"https:\/\/denisguertinebeniste.com\/?s={search_term_string}"},"query-input":{"@type":"PropertyValueSpecification","valueRequired":true,"valueName":"search_term_string"}}],"inLanguage":"fr-CA"},{"@type":"Organization","@id":"https:\/\/denisguertinebeniste.com\/#organization","name":"Denis Guertin \u00c9b\u00e9niste","url":"https:\/\/denisguertinebeniste.com\/","logo":{"@type":"ImageObject","inLanguage":"fr-CA","@id":"https:\/\/denisguertinebeniste.com\/#\/schema\/logo\/image\/","url":"https:\/\/denisguertinebeniste.com\/wp-content\/uploads\/2024\/03\/logo-DG.webp","contentUrl":"https:\/\/denisguertinebeniste.com\/wp-content\/uploads\/2024\/03\/logo-DG.webp","width":300,"height":264,"caption":"Denis Guertin \u00c9b\u00e9niste"},"image":{"@id":"https:\/\/denisguertinebeniste.com\/#\/schema\/logo\/image\/"},"sameAs":["https:\/\/www.facebook.com\/Denis-Guertin-bniste-108733347315125","https:\/\/www.instagram.com\/denisguertin_ebeniste\/"]}]}},"jetpack_sharing_enabled":true,"_links":{"self":[{"href":"https:\/\/denisguertinebeniste.com\/fr\/wp-json\/wp\/v2\/product\/2002","targetHints":{"allow":["GET"]}}],"collection":[{"href":"https:\/\/denisguertinebeniste.com\/fr\/wp-json\/wp\/v2\/product"}],"about":[{"href":"https:\/\/denisguertinebeniste.com\/fr\/wp-json\/wp\/v2\/types\/product"}],"wp:featuredmedia":[{"embeddable":true,"href":"https:\/\/denisguertinebeniste.com\/fr\/wp-json\/wp\/v2\/media\/2031"}],"wp:attachment":[{"href":"https:\/\/denisguertinebeniste.com\/fr\/wp-json\/wp\/v2\/media?parent=2002"}],"wp:term":[{"taxonomy":"product_brand","embeddable":true,"href":"https:\/\/denisguertinebeniste.com\/fr\/wp-json\/wp\/v2\/product_brand?post=2002"},{"taxonomy":"product_cat","embeddable":true,"href":"https:\/\/denisguertinebeniste.com\/fr\/wp-json\/wp\/v2\/product_cat?post=2002"},{"taxonomy":"product_tag","embeddable":true,"href":"https:\/\/denisguertinebeniste.com\/fr\/wp-json\/wp\/v2\/product_tag?post=2002"}],"curies":[{"name":"wp","href":"https:\/\/api.w.org\/{rel}","templated":true}]}}