{"id":1864,"date":"2026-01-25T20:54:42","date_gmt":"2026-01-26T01:54:42","guid":{"rendered":"https:\/\/denisguertinebeniste.com\/?post_type=product&#038;p=1864"},"modified":"2026-03-12T10:35:21","modified_gmt":"2026-03-12T14:35:21","slug":"porte-tuiles-dominos-rummoli","status":"publish","type":"product","link":"https:\/\/denisguertinebeniste.com\/fr\/shop\/wooden-games\/dominos-rummoli-tile-holder\/","title":{"rendered":"Porte-tuiles (lot de 2) pour jeux de Scrabble, Domino, Rummoli et Chromino."},"content":{"rendered":"<p>Nous avons con\u00e7u et imprim\u00e9 en 3D, \u00e0 partir de PLA (un m\u00e9lange de f\u00e9cule de ma\u00efs et decanna \u00e0  sucre), un support pour tuiles de dominos, rummoli et chrominos. Mesurant 8,25 cm x 23,5 cm, il peut contenir jusqu'\u00e0 18 dominos de taille standard (2,5 x 5 cm). Id\u00e9al pour remplacer ou compl\u00e9ter votre jeu. Ses pattes robustes lui assurent une grande r\u00e9sistance, contrairement \u00e0 certains supports fournis avec d'autres jeux.<\/p>\n<p><em><strong>Vendus par paires, vous recevez un ensemble de 2 carreaux.<\/strong><\/em><strong> D\u00c9TENTEURS<\/strong><em><strong> PAR COMMANDE<\/strong><\/em><\/p>","protected":false},"excerpt":{"rendered":"<p>We have designed and 3D printed out of PLA, a mix of Corn Starch and Sugar Cane, a Domino, Rummoli, Chromino Holder. Measuring 3 1\/4 inch by 9 1\/4 inch [&hellip;]<\/p>\n","protected":false},"featured_media":1858,"template":"","meta":{"_acf_changed":false},"product_brand":[],"product_cat":[25,65],"product_tag":[],"class_list":{"0":"post-1864","1":"product","2":"type-product","3":"status-publish","4":"has-post-thumbnail","6":"product_cat-wooden-games","7":"product_cat-mexican-train-station","9":"first","10":"instock","11":"taxable","12":"shipping-taxable","13":"purchasable","14":"product-type-simple"},"acf":[],"yoast_head":"<!-- This site is optimized with the Yoast SEO plugin v27.5 - https:\/\/yoast.com\/product\/yoast-seo-wordpress\/ -->\n<title>Tile Holder (set of 2) for Scrabble-Domino-Rummoli-Chromino Games - Denis Guertin \u00c9b\u00e9niste<\/title>\n<meta name=\"description\" content=\"Tile Holder (set of 2) for Scrabble-Domino-Rummoli-Chromino Games\" \/>\n<meta name=\"robots\" content=\"index, follow, max-snippet:-1, max-image-preview:large, max-video-preview:-1\" \/>\n<link rel=\"canonical\" href=\"https:\/\/denisguertinebeniste.com\/fr\/boutique\/jeux-en-bois\/porte-tuiles-dominos-rummoli\/\" \/>\n<meta property=\"og:locale\" content=\"fr_CA\" \/>\n<meta property=\"og:type\" content=\"article\" \/>\n<meta property=\"og:title\" content=\"Tile Holder (set of 2) for Scrabble-Domino-Rummoli-Chromino Games - Denis Guertin \u00c9b\u00e9niste\" \/>\n<meta property=\"og:description\" content=\"Tile Holder (set of 2) for Scrabble-Domino-Rummoli-Chromino Games\" \/>\n<meta property=\"og:url\" content=\"https:\/\/denisguertinebeniste.com\/fr\/boutique\/jeux-en-bois\/porte-tuiles-dominos-rummoli\/\" \/>\n<meta property=\"og:site_name\" content=\"Denis Guertin \u00c9b\u00e9niste\" \/>\n<meta property=\"article:publisher\" content=\"https:\/\/www.facebook.com\/Denis-Guertin-bniste-108733347315125\" \/>\n<meta property=\"article:modified_time\" content=\"2026-03-12T14:35:21+00:00\" \/>\n<meta property=\"og:image\" content=\"https:\/\/denisguertinebeniste.com\/wp-content\/uploads\/2024\/10\/IMG_4948-scaled.jpeg\" \/>\n\t<meta property=\"og:image:width\" content=\"2560\" \/>\n\t<meta property=\"og:image:height\" content=\"1920\" \/>\n\t<meta property=\"og:image:type\" content=\"image\/jpeg\" \/>\n<meta name=\"twitter:card\" content=\"summary_large_image\" \/>\n<meta name=\"twitter:label1\" content=\"Estimation du temps de lecture\" \/>\n\t<meta name=\"twitter:data1\" content=\"1 minute\" \/>\n<script type=\"application\/ld+json\" class=\"yoast-schema-graph\">{\"@context\":\"https:\\\/\\\/schema.org\",\"@graph\":[{\"@type\":\"WebPage\",\"@id\":\"https:\\\/\\\/denisguertinebeniste.com\\\/shop\\\/wooden-games\\\/dominos-rummoli-tile-holder\\\/\",\"url\":\"https:\\\/\\\/denisguertinebeniste.com\\\/shop\\\/wooden-games\\\/dominos-rummoli-tile-holder\\\/\",\"name\":\"Tile Holder (set of 2) for Scrabble-Domino-Rummoli-Chromino Games - Denis Guertin \u00c9b\u00e9niste\",\"isPartOf\":{\"@id\":\"https:\\\/\\\/denisguertinebeniste.com\\\/#website\"},\"primaryImageOfPage\":{\"@id\":\"https:\\\/\\\/denisguertinebeniste.com\\\/shop\\\/wooden-games\\\/dominos-rummoli-tile-holder\\\/#primaryimage\"},\"image\":{\"@id\":\"https:\\\/\\\/denisguertinebeniste.com\\\/shop\\\/wooden-games\\\/dominos-rummoli-tile-holder\\\/#primaryimage\"},\"thumbnailUrl\":\"https:\\\/\\\/denisguertinebeniste.com\\\/wp-content\\\/uploads\\\/2024\\\/10\\\/IMG_4948-scaled.jpeg\",\"datePublished\":\"2026-01-26T01:54:42+00:00\",\"dateModified\":\"2026-03-12T14:35:21+00:00\",\"description\":\"Tile Holder (set of 2) for Scrabble-Domino-Rummoli-Chromino Games\",\"breadcrumb\":{\"@id\":\"https:\\\/\\\/denisguertinebeniste.com\\\/shop\\\/wooden-games\\\/dominos-rummoli-tile-holder\\\/#breadcrumb\"},\"inLanguage\":\"fr-CA\",\"potentialAction\":[{\"@type\":\"ReadAction\",\"target\":[\"https:\\\/\\\/denisguertinebeniste.com\\\/shop\\\/wooden-games\\\/dominos-rummoli-tile-holder\\\/\"]}]},{\"@type\":\"ImageObject\",\"inLanguage\":\"fr-CA\",\"@id\":\"https:\\\/\\\/denisguertinebeniste.com\\\/shop\\\/wooden-games\\\/dominos-rummoli-tile-holder\\\/#primaryimage\",\"url\":\"https:\\\/\\\/denisguertinebeniste.com\\\/wp-content\\\/uploads\\\/2024\\\/10\\\/IMG_4948-scaled.jpeg\",\"contentUrl\":\"https:\\\/\\\/denisguertinebeniste.com\\\/wp-content\\\/uploads\\\/2024\\\/10\\\/IMG_4948-scaled.jpeg\",\"width\":2560,\"height\":1920},{\"@type\":\"BreadcrumbList\",\"@id\":\"https:\\\/\\\/denisguertinebeniste.com\\\/shop\\\/wooden-games\\\/dominos-rummoli-tile-holder\\\/#breadcrumb\",\"itemListElement\":[{\"@type\":\"ListItem\",\"position\":1,\"name\":\"Home\",\"item\":\"https:\\\/\\\/denisguertinebeniste.com\\\/\"},{\"@type\":\"ListItem\",\"position\":2,\"name\":\"Shop\",\"item\":\"https:\\\/\\\/denisguertinebeniste.com\\\/shop\\\/\"},{\"@type\":\"ListItem\",\"position\":3,\"name\":\"Tile Holder (set of 2) for Scrabble-Domino-Rummoli-Chromino Games\"}]},{\"@type\":\"WebSite\",\"@id\":\"https:\\\/\\\/denisguertinebeniste.com\\\/#website\",\"url\":\"https:\\\/\\\/denisguertinebeniste.com\\\/\",\"name\":\"Denis Guertin \u00c9b\u00e9niste\",\"description\":\"\",\"publisher\":{\"@id\":\"https:\\\/\\\/denisguertinebeniste.com\\\/#organization\"},\"potentialAction\":[{\"@type\":\"SearchAction\",\"target\":{\"@type\":\"EntryPoint\",\"urlTemplate\":\"https:\\\/\\\/denisguertinebeniste.com\\\/?s={search_term_string}\"},\"query-input\":{\"@type\":\"PropertyValueSpecification\",\"valueRequired\":true,\"valueName\":\"search_term_string\"}}],\"inLanguage\":\"fr-CA\"},{\"@type\":\"Organization\",\"@id\":\"https:\\\/\\\/denisguertinebeniste.com\\\/#organization\",\"name\":\"Denis Guertin \u00c9b\u00e9niste\",\"url\":\"https:\\\/\\\/denisguertinebeniste.com\\\/\",\"logo\":{\"@type\":\"ImageObject\",\"inLanguage\":\"fr-CA\",\"@id\":\"https:\\\/\\\/denisguertinebeniste.com\\\/#\\\/schema\\\/logo\\\/image\\\/\",\"url\":\"https:\\\/\\\/denisguertinebeniste.com\\\/wp-content\\\/uploads\\\/2024\\\/03\\\/logo-DG.webp\",\"contentUrl\":\"https:\\\/\\\/denisguertinebeniste.com\\\/wp-content\\\/uploads\\\/2024\\\/03\\\/logo-DG.webp\",\"width\":300,\"height\":264,\"caption\":\"Denis Guertin \u00c9b\u00e9niste\"},\"image\":{\"@id\":\"https:\\\/\\\/denisguertinebeniste.com\\\/#\\\/schema\\\/logo\\\/image\\\/\"},\"sameAs\":[\"https:\\\/\\\/www.facebook.com\\\/Denis-Guertin-bniste-108733347315125\",\"https:\\\/\\\/www.instagram.com\\\/denisguertin_ebeniste\\\/\"]}]}<\/script>\n<!-- \/ Yoast SEO plugin. -->","yoast_head_json":{"title":"Porte-tuiles (lot de 2) pour jeux de Scrabble, Domino, Rummoli et Chromino - Denis Guertin \u00c9b\u00e9niste","description":"Porte-tuiles (lot de 2) pour jeux de Scrabble, Domino, Rummoli et Chromino.","robots":{"index":"index","follow":"follow","max-snippet":"max-snippet:-1","max-image-preview":"max-image-preview:large","max-video-preview":"max-video-preview:-1"},"canonical":"https:\/\/denisguertinebeniste.com\/fr\/boutique\/jeux-en-bois\/porte-tuiles-dominos-rummoli\/","og_locale":"fr_CA","og_type":"article","og_title":"Tile Holder (set of 2) for Scrabble-Domino-Rummoli-Chromino Games - Denis Guertin \u00c9b\u00e9niste","og_description":"Tile Holder (set of 2) for Scrabble-Domino-Rummoli-Chromino Games","og_url":"https:\/\/denisguertinebeniste.com\/fr\/boutique\/jeux-en-bois\/porte-tuiles-dominos-rummoli\/","og_site_name":"Denis Guertin \u00c9b\u00e9niste","article_publisher":"https:\/\/www.facebook.com\/Denis-Guertin-bniste-108733347315125","article_modified_time":"2026-03-12T14:35:21+00:00","og_image":[{"width":2560,"height":1920,"url":"https:\/\/denisguertinebeniste.com\/wp-content\/uploads\/2024\/10\/IMG_4948-scaled.jpeg","type":"image\/jpeg"}],"twitter_card":"summary_large_image","twitter_misc":{"Estimation du temps de lecture":"1 minute"},"schema":{"@context":"https:\/\/schema.org","@graph":[{"@type":"WebPage","@id":"https:\/\/denisguertinebeniste.com\/shop\/wooden-games\/dominos-rummoli-tile-holder\/","url":"https:\/\/denisguertinebeniste.com\/shop\/wooden-games\/dominos-rummoli-tile-holder\/","name":"Porte-tuiles (lot de 2) pour jeux de Scrabble, Domino, Rummoli et Chromino - Denis Guertin \u00c9b\u00e9niste","isPartOf":{"@id":"https:\/\/denisguertinebeniste.com\/#website"},"primaryImageOfPage":{"@id":"https:\/\/denisguertinebeniste.com\/shop\/wooden-games\/dominos-rummoli-tile-holder\/#primaryimage"},"image":{"@id":"https:\/\/denisguertinebeniste.com\/shop\/wooden-games\/dominos-rummoli-tile-holder\/#primaryimage"},"thumbnailUrl":"https:\/\/denisguertinebeniste.com\/wp-content\/uploads\/2024\/10\/IMG_4948-scaled.jpeg","datePublished":"2026-01-26T01:54:42+00:00","dateModified":"2026-03-12T14:35:21+00:00","description":"Porte-tuiles (lot de 2) pour jeux de Scrabble, Domino, Rummoli et Chromino.","breadcrumb":{"@id":"https:\/\/denisguertinebeniste.com\/shop\/wooden-games\/dominos-rummoli-tile-holder\/#breadcrumb"},"inLanguage":"fr-CA","potentialAction":[{"@type":"ReadAction","target":["https:\/\/denisguertinebeniste.com\/shop\/wooden-games\/dominos-rummoli-tile-holder\/"]}]},{"@type":"ImageObject","inLanguage":"fr-CA","@id":"https:\/\/denisguertinebeniste.com\/shop\/wooden-games\/dominos-rummoli-tile-holder\/#primaryimage","url":"https:\/\/denisguertinebeniste.com\/wp-content\/uploads\/2024\/10\/IMG_4948-scaled.jpeg","contentUrl":"https:\/\/denisguertinebeniste.com\/wp-content\/uploads\/2024\/10\/IMG_4948-scaled.jpeg","width":2560,"height":1920},{"@type":"BreadcrumbList","@id":"https:\/\/denisguertinebeniste.com\/shop\/wooden-games\/dominos-rummoli-tile-holder\/#breadcrumb","itemListElement":[{"@type":"ListItem","position":1,"name":"Home","item":"https:\/\/denisguertinebeniste.com\/"},{"@type":"ListItem","position":2,"name":"Shop","item":"https:\/\/denisguertinebeniste.com\/shop\/"},{"@type":"ListItem","position":3,"name":"Tile Holder (set of 2) for Scrabble-Domino-Rummoli-Chromino Games"}]},{"@type":"WebSite","@id":"https:\/\/denisguertinebeniste.com\/#website","url":"https:\/\/denisguertinebeniste.com\/","name":"Denis Guertin \u00c9b\u00e9niste","description":"","publisher":{"@id":"https:\/\/denisguertinebeniste.com\/#organization"},"potentialAction":[{"@type":"SearchAction","target":{"@type":"EntryPoint","urlTemplate":"https:\/\/denisguertinebeniste.com\/?s={search_term_string}"},"query-input":{"@type":"PropertyValueSpecification","valueRequired":true,"valueName":"search_term_string"}}],"inLanguage":"fr-CA"},{"@type":"Organization","@id":"https:\/\/denisguertinebeniste.com\/#organization","name":"Denis Guertin \u00c9b\u00e9niste","url":"https:\/\/denisguertinebeniste.com\/","logo":{"@type":"ImageObject","inLanguage":"fr-CA","@id":"https:\/\/denisguertinebeniste.com\/#\/schema\/logo\/image\/","url":"https:\/\/denisguertinebeniste.com\/wp-content\/uploads\/2024\/03\/logo-DG.webp","contentUrl":"https:\/\/denisguertinebeniste.com\/wp-content\/uploads\/2024\/03\/logo-DG.webp","width":300,"height":264,"caption":"Denis Guertin \u00c9b\u00e9niste"},"image":{"@id":"https:\/\/denisguertinebeniste.com\/#\/schema\/logo\/image\/"},"sameAs":["https:\/\/www.facebook.com\/Denis-Guertin-bniste-108733347315125","https:\/\/www.instagram.com\/denisguertin_ebeniste\/"]}]}},"jetpack_sharing_enabled":true,"_links":{"self":[{"href":"https:\/\/denisguertinebeniste.com\/fr\/wp-json\/wp\/v2\/product\/1864","targetHints":{"allow":["GET"]}}],"collection":[{"href":"https:\/\/denisguertinebeniste.com\/fr\/wp-json\/wp\/v2\/product"}],"about":[{"href":"https:\/\/denisguertinebeniste.com\/fr\/wp-json\/wp\/v2\/types\/product"}],"wp:featuredmedia":[{"embeddable":true,"href":"https:\/\/denisguertinebeniste.com\/fr\/wp-json\/wp\/v2\/media\/1858"}],"wp:attachment":[{"href":"https:\/\/denisguertinebeniste.com\/fr\/wp-json\/wp\/v2\/media?parent=1864"}],"wp:term":[{"taxonomy":"product_brand","embeddable":true,"href":"https:\/\/denisguertinebeniste.com\/fr\/wp-json\/wp\/v2\/product_brand?post=1864"},{"taxonomy":"product_cat","embeddable":true,"href":"https:\/\/denisguertinebeniste.com\/fr\/wp-json\/wp\/v2\/product_cat?post=1864"},{"taxonomy":"product_tag","embeddable":true,"href":"https:\/\/denisguertinebeniste.com\/fr\/wp-json\/wp\/v2\/product_tag?post=1864"}],"curies":[{"name":"wp","href":"https:\/\/api.w.org\/{rel}","templated":true}]}}