{"id":1641,"date":"2025-09-11T17:31:30","date_gmt":"2025-09-11T21:31:30","guid":{"rendered":"https:\/\/denisguertinebeniste.com\/?post_type=product&#038;p=1641"},"modified":"2026-02-05T21:10:39","modified_gmt":"2026-02-06T02:10:39","slug":"jeu-de-societe-tock-pour-4-joueurs-format-voyage-310","status":"publish","type":"product","link":"https:\/\/denisguertinebeniste.com\/fr\/shop\/tock-games\/tock-board-game-4-players-travel-size-310\/","title":{"rendered":"JEU DE PLATEAU TOCK \u2013 4 JOUEURS (FORMAT VOYAGE) (#310)"},"content":{"rendered":"<p>Que vous le connaissiez sous le nom de Tock ou sous un autre nom (Aggravation, Wampoo, Wahoo, Jokers and Marbles, Ludo, etc.), la base du jeu est \u00e0 peu pr\u00e8s toujours la m\u00eame\u00a0: soyez le premier joueur \u00e0 introduire les 4 billes dans la maison pour gagner.<\/p>\n<p>Il s&#039;agit d&#039;un plateau de jeu de tatami en bois massif de 12\u2033 x 12\u2033 x 3\/4\u2033, format voyage pour 4 joueurs, fabriqu\u00e9 (de haut en bas) en \u00e9rable, cerisier, \u00e9rable, \u00e9rable ondul\u00e9, cerisier et \u00e9rable.<\/p>\n<p><strong>COMPRIS:<\/strong> Plateau de jeu pour 4 joueurs, 16 pions m\u00e9talliques (4 couleurs diff\u00e9rentes), r\u00e8gles du jeu, sac de transport et un jeu de cartes de notre collection sp\u00e9ciale. <em><strong>Cartes \u00e0 jouer Tock (81 cartes).<\/strong><\/em><\/p>\n<p>&nbsp;<\/p>\n<p>&nbsp;<\/p>","protected":false},"excerpt":{"rendered":"<p>Whether you know it as Tock or by another name (Aggravation, Wampoo, Wahoo, Jokers and Marbles, Ludo, etc.), the basis of the game is pretty much always the same; Be [&hellip;]<\/p>\n","protected":false},"featured_media":1904,"template":"","meta":{"_acf_changed":false},"product_brand":[],"product_cat":[30],"product_tag":[],"class_list":{"0":"post-1641","1":"product","2":"type-product","3":"status-publish","4":"has-post-thumbnail","6":"product_cat-tock-games","8":"first","9":"instock","10":"taxable","11":"shipping-taxable","12":"purchasable","13":"product-type-simple"},"acf":[],"yoast_head":"<!-- This site is optimized with the Yoast SEO plugin v27.4 - https:\/\/yoast.com\/product\/yoast-seo-wordpress\/ -->\n<title>TOCK BOARD GAME - 4 PLAYERS (TRAVEL SIZE) (#310) - Denis Guertin \u00c9b\u00e9niste<\/title>\n<meta name=\"description\" content=\"TOCK BOARD GAME - 4 PLAYERS (TRAVEL SIZE) (#310)\" \/>\n<meta name=\"robots\" content=\"index, follow, max-snippet:-1, max-image-preview:large, max-video-preview:-1\" \/>\n<link rel=\"canonical\" href=\"https:\/\/denisguertinebeniste.com\/fr\/boutique\/jeux-de-tock\/jeu-de-societe-tock-pour-4-joueurs-format-voyage-310\/\" \/>\n<meta property=\"og:locale\" content=\"fr_CA\" \/>\n<meta property=\"og:type\" content=\"article\" \/>\n<meta property=\"og:title\" content=\"TOCK BOARD GAME - 4 PLAYERS (TRAVEL SIZE) (#310) - Denis Guertin \u00c9b\u00e9niste\" \/>\n<meta property=\"og:description\" content=\"TOCK BOARD GAME - 4 PLAYERS (TRAVEL SIZE) (#310)\" \/>\n<meta property=\"og:url\" content=\"https:\/\/denisguertinebeniste.com\/fr\/boutique\/jeux-de-tock\/jeu-de-societe-tock-pour-4-joueurs-format-voyage-310\/\" \/>\n<meta property=\"og:site_name\" content=\"Denis Guertin \u00c9b\u00e9niste\" \/>\n<meta property=\"article:publisher\" content=\"https:\/\/www.facebook.com\/Denis-Guertin-bniste-108733347315125\" \/>\n<meta property=\"article:modified_time\" content=\"2026-02-06T02:10:39+00:00\" \/>\n<meta property=\"og:image\" content=\"https:\/\/denisguertinebeniste.com\/wp-content\/uploads\/2024\/10\/IMG_5032-scaled.jpeg\" \/>\n\t<meta property=\"og:image:width\" content=\"2560\" \/>\n\t<meta property=\"og:image:height\" content=\"2314\" \/>\n\t<meta property=\"og:image:type\" content=\"image\/jpeg\" \/>\n<meta name=\"twitter:card\" content=\"summary_large_image\" \/>\n<meta name=\"twitter:label1\" content=\"Estimation du temps de lecture\" \/>\n\t<meta name=\"twitter:data1\" content=\"1 minute\" \/>\n<script type=\"application\/ld+json\" class=\"yoast-schema-graph\">{\"@context\":\"https:\\\/\\\/schema.org\",\"@graph\":[{\"@type\":\"WebPage\",\"@id\":\"https:\\\/\\\/denisguertinebeniste.com\\\/shop\\\/tock-games\\\/tock-board-game-4-players-travel-size-310\\\/\",\"url\":\"https:\\\/\\\/denisguertinebeniste.com\\\/shop\\\/tock-games\\\/tock-board-game-4-players-travel-size-310\\\/\",\"name\":\"TOCK BOARD GAME - 4 PLAYERS (TRAVEL SIZE) (#310) - Denis Guertin \u00c9b\u00e9niste\",\"isPartOf\":{\"@id\":\"https:\\\/\\\/denisguertinebeniste.com\\\/#website\"},\"primaryImageOfPage\":{\"@id\":\"https:\\\/\\\/denisguertinebeniste.com\\\/shop\\\/tock-games\\\/tock-board-game-4-players-travel-size-310\\\/#primaryimage\"},\"image\":{\"@id\":\"https:\\\/\\\/denisguertinebeniste.com\\\/shop\\\/tock-games\\\/tock-board-game-4-players-travel-size-310\\\/#primaryimage\"},\"thumbnailUrl\":\"https:\\\/\\\/denisguertinebeniste.com\\\/wp-content\\\/uploads\\\/2024\\\/10\\\/IMG_5032-scaled.jpeg\",\"datePublished\":\"2025-09-11T21:31:30+00:00\",\"dateModified\":\"2026-02-06T02:10:39+00:00\",\"description\":\"TOCK BOARD GAME - 4 PLAYERS (TRAVEL SIZE) (#310)\",\"breadcrumb\":{\"@id\":\"https:\\\/\\\/denisguertinebeniste.com\\\/shop\\\/tock-games\\\/tock-board-game-4-players-travel-size-310\\\/#breadcrumb\"},\"inLanguage\":\"fr-CA\",\"potentialAction\":[{\"@type\":\"ReadAction\",\"target\":[\"https:\\\/\\\/denisguertinebeniste.com\\\/shop\\\/tock-games\\\/tock-board-game-4-players-travel-size-310\\\/\"]}]},{\"@type\":\"ImageObject\",\"inLanguage\":\"fr-CA\",\"@id\":\"https:\\\/\\\/denisguertinebeniste.com\\\/shop\\\/tock-games\\\/tock-board-game-4-players-travel-size-310\\\/#primaryimage\",\"url\":\"https:\\\/\\\/denisguertinebeniste.com\\\/wp-content\\\/uploads\\\/2024\\\/10\\\/IMG_5032-scaled.jpeg\",\"contentUrl\":\"https:\\\/\\\/denisguertinebeniste.com\\\/wp-content\\\/uploads\\\/2024\\\/10\\\/IMG_5032-scaled.jpeg\",\"width\":2560,\"height\":2314},{\"@type\":\"BreadcrumbList\",\"@id\":\"https:\\\/\\\/denisguertinebeniste.com\\\/shop\\\/tock-games\\\/tock-board-game-4-players-travel-size-310\\\/#breadcrumb\",\"itemListElement\":[{\"@type\":\"ListItem\",\"position\":1,\"name\":\"Home\",\"item\":\"https:\\\/\\\/denisguertinebeniste.com\\\/\"},{\"@type\":\"ListItem\",\"position\":2,\"name\":\"Shop\",\"item\":\"https:\\\/\\\/denisguertinebeniste.com\\\/shop\\\/\"},{\"@type\":\"ListItem\",\"position\":3,\"name\":\"TOCK BOARD GAME &#8211; 4 PLAYERS (TRAVEL SIZE) (#310)\"}]},{\"@type\":\"WebSite\",\"@id\":\"https:\\\/\\\/denisguertinebeniste.com\\\/#website\",\"url\":\"https:\\\/\\\/denisguertinebeniste.com\\\/\",\"name\":\"Denis Guertin \u00c9b\u00e9niste\",\"description\":\"\",\"publisher\":{\"@id\":\"https:\\\/\\\/denisguertinebeniste.com\\\/#organization\"},\"potentialAction\":[{\"@type\":\"SearchAction\",\"target\":{\"@type\":\"EntryPoint\",\"urlTemplate\":\"https:\\\/\\\/denisguertinebeniste.com\\\/?s={search_term_string}\"},\"query-input\":{\"@type\":\"PropertyValueSpecification\",\"valueRequired\":true,\"valueName\":\"search_term_string\"}}],\"inLanguage\":\"fr-CA\"},{\"@type\":\"Organization\",\"@id\":\"https:\\\/\\\/denisguertinebeniste.com\\\/#organization\",\"name\":\"Denis Guertin \u00c9b\u00e9niste\",\"url\":\"https:\\\/\\\/denisguertinebeniste.com\\\/\",\"logo\":{\"@type\":\"ImageObject\",\"inLanguage\":\"fr-CA\",\"@id\":\"https:\\\/\\\/denisguertinebeniste.com\\\/#\\\/schema\\\/logo\\\/image\\\/\",\"url\":\"https:\\\/\\\/denisguertinebeniste.com\\\/wp-content\\\/uploads\\\/2024\\\/03\\\/logo-DG.webp\",\"contentUrl\":\"https:\\\/\\\/denisguertinebeniste.com\\\/wp-content\\\/uploads\\\/2024\\\/03\\\/logo-DG.webp\",\"width\":300,\"height\":264,\"caption\":\"Denis Guertin \u00c9b\u00e9niste\"},\"image\":{\"@id\":\"https:\\\/\\\/denisguertinebeniste.com\\\/#\\\/schema\\\/logo\\\/image\\\/\"},\"sameAs\":[\"https:\\\/\\\/www.facebook.com\\\/Denis-Guertin-bniste-108733347315125\",\"https:\\\/\\\/www.instagram.com\\\/denisguertin_ebeniste\\\/\"]}]}<\/script>\n<!-- \/ Yoast SEO plugin. -->","yoast_head_json":{"title":"JEU DE SOCI\u00c9T\u00c9 TOCK - 4 JOUEURS (FORMAT VOYAGE) (#310) - Denis Guertin \u00c9b\u00e9niste","description":"JEU DE PLATEAU TOCK - 4 JOUEURS (FORMAT VOYAGE) (#310)","robots":{"index":"index","follow":"follow","max-snippet":"max-snippet:-1","max-image-preview":"max-image-preview:large","max-video-preview":"max-video-preview:-1"},"canonical":"https:\/\/denisguertinebeniste.com\/fr\/boutique\/jeux-de-tock\/jeu-de-societe-tock-pour-4-joueurs-format-voyage-310\/","og_locale":"fr_CA","og_type":"article","og_title":"TOCK BOARD GAME - 4 PLAYERS (TRAVEL SIZE) (#310) - Denis Guertin \u00c9b\u00e9niste","og_description":"TOCK BOARD GAME - 4 PLAYERS (TRAVEL SIZE) (#310)","og_url":"https:\/\/denisguertinebeniste.com\/fr\/boutique\/jeux-de-tock\/jeu-de-societe-tock-pour-4-joueurs-format-voyage-310\/","og_site_name":"Denis Guertin \u00c9b\u00e9niste","article_publisher":"https:\/\/www.facebook.com\/Denis-Guertin-bniste-108733347315125","article_modified_time":"2026-02-06T02:10:39+00:00","og_image":[{"width":2560,"height":2314,"url":"https:\/\/denisguertinebeniste.com\/wp-content\/uploads\/2024\/10\/IMG_5032-scaled.jpeg","type":"image\/jpeg"}],"twitter_card":"summary_large_image","twitter_misc":{"Estimation du temps de lecture":"1 minute"},"schema":{"@context":"https:\/\/schema.org","@graph":[{"@type":"WebPage","@id":"https:\/\/denisguertinebeniste.com\/shop\/tock-games\/tock-board-game-4-players-travel-size-310\/","url":"https:\/\/denisguertinebeniste.com\/shop\/tock-games\/tock-board-game-4-players-travel-size-310\/","name":"JEU DE SOCI\u00c9T\u00c9 TOCK - 4 JOUEURS (FORMAT VOYAGE) (#310) - Denis Guertin \u00c9b\u00e9niste","isPartOf":{"@id":"https:\/\/denisguertinebeniste.com\/#website"},"primaryImageOfPage":{"@id":"https:\/\/denisguertinebeniste.com\/shop\/tock-games\/tock-board-game-4-players-travel-size-310\/#primaryimage"},"image":{"@id":"https:\/\/denisguertinebeniste.com\/shop\/tock-games\/tock-board-game-4-players-travel-size-310\/#primaryimage"},"thumbnailUrl":"https:\/\/denisguertinebeniste.com\/wp-content\/uploads\/2024\/10\/IMG_5032-scaled.jpeg","datePublished":"2025-09-11T21:31:30+00:00","dateModified":"2026-02-06T02:10:39+00:00","description":"JEU DE PLATEAU TOCK - 4 JOUEURS (FORMAT VOYAGE) (#310)","breadcrumb":{"@id":"https:\/\/denisguertinebeniste.com\/shop\/tock-games\/tock-board-game-4-players-travel-size-310\/#breadcrumb"},"inLanguage":"fr-CA","potentialAction":[{"@type":"ReadAction","target":["https:\/\/denisguertinebeniste.com\/shop\/tock-games\/tock-board-game-4-players-travel-size-310\/"]}]},{"@type":"ImageObject","inLanguage":"fr-CA","@id":"https:\/\/denisguertinebeniste.com\/shop\/tock-games\/tock-board-game-4-players-travel-size-310\/#primaryimage","url":"https:\/\/denisguertinebeniste.com\/wp-content\/uploads\/2024\/10\/IMG_5032-scaled.jpeg","contentUrl":"https:\/\/denisguertinebeniste.com\/wp-content\/uploads\/2024\/10\/IMG_5032-scaled.jpeg","width":2560,"height":2314},{"@type":"BreadcrumbList","@id":"https:\/\/denisguertinebeniste.com\/shop\/tock-games\/tock-board-game-4-players-travel-size-310\/#breadcrumb","itemListElement":[{"@type":"ListItem","position":1,"name":"Home","item":"https:\/\/denisguertinebeniste.com\/"},{"@type":"ListItem","position":2,"name":"Shop","item":"https:\/\/denisguertinebeniste.com\/shop\/"},{"@type":"ListItem","position":3,"name":"TOCK BOARD GAME &#8211; 4 PLAYERS (TRAVEL SIZE) (#310)"}]},{"@type":"WebSite","@id":"https:\/\/denisguertinebeniste.com\/#website","url":"https:\/\/denisguertinebeniste.com\/","name":"Denis Guertin \u00c9b\u00e9niste","description":"","publisher":{"@id":"https:\/\/denisguertinebeniste.com\/#organization"},"potentialAction":[{"@type":"SearchAction","target":{"@type":"EntryPoint","urlTemplate":"https:\/\/denisguertinebeniste.com\/?s={search_term_string}"},"query-input":{"@type":"PropertyValueSpecification","valueRequired":true,"valueName":"search_term_string"}}],"inLanguage":"fr-CA"},{"@type":"Organization","@id":"https:\/\/denisguertinebeniste.com\/#organization","name":"Denis Guertin \u00c9b\u00e9niste","url":"https:\/\/denisguertinebeniste.com\/","logo":{"@type":"ImageObject","inLanguage":"fr-CA","@id":"https:\/\/denisguertinebeniste.com\/#\/schema\/logo\/image\/","url":"https:\/\/denisguertinebeniste.com\/wp-content\/uploads\/2024\/03\/logo-DG.webp","contentUrl":"https:\/\/denisguertinebeniste.com\/wp-content\/uploads\/2024\/03\/logo-DG.webp","width":300,"height":264,"caption":"Denis Guertin \u00c9b\u00e9niste"},"image":{"@id":"https:\/\/denisguertinebeniste.com\/#\/schema\/logo\/image\/"},"sameAs":["https:\/\/www.facebook.com\/Denis-Guertin-bniste-108733347315125","https:\/\/www.instagram.com\/denisguertin_ebeniste\/"]}]}},"jetpack_sharing_enabled":true,"_links":{"self":[{"href":"https:\/\/denisguertinebeniste.com\/fr\/wp-json\/wp\/v2\/product\/1641","targetHints":{"allow":["GET"]}}],"collection":[{"href":"https:\/\/denisguertinebeniste.com\/fr\/wp-json\/wp\/v2\/product"}],"about":[{"href":"https:\/\/denisguertinebeniste.com\/fr\/wp-json\/wp\/v2\/types\/product"}],"wp:featuredmedia":[{"embeddable":true,"href":"https:\/\/denisguertinebeniste.com\/fr\/wp-json\/wp\/v2\/media\/1904"}],"wp:attachment":[{"href":"https:\/\/denisguertinebeniste.com\/fr\/wp-json\/wp\/v2\/media?parent=1641"}],"wp:term":[{"taxonomy":"product_brand","embeddable":true,"href":"https:\/\/denisguertinebeniste.com\/fr\/wp-json\/wp\/v2\/product_brand?post=1641"},{"taxonomy":"product_cat","embeddable":true,"href":"https:\/\/denisguertinebeniste.com\/fr\/wp-json\/wp\/v2\/product_cat?post=1641"},{"taxonomy":"product_tag","embeddable":true,"href":"https:\/\/denisguertinebeniste.com\/fr\/wp-json\/wp\/v2\/product_tag?post=1641"}],"curies":[{"name":"wp","href":"https:\/\/api.w.org\/{rel}","templated":true}]}}