{"id":1599,"date":"2025-09-11T15:11:22","date_gmt":"2025-09-11T19:11:22","guid":{"rendered":"https:\/\/denisguertinebeniste.com\/?post_type=product&#038;p=1599"},"modified":"2026-02-09T15:50:12","modified_gmt":"2026-02-09T20:50:12","slug":"gare-mexicaine-orange-et-noire-m105","status":"publish","type":"product","link":"https:\/\/denisguertinebeniste.com\/fr\/shop\/wooden-games\/mexican-train-station-orange-and-black-m105\/","title":{"rendered":"Gare mexicaine (orange et noir) \u2013 # M105"},"content":{"rendered":"<p>La gare mexicaine comprend une gare et 10 trains de couleurs diff\u00e9rentes.\u00a0 <strong><em>Dominos non inclus.<\/em><\/strong><\/p>\n<p>Couleur de la station : orange et noir<\/p>\n<p>Couleur pour les trains : rouge blanc et vert pour le train mexicain et 9 trains de couleurs diff\u00e9rentes (les couleurs peuvent varier).<\/p>\n<p>Taille : 6 pouces pour la gare et 1 pouce pour les trains<\/p>\n<p>Ce produit est notre propre conception r\u00e9alis\u00e9e avec une imprimante 3D avec du mat\u00e9riau PLA. Le filament PLA (acide polylactique) est un mat\u00e9riau d&#039;impression 3D respectueux de l&#039;environnement d\u00e9riv\u00e9 de sources renouvelables comme l&#039;amidon de ma\u00efs et la canne \u00e0 sucre.<\/p>","protected":false},"excerpt":{"rendered":"<p>The Mexican train station\u00a0 includes one Train Station and 10 trains of different colors.\u00a0 Dominos not included. Color of station: orange and black Color for the trains: red white and [&hellip;]<\/p>\n","protected":false},"featured_media":1567,"template":"","meta":{"_acf_changed":false},"product_brand":[],"product_cat":[25,65],"product_tag":[],"class_list":{"0":"post-1599","1":"product","2":"type-product","3":"status-publish","4":"has-post-thumbnail","6":"product_cat-wooden-games","7":"product_cat-mexican-train-station","9":"first","10":"instock","11":"taxable","12":"shipping-taxable","13":"purchasable","14":"product-type-simple"},"acf":[],"yoast_head":"<!-- This site is optimized with the Yoast SEO plugin v27.4 - https:\/\/yoast.com\/product\/yoast-seo-wordpress\/ -->\n<title>Mexican Train Station (Orange and Black) - # M105 - Denis Guertin \u00c9b\u00e9niste<\/title>\n<meta name=\"description\" content=\"Mexican Train Station (Orange and Black) - # M105\" \/>\n<meta name=\"robots\" content=\"index, follow, max-snippet:-1, max-image-preview:large, max-video-preview:-1\" \/>\n<link rel=\"canonical\" href=\"https:\/\/denisguertinebeniste.com\/fr\/boutique\/jeux-en-bois\/gare-mexicaine-orange-et-noire-m105\/\" \/>\n<meta property=\"og:locale\" content=\"fr_CA\" \/>\n<meta property=\"og:type\" content=\"article\" \/>\n<meta property=\"og:title\" content=\"Mexican Train Station (Orange and Black) - # M105 - Denis Guertin \u00c9b\u00e9niste\" \/>\n<meta property=\"og:description\" content=\"Mexican Train Station (Orange and Black) - # M105\" \/>\n<meta property=\"og:url\" content=\"https:\/\/denisguertinebeniste.com\/fr\/boutique\/jeux-en-bois\/gare-mexicaine-orange-et-noire-m105\/\" \/>\n<meta property=\"og:site_name\" content=\"Denis Guertin \u00c9b\u00e9niste\" \/>\n<meta property=\"article:publisher\" content=\"https:\/\/www.facebook.com\/Denis-Guertin-bniste-108733347315125\" \/>\n<meta property=\"article:modified_time\" content=\"2026-02-09T20:50:12+00:00\" \/>\n<meta property=\"og:image\" content=\"https:\/\/denisguertinebeniste.com\/wp-content\/uploads\/2025\/03\/IMG_5607-scaled.jpg\" \/>\n\t<meta property=\"og:image:width\" content=\"2560\" \/>\n\t<meta property=\"og:image:height\" content=\"1707\" \/>\n\t<meta property=\"og:image:type\" content=\"image\/jpeg\" \/>\n<meta name=\"twitter:card\" content=\"summary_large_image\" \/>\n<meta name=\"twitter:label1\" content=\"Estimation du temps de lecture\" \/>\n\t<meta name=\"twitter:data1\" content=\"1 minute\" \/>\n<script type=\"application\/ld+json\" class=\"yoast-schema-graph\">{\"@context\":\"https:\\\/\\\/schema.org\",\"@graph\":[{\"@type\":\"WebPage\",\"@id\":\"https:\\\/\\\/denisguertinebeniste.com\\\/shop\\\/wooden-games\\\/mexican-train-station-orange-and-black-m105\\\/\",\"url\":\"https:\\\/\\\/denisguertinebeniste.com\\\/shop\\\/wooden-games\\\/mexican-train-station-orange-and-black-m105\\\/\",\"name\":\"Mexican Train Station (Orange and Black) - # M105 - Denis Guertin \u00c9b\u00e9niste\",\"isPartOf\":{\"@id\":\"https:\\\/\\\/denisguertinebeniste.com\\\/#website\"},\"primaryImageOfPage\":{\"@id\":\"https:\\\/\\\/denisguertinebeniste.com\\\/shop\\\/wooden-games\\\/mexican-train-station-orange-and-black-m105\\\/#primaryimage\"},\"image\":{\"@id\":\"https:\\\/\\\/denisguertinebeniste.com\\\/shop\\\/wooden-games\\\/mexican-train-station-orange-and-black-m105\\\/#primaryimage\"},\"thumbnailUrl\":\"https:\\\/\\\/denisguertinebeniste.com\\\/wp-content\\\/uploads\\\/2025\\\/03\\\/IMG_5607-scaled.jpg\",\"datePublished\":\"2025-09-11T19:11:22+00:00\",\"dateModified\":\"2026-02-09T20:50:12+00:00\",\"description\":\"Mexican Train Station (Orange and Black) - # M105\",\"breadcrumb\":{\"@id\":\"https:\\\/\\\/denisguertinebeniste.com\\\/shop\\\/wooden-games\\\/mexican-train-station-orange-and-black-m105\\\/#breadcrumb\"},\"inLanguage\":\"fr-CA\",\"potentialAction\":[{\"@type\":\"ReadAction\",\"target\":[\"https:\\\/\\\/denisguertinebeniste.com\\\/shop\\\/wooden-games\\\/mexican-train-station-orange-and-black-m105\\\/\"]}]},{\"@type\":\"ImageObject\",\"inLanguage\":\"fr-CA\",\"@id\":\"https:\\\/\\\/denisguertinebeniste.com\\\/shop\\\/wooden-games\\\/mexican-train-station-orange-and-black-m105\\\/#primaryimage\",\"url\":\"https:\\\/\\\/denisguertinebeniste.com\\\/wp-content\\\/uploads\\\/2025\\\/03\\\/IMG_5607-scaled.jpg\",\"contentUrl\":\"https:\\\/\\\/denisguertinebeniste.com\\\/wp-content\\\/uploads\\\/2025\\\/03\\\/IMG_5607-scaled.jpg\",\"width\":2560,\"height\":1707},{\"@type\":\"BreadcrumbList\",\"@id\":\"https:\\\/\\\/denisguertinebeniste.com\\\/shop\\\/wooden-games\\\/mexican-train-station-orange-and-black-m105\\\/#breadcrumb\",\"itemListElement\":[{\"@type\":\"ListItem\",\"position\":1,\"name\":\"Home\",\"item\":\"https:\\\/\\\/denisguertinebeniste.com\\\/\"},{\"@type\":\"ListItem\",\"position\":2,\"name\":\"Shop\",\"item\":\"https:\\\/\\\/denisguertinebeniste.com\\\/shop\\\/\"},{\"@type\":\"ListItem\",\"position\":3,\"name\":\"Mexican Train Station (Orange and Black) &#8211; # M105\"}]},{\"@type\":\"WebSite\",\"@id\":\"https:\\\/\\\/denisguertinebeniste.com\\\/#website\",\"url\":\"https:\\\/\\\/denisguertinebeniste.com\\\/\",\"name\":\"Denis Guertin \u00c9b\u00e9niste\",\"description\":\"\",\"publisher\":{\"@id\":\"https:\\\/\\\/denisguertinebeniste.com\\\/#organization\"},\"potentialAction\":[{\"@type\":\"SearchAction\",\"target\":{\"@type\":\"EntryPoint\",\"urlTemplate\":\"https:\\\/\\\/denisguertinebeniste.com\\\/?s={search_term_string}\"},\"query-input\":{\"@type\":\"PropertyValueSpecification\",\"valueRequired\":true,\"valueName\":\"search_term_string\"}}],\"inLanguage\":\"fr-CA\"},{\"@type\":\"Organization\",\"@id\":\"https:\\\/\\\/denisguertinebeniste.com\\\/#organization\",\"name\":\"Denis Guertin \u00c9b\u00e9niste\",\"url\":\"https:\\\/\\\/denisguertinebeniste.com\\\/\",\"logo\":{\"@type\":\"ImageObject\",\"inLanguage\":\"fr-CA\",\"@id\":\"https:\\\/\\\/denisguertinebeniste.com\\\/#\\\/schema\\\/logo\\\/image\\\/\",\"url\":\"https:\\\/\\\/denisguertinebeniste.com\\\/wp-content\\\/uploads\\\/2024\\\/03\\\/logo-DG.webp\",\"contentUrl\":\"https:\\\/\\\/denisguertinebeniste.com\\\/wp-content\\\/uploads\\\/2024\\\/03\\\/logo-DG.webp\",\"width\":300,\"height\":264,\"caption\":\"Denis Guertin \u00c9b\u00e9niste\"},\"image\":{\"@id\":\"https:\\\/\\\/denisguertinebeniste.com\\\/#\\\/schema\\\/logo\\\/image\\\/\"},\"sameAs\":[\"https:\\\/\\\/www.facebook.com\\\/Denis-Guertin-bniste-108733347315125\",\"https:\\\/\\\/www.instagram.com\\\/denisguertin_ebeniste\\\/\"]}]}<\/script>\n<!-- \/ Yoast SEO plugin. -->","yoast_head_json":{"title":"Gare Mexicaine (Orange et Noir) - # M105 - Denis Guertin \u00c9b\u00e9niste","description":"Gare mexicaine (orange et noir) - # M105","robots":{"index":"index","follow":"follow","max-snippet":"max-snippet:-1","max-image-preview":"max-image-preview:large","max-video-preview":"max-video-preview:-1"},"canonical":"https:\/\/denisguertinebeniste.com\/fr\/boutique\/jeux-en-bois\/gare-mexicaine-orange-et-noire-m105\/","og_locale":"fr_CA","og_type":"article","og_title":"Mexican Train Station (Orange and Black) - # M105 - Denis Guertin \u00c9b\u00e9niste","og_description":"Mexican Train Station (Orange and Black) - # M105","og_url":"https:\/\/denisguertinebeniste.com\/fr\/boutique\/jeux-en-bois\/gare-mexicaine-orange-et-noire-m105\/","og_site_name":"Denis Guertin \u00c9b\u00e9niste","article_publisher":"https:\/\/www.facebook.com\/Denis-Guertin-bniste-108733347315125","article_modified_time":"2026-02-09T20:50:12+00:00","og_image":[{"width":2560,"height":1707,"url":"https:\/\/denisguertinebeniste.com\/wp-content\/uploads\/2025\/03\/IMG_5607-scaled.jpg","type":"image\/jpeg"}],"twitter_card":"summary_large_image","twitter_misc":{"Estimation du temps de lecture":"1 minute"},"schema":{"@context":"https:\/\/schema.org","@graph":[{"@type":"WebPage","@id":"https:\/\/denisguertinebeniste.com\/shop\/wooden-games\/mexican-train-station-orange-and-black-m105\/","url":"https:\/\/denisguertinebeniste.com\/shop\/wooden-games\/mexican-train-station-orange-and-black-m105\/","name":"Gare Mexicaine (Orange et Noir) - # M105 - Denis Guertin \u00c9b\u00e9niste","isPartOf":{"@id":"https:\/\/denisguertinebeniste.com\/#website"},"primaryImageOfPage":{"@id":"https:\/\/denisguertinebeniste.com\/shop\/wooden-games\/mexican-train-station-orange-and-black-m105\/#primaryimage"},"image":{"@id":"https:\/\/denisguertinebeniste.com\/shop\/wooden-games\/mexican-train-station-orange-and-black-m105\/#primaryimage"},"thumbnailUrl":"https:\/\/denisguertinebeniste.com\/wp-content\/uploads\/2025\/03\/IMG_5607-scaled.jpg","datePublished":"2025-09-11T19:11:22+00:00","dateModified":"2026-02-09T20:50:12+00:00","description":"Gare mexicaine (orange et noir) - # M105","breadcrumb":{"@id":"https:\/\/denisguertinebeniste.com\/shop\/wooden-games\/mexican-train-station-orange-and-black-m105\/#breadcrumb"},"inLanguage":"fr-CA","potentialAction":[{"@type":"ReadAction","target":["https:\/\/denisguertinebeniste.com\/shop\/wooden-games\/mexican-train-station-orange-and-black-m105\/"]}]},{"@type":"ImageObject","inLanguage":"fr-CA","@id":"https:\/\/denisguertinebeniste.com\/shop\/wooden-games\/mexican-train-station-orange-and-black-m105\/#primaryimage","url":"https:\/\/denisguertinebeniste.com\/wp-content\/uploads\/2025\/03\/IMG_5607-scaled.jpg","contentUrl":"https:\/\/denisguertinebeniste.com\/wp-content\/uploads\/2025\/03\/IMG_5607-scaled.jpg","width":2560,"height":1707},{"@type":"BreadcrumbList","@id":"https:\/\/denisguertinebeniste.com\/shop\/wooden-games\/mexican-train-station-orange-and-black-m105\/#breadcrumb","itemListElement":[{"@type":"ListItem","position":1,"name":"Home","item":"https:\/\/denisguertinebeniste.com\/"},{"@type":"ListItem","position":2,"name":"Shop","item":"https:\/\/denisguertinebeniste.com\/shop\/"},{"@type":"ListItem","position":3,"name":"Mexican Train Station (Orange and Black) &#8211; # M105"}]},{"@type":"WebSite","@id":"https:\/\/denisguertinebeniste.com\/#website","url":"https:\/\/denisguertinebeniste.com\/","name":"Denis Guertin \u00c9b\u00e9niste","description":"","publisher":{"@id":"https:\/\/denisguertinebeniste.com\/#organization"},"potentialAction":[{"@type":"SearchAction","target":{"@type":"EntryPoint","urlTemplate":"https:\/\/denisguertinebeniste.com\/?s={search_term_string}"},"query-input":{"@type":"PropertyValueSpecification","valueRequired":true,"valueName":"search_term_string"}}],"inLanguage":"fr-CA"},{"@type":"Organization","@id":"https:\/\/denisguertinebeniste.com\/#organization","name":"Denis Guertin \u00c9b\u00e9niste","url":"https:\/\/denisguertinebeniste.com\/","logo":{"@type":"ImageObject","inLanguage":"fr-CA","@id":"https:\/\/denisguertinebeniste.com\/#\/schema\/logo\/image\/","url":"https:\/\/denisguertinebeniste.com\/wp-content\/uploads\/2024\/03\/logo-DG.webp","contentUrl":"https:\/\/denisguertinebeniste.com\/wp-content\/uploads\/2024\/03\/logo-DG.webp","width":300,"height":264,"caption":"Denis Guertin \u00c9b\u00e9niste"},"image":{"@id":"https:\/\/denisguertinebeniste.com\/#\/schema\/logo\/image\/"},"sameAs":["https:\/\/www.facebook.com\/Denis-Guertin-bniste-108733347315125","https:\/\/www.instagram.com\/denisguertin_ebeniste\/"]}]}},"jetpack_sharing_enabled":true,"_links":{"self":[{"href":"https:\/\/denisguertinebeniste.com\/fr\/wp-json\/wp\/v2\/product\/1599","targetHints":{"allow":["GET"]}}],"collection":[{"href":"https:\/\/denisguertinebeniste.com\/fr\/wp-json\/wp\/v2\/product"}],"about":[{"href":"https:\/\/denisguertinebeniste.com\/fr\/wp-json\/wp\/v2\/types\/product"}],"wp:featuredmedia":[{"embeddable":true,"href":"https:\/\/denisguertinebeniste.com\/fr\/wp-json\/wp\/v2\/media\/1567"}],"wp:attachment":[{"href":"https:\/\/denisguertinebeniste.com\/fr\/wp-json\/wp\/v2\/media?parent=1599"}],"wp:term":[{"taxonomy":"product_brand","embeddable":true,"href":"https:\/\/denisguertinebeniste.com\/fr\/wp-json\/wp\/v2\/product_brand?post=1599"},{"taxonomy":"product_cat","embeddable":true,"href":"https:\/\/denisguertinebeniste.com\/fr\/wp-json\/wp\/v2\/product_cat?post=1599"},{"taxonomy":"product_tag","embeddable":true,"href":"https:\/\/denisguertinebeniste.com\/fr\/wp-json\/wp\/v2\/product_tag?post=1599"}],"curies":[{"name":"wp","href":"https:\/\/api.w.org\/{rel}","templated":true}]}}