{"id":1592,"date":"2025-09-11T14:17:15","date_gmt":"2025-09-11T18:17:15","guid":{"rendered":"https:\/\/denisguertinebeniste.com\/?post_type=product&#038;p=1592"},"modified":"2026-04-05T17:18:26","modified_gmt":"2026-04-05T21:18:26","slug":"jeu-de-societe-tock-pour-4-joueurs-437","status":"publish","type":"product","link":"https:\/\/denisguertinebeniste.com\/fr\/shop\/tock-games\/tock-game-board-4-players-437\/","title":{"rendered":"PLATEAU DE JEU TOCK \u2013 4 JOUEURS (#437) AVEC CARTES \u00c0 JOUER TOCK"},"content":{"rendered":"<p>Que vous le connaissiez sous le nom de Tock ou sous un autre nom (Aggravation, Wampoo, Wahoo, Jokers and Marbles, Ludo, etc.), la base du jeu est \u00e0 peu pr\u00e8s toujours la m\u00eame\u00a0: soyez le premier joueur \u00e0 introduire les 4 billes dans la maison pour gagner.<\/p>\n<p>Il s&#039;agit d&#039;un plateau de Tock en bois massif pour 4 joueurs de 18\u2033 x 18\u2033 x 3\/4\u2033 fabriqu\u00e9 \u00e0 partir de (de gauche \u00e0 droite) : \u00e9rable mouchet\u00e9, noyer, \u00e9rable, padouk, fr\u00eane, \u00e9rable mouchet\u00e9, fr\u00eane et \u00e9rable mouchet\u00e9.<\/p>\n<p><strong>COMPRIS: <\/strong>\u00a0Plateau pour 4 joueurs, 30 billes en bouleau (6 couleurs diff\u00e9rentes, 4 billes + 1 bille suppl\u00e9mentaire de chaque couleur), r\u00e8gles du jeu, un sac de transport et <strong>vous recevez \u00e9galement un jeu de cartes <em>nos propres cartes \u00e0 jouer Tock originales (81 cartes).<\/em><\/strong><\/p>","protected":false},"excerpt":{"rendered":"<p>Whether you know it as Tock or by another name (Aggravation, Wampoo, Wahoo, Jokers and Marbles, Ludo, etc.), the basis of the game is pretty much always the same; Be [&hellip;]<\/p>\n","protected":false},"featured_media":1998,"template":"","meta":{"_acf_changed":false},"product_brand":[],"product_cat":[30],"product_tag":[],"class_list":{"0":"post-1592","1":"product","2":"type-product","3":"status-publish","4":"has-post-thumbnail","6":"product_cat-tock-games","8":"first","9":"outofstock","10":"taxable","11":"shipping-taxable","12":"purchasable","13":"product-type-simple"},"acf":[],"yoast_head":"<!-- This site is optimized with the Yoast SEO plugin v27.4 - https:\/\/yoast.com\/product\/yoast-seo-wordpress\/ -->\n<title>TOCK GAME BOARD - 4 PLAYERS (#437) WITH TOCK PLAYING CARDS - Denis Guertin \u00c9b\u00e9niste<\/title>\n<meta name=\"description\" content=\"TOCK GAME BOARD - 4 PLAYERS (#437) WITH TOCK PLAYING CARDS\" \/>\n<meta name=\"robots\" content=\"index, follow, max-snippet:-1, max-image-preview:large, max-video-preview:-1\" \/>\n<link rel=\"canonical\" href=\"https:\/\/denisguertinebeniste.com\/fr\/boutique\/jeux-de-tock\/jeu-de-societe-tock-pour-4-joueurs-437\/\" \/>\n<meta property=\"og:locale\" content=\"fr_CA\" \/>\n<meta property=\"og:type\" content=\"article\" \/>\n<meta property=\"og:title\" content=\"TOCK GAME BOARD - 4 PLAYERS (#437) WITH TOCK PLAYING CARDS - Denis Guertin \u00c9b\u00e9niste\" \/>\n<meta property=\"og:description\" content=\"TOCK GAME BOARD - 4 PLAYERS (#437) WITH TOCK PLAYING CARDS\" \/>\n<meta property=\"og:url\" content=\"https:\/\/denisguertinebeniste.com\/fr\/boutique\/jeux-de-tock\/jeu-de-societe-tock-pour-4-joueurs-437\/\" \/>\n<meta property=\"og:site_name\" content=\"Denis Guertin \u00c9b\u00e9niste\" \/>\n<meta property=\"article:publisher\" content=\"https:\/\/www.facebook.com\/Denis-Guertin-bniste-108733347315125\" \/>\n<meta property=\"article:modified_time\" content=\"2026-04-05T21:18:26+00:00\" \/>\n<meta property=\"og:image\" content=\"https:\/\/denisguertinebeniste.com\/wp-content\/uploads\/2025\/01\/IMG_53331-scaled-e1774881185897.jpeg\" \/>\n\t<meta property=\"og:image:width\" content=\"2560\" \/>\n\t<meta property=\"og:image:height\" content=\"1920\" \/>\n\t<meta property=\"og:image:type\" content=\"image\/jpeg\" \/>\n<meta name=\"twitter:card\" content=\"summary_large_image\" \/>\n<meta name=\"twitter:label1\" content=\"Estimation du temps de lecture\" \/>\n\t<meta name=\"twitter:data1\" content=\"1 minute\" \/>\n<script type=\"application\/ld+json\" class=\"yoast-schema-graph\">{\"@context\":\"https:\\\/\\\/schema.org\",\"@graph\":[{\"@type\":\"WebPage\",\"@id\":\"https:\\\/\\\/denisguertinebeniste.com\\\/shop\\\/tock-games\\\/tock-game-board-4-players-437\\\/\",\"url\":\"https:\\\/\\\/denisguertinebeniste.com\\\/shop\\\/tock-games\\\/tock-game-board-4-players-437\\\/\",\"name\":\"TOCK GAME BOARD - 4 PLAYERS (#437) WITH TOCK PLAYING CARDS - Denis Guertin \u00c9b\u00e9niste\",\"isPartOf\":{\"@id\":\"https:\\\/\\\/denisguertinebeniste.com\\\/#website\"},\"primaryImageOfPage\":{\"@id\":\"https:\\\/\\\/denisguertinebeniste.com\\\/shop\\\/tock-games\\\/tock-game-board-4-players-437\\\/#primaryimage\"},\"image\":{\"@id\":\"https:\\\/\\\/denisguertinebeniste.com\\\/shop\\\/tock-games\\\/tock-game-board-4-players-437\\\/#primaryimage\"},\"thumbnailUrl\":\"https:\\\/\\\/denisguertinebeniste.com\\\/wp-content\\\/uploads\\\/2025\\\/01\\\/IMG_53331-scaled-e1774881185897.jpeg\",\"datePublished\":\"2025-09-11T18:17:15+00:00\",\"dateModified\":\"2026-04-05T21:18:26+00:00\",\"description\":\"TOCK GAME BOARD - 4 PLAYERS (#437) WITH TOCK PLAYING CARDS\",\"breadcrumb\":{\"@id\":\"https:\\\/\\\/denisguertinebeniste.com\\\/shop\\\/tock-games\\\/tock-game-board-4-players-437\\\/#breadcrumb\"},\"inLanguage\":\"fr-CA\",\"potentialAction\":[{\"@type\":\"ReadAction\",\"target\":[\"https:\\\/\\\/denisguertinebeniste.com\\\/shop\\\/tock-games\\\/tock-game-board-4-players-437\\\/\"]}]},{\"@type\":\"ImageObject\",\"inLanguage\":\"fr-CA\",\"@id\":\"https:\\\/\\\/denisguertinebeniste.com\\\/shop\\\/tock-games\\\/tock-game-board-4-players-437\\\/#primaryimage\",\"url\":\"https:\\\/\\\/denisguertinebeniste.com\\\/wp-content\\\/uploads\\\/2025\\\/01\\\/IMG_53331-scaled-e1774881185897.jpeg\",\"contentUrl\":\"https:\\\/\\\/denisguertinebeniste.com\\\/wp-content\\\/uploads\\\/2025\\\/01\\\/IMG_53331-scaled-e1774881185897.jpeg\",\"width\":2560,\"height\":1920},{\"@type\":\"BreadcrumbList\",\"@id\":\"https:\\\/\\\/denisguertinebeniste.com\\\/shop\\\/tock-games\\\/tock-game-board-4-players-437\\\/#breadcrumb\",\"itemListElement\":[{\"@type\":\"ListItem\",\"position\":1,\"name\":\"Home\",\"item\":\"https:\\\/\\\/denisguertinebeniste.com\\\/\"},{\"@type\":\"ListItem\",\"position\":2,\"name\":\"Shop\",\"item\":\"https:\\\/\\\/denisguertinebeniste.com\\\/shop\\\/\"},{\"@type\":\"ListItem\",\"position\":3,\"name\":\"TOCK GAME BOARD &#8211; 4 PLAYERS (#437) WITH TOCK PLAYING CARDS\"}]},{\"@type\":\"WebSite\",\"@id\":\"https:\\\/\\\/denisguertinebeniste.com\\\/#website\",\"url\":\"https:\\\/\\\/denisguertinebeniste.com\\\/\",\"name\":\"Denis Guertin \u00c9b\u00e9niste\",\"description\":\"\",\"publisher\":{\"@id\":\"https:\\\/\\\/denisguertinebeniste.com\\\/#organization\"},\"potentialAction\":[{\"@type\":\"SearchAction\",\"target\":{\"@type\":\"EntryPoint\",\"urlTemplate\":\"https:\\\/\\\/denisguertinebeniste.com\\\/?s={search_term_string}\"},\"query-input\":{\"@type\":\"PropertyValueSpecification\",\"valueRequired\":true,\"valueName\":\"search_term_string\"}}],\"inLanguage\":\"fr-CA\"},{\"@type\":\"Organization\",\"@id\":\"https:\\\/\\\/denisguertinebeniste.com\\\/#organization\",\"name\":\"Denis Guertin \u00c9b\u00e9niste\",\"url\":\"https:\\\/\\\/denisguertinebeniste.com\\\/\",\"logo\":{\"@type\":\"ImageObject\",\"inLanguage\":\"fr-CA\",\"@id\":\"https:\\\/\\\/denisguertinebeniste.com\\\/#\\\/schema\\\/logo\\\/image\\\/\",\"url\":\"https:\\\/\\\/denisguertinebeniste.com\\\/wp-content\\\/uploads\\\/2024\\\/03\\\/logo-DG.webp\",\"contentUrl\":\"https:\\\/\\\/denisguertinebeniste.com\\\/wp-content\\\/uploads\\\/2024\\\/03\\\/logo-DG.webp\",\"width\":300,\"height\":264,\"caption\":\"Denis Guertin \u00c9b\u00e9niste\"},\"image\":{\"@id\":\"https:\\\/\\\/denisguertinebeniste.com\\\/#\\\/schema\\\/logo\\\/image\\\/\"},\"sameAs\":[\"https:\\\/\\\/www.facebook.com\\\/Denis-Guertin-bniste-108733347315125\",\"https:\\\/\\\/www.instagram.com\\\/denisguertin_ebeniste\\\/\"]}]}<\/script>\n<!-- \/ Yoast SEO plugin. -->","yoast_head_json":{"title":"Plateau de jeu Tock - 4 joueurs (#437) avec cartes \u00e0 jouer Tock - Denis Guertin \u00c9b\u00e9niste","description":"PLATEAU DE JEU TOCK - 4 JOUEURS (#437) AVEC CARTES \u00c0 JOUER TOCK","robots":{"index":"index","follow":"follow","max-snippet":"max-snippet:-1","max-image-preview":"max-image-preview:large","max-video-preview":"max-video-preview:-1"},"canonical":"https:\/\/denisguertinebeniste.com\/fr\/boutique\/jeux-de-tock\/jeu-de-societe-tock-pour-4-joueurs-437\/","og_locale":"fr_CA","og_type":"article","og_title":"TOCK GAME BOARD - 4 PLAYERS (#437) WITH TOCK PLAYING CARDS - Denis Guertin \u00c9b\u00e9niste","og_description":"TOCK GAME BOARD - 4 PLAYERS (#437) WITH TOCK PLAYING CARDS","og_url":"https:\/\/denisguertinebeniste.com\/fr\/boutique\/jeux-de-tock\/jeu-de-societe-tock-pour-4-joueurs-437\/","og_site_name":"Denis Guertin \u00c9b\u00e9niste","article_publisher":"https:\/\/www.facebook.com\/Denis-Guertin-bniste-108733347315125","article_modified_time":"2026-04-05T21:18:26+00:00","og_image":[{"width":2560,"height":1920,"url":"https:\/\/denisguertinebeniste.com\/wp-content\/uploads\/2025\/01\/IMG_53331-scaled-e1774881185897.jpeg","type":"image\/jpeg"}],"twitter_card":"summary_large_image","twitter_misc":{"Estimation du temps de lecture":"1 minute"},"schema":{"@context":"https:\/\/schema.org","@graph":[{"@type":"WebPage","@id":"https:\/\/denisguertinebeniste.com\/shop\/tock-games\/tock-game-board-4-players-437\/","url":"https:\/\/denisguertinebeniste.com\/shop\/tock-games\/tock-game-board-4-players-437\/","name":"Plateau de jeu Tock - 4 joueurs (#437) avec cartes \u00e0 jouer Tock - Denis Guertin \u00c9b\u00e9niste","isPartOf":{"@id":"https:\/\/denisguertinebeniste.com\/#website"},"primaryImageOfPage":{"@id":"https:\/\/denisguertinebeniste.com\/shop\/tock-games\/tock-game-board-4-players-437\/#primaryimage"},"image":{"@id":"https:\/\/denisguertinebeniste.com\/shop\/tock-games\/tock-game-board-4-players-437\/#primaryimage"},"thumbnailUrl":"https:\/\/denisguertinebeniste.com\/wp-content\/uploads\/2025\/01\/IMG_53331-scaled-e1774881185897.jpeg","datePublished":"2025-09-11T18:17:15+00:00","dateModified":"2026-04-05T21:18:26+00:00","description":"PLATEAU DE JEU TOCK - 4 JOUEURS (#437) AVEC CARTES \u00c0 JOUER TOCK","breadcrumb":{"@id":"https:\/\/denisguertinebeniste.com\/shop\/tock-games\/tock-game-board-4-players-437\/#breadcrumb"},"inLanguage":"fr-CA","potentialAction":[{"@type":"ReadAction","target":["https:\/\/denisguertinebeniste.com\/shop\/tock-games\/tock-game-board-4-players-437\/"]}]},{"@type":"ImageObject","inLanguage":"fr-CA","@id":"https:\/\/denisguertinebeniste.com\/shop\/tock-games\/tock-game-board-4-players-437\/#primaryimage","url":"https:\/\/denisguertinebeniste.com\/wp-content\/uploads\/2025\/01\/IMG_53331-scaled-e1774881185897.jpeg","contentUrl":"https:\/\/denisguertinebeniste.com\/wp-content\/uploads\/2025\/01\/IMG_53331-scaled-e1774881185897.jpeg","width":2560,"height":1920},{"@type":"BreadcrumbList","@id":"https:\/\/denisguertinebeniste.com\/shop\/tock-games\/tock-game-board-4-players-437\/#breadcrumb","itemListElement":[{"@type":"ListItem","position":1,"name":"Home","item":"https:\/\/denisguertinebeniste.com\/"},{"@type":"ListItem","position":2,"name":"Shop","item":"https:\/\/denisguertinebeniste.com\/shop\/"},{"@type":"ListItem","position":3,"name":"TOCK GAME BOARD &#8211; 4 PLAYERS (#437) WITH TOCK PLAYING CARDS"}]},{"@type":"WebSite","@id":"https:\/\/denisguertinebeniste.com\/#website","url":"https:\/\/denisguertinebeniste.com\/","name":"Denis Guertin \u00c9b\u00e9niste","description":"","publisher":{"@id":"https:\/\/denisguertinebeniste.com\/#organization"},"potentialAction":[{"@type":"SearchAction","target":{"@type":"EntryPoint","urlTemplate":"https:\/\/denisguertinebeniste.com\/?s={search_term_string}"},"query-input":{"@type":"PropertyValueSpecification","valueRequired":true,"valueName":"search_term_string"}}],"inLanguage":"fr-CA"},{"@type":"Organization","@id":"https:\/\/denisguertinebeniste.com\/#organization","name":"Denis Guertin \u00c9b\u00e9niste","url":"https:\/\/denisguertinebeniste.com\/","logo":{"@type":"ImageObject","inLanguage":"fr-CA","@id":"https:\/\/denisguertinebeniste.com\/#\/schema\/logo\/image\/","url":"https:\/\/denisguertinebeniste.com\/wp-content\/uploads\/2024\/03\/logo-DG.webp","contentUrl":"https:\/\/denisguertinebeniste.com\/wp-content\/uploads\/2024\/03\/logo-DG.webp","width":300,"height":264,"caption":"Denis Guertin \u00c9b\u00e9niste"},"image":{"@id":"https:\/\/denisguertinebeniste.com\/#\/schema\/logo\/image\/"},"sameAs":["https:\/\/www.facebook.com\/Denis-Guertin-bniste-108733347315125","https:\/\/www.instagram.com\/denisguertin_ebeniste\/"]}]}},"jetpack_sharing_enabled":true,"_links":{"self":[{"href":"https:\/\/denisguertinebeniste.com\/fr\/wp-json\/wp\/v2\/product\/1592","targetHints":{"allow":["GET"]}}],"collection":[{"href":"https:\/\/denisguertinebeniste.com\/fr\/wp-json\/wp\/v2\/product"}],"about":[{"href":"https:\/\/denisguertinebeniste.com\/fr\/wp-json\/wp\/v2\/types\/product"}],"wp:featuredmedia":[{"embeddable":true,"href":"https:\/\/denisguertinebeniste.com\/fr\/wp-json\/wp\/v2\/media\/1998"}],"wp:attachment":[{"href":"https:\/\/denisguertinebeniste.com\/fr\/wp-json\/wp\/v2\/media?parent=1592"}],"wp:term":[{"taxonomy":"product_brand","embeddable":true,"href":"https:\/\/denisguertinebeniste.com\/fr\/wp-json\/wp\/v2\/product_brand?post=1592"},{"taxonomy":"product_cat","embeddable":true,"href":"https:\/\/denisguertinebeniste.com\/fr\/wp-json\/wp\/v2\/product_cat?post=1592"},{"taxonomy":"product_tag","embeddable":true,"href":"https:\/\/denisguertinebeniste.com\/fr\/wp-json\/wp\/v2\/product_tag?post=1592"}],"curies":[{"name":"wp","href":"https:\/\/api.w.org\/{rel}","templated":true}]}}