{"id":1476,"date":"2025-05-19T11:38:41","date_gmt":"2025-05-19T15:38:41","guid":{"rendered":"https:\/\/denisguertinebeniste.com\/?post_type=product&#038;p=1476"},"modified":"2025-12-16T00:17:48","modified_gmt":"2025-12-16T05:17:48","slug":"planche-a-decouper-10-196-x-12","status":"publish","type":"product","link":"https:\/\/denisguertinebeniste.com\/fr\/shop\/serving-boards\/cutting-board-10-196-x-12\/","title":{"rendered":"Planche \u00e0 d\u00e9couper #10 (19,6&quot; x 12&quot;)"},"content":{"rendered":"<p>Belle planche \u00e0 d\u00e9couper en bois massif 19,6 x 12 pouces<\/p>\n<p>Type de bois de haut en bas : Cerisier, Fr\u00eane, Jatoba, Noyer, \u00c9rable mouchet\u00e9, Noyer, Fr\u00eane et Cerisier<\/p>\n<p>&nbsp;<\/p>","protected":false},"excerpt":{"rendered":"<p>Beautiful solid wood cutting board 19,6 x 12 inches Type of wood from top to bottom: Cherry, Ash, Jatoba, Walnut, Birds Eye Maple, Walnut, Ash and Cherry &nbsp;<\/p>","protected":false},"featured_media":1434,"template":"","meta":{"_acf_changed":false},"product_brand":[],"product_cat":[32],"product_tag":[],"class_list":{"0":"post-1476","1":"product","2":"type-product","3":"status-publish","4":"has-post-thumbnail","6":"product_cat-serving-boards","8":"first","9":"outofstock","10":"taxable","11":"shipping-taxable","12":"purchasable","13":"product-type-simple"},"acf":[],"yoast_head":"<!-- This site is optimized with the Yoast SEO plugin v27.4 - https:\/\/yoast.com\/product\/yoast-seo-wordpress\/ -->\n<title>Cutting Board #10 (19,6&#039;&#039; x 12&#039;&#039;) - Denis Guertin \u00c9b\u00e9niste<\/title>\n<meta name=\"description\" content=\"Cutting Board #10 (19,6&#039;&#039; x 12&#039;&#039;)\" \/>\n<meta name=\"robots\" content=\"index, follow, max-snippet:-1, max-image-preview:large, max-video-preview:-1\" \/>\n<link rel=\"canonical\" href=\"https:\/\/denisguertinebeniste.com\/fr\/boutique\/planches-de-service\/planche-a-decouper-10-196-x-12\/\" \/>\n<meta property=\"og:locale\" content=\"fr_CA\" \/>\n<meta property=\"og:type\" content=\"article\" \/>\n<meta property=\"og:title\" content=\"Cutting Board #10 (19,6&#039;&#039; x 12&#039;&#039;) - Denis Guertin \u00c9b\u00e9niste\" \/>\n<meta property=\"og:description\" content=\"Cutting Board #10 (19,6&#039;&#039; x 12&#039;&#039;)\" \/>\n<meta property=\"og:url\" content=\"https:\/\/denisguertinebeniste.com\/fr\/boutique\/planches-de-service\/planche-a-decouper-10-196-x-12\/\" \/>\n<meta property=\"og:site_name\" content=\"Denis Guertin \u00c9b\u00e9niste\" \/>\n<meta property=\"article:publisher\" content=\"https:\/\/www.facebook.com\/Denis-Guertin-bniste-108733347315125\" \/>\n<meta property=\"article:modified_time\" content=\"2025-12-16T05:17:48+00:00\" \/>\n<meta property=\"og:image\" content=\"https:\/\/denisguertinebeniste.com\/wp-content\/uploads\/2025\/03\/IMG_5484-scaled-e1747669375232.jpg\" \/>\n\t<meta property=\"og:image:width\" content=\"2560\" \/>\n\t<meta property=\"og:image:height\" content=\"1707\" \/>\n\t<meta property=\"og:image:type\" content=\"image\/jpeg\" \/>\n<meta name=\"twitter:card\" content=\"summary_large_image\" \/>\n<meta name=\"twitter:label1\" content=\"Estimation du temps de lecture\" \/>\n\t<meta name=\"twitter:data1\" content=\"1 minute\" \/>\n<script type=\"application\/ld+json\" class=\"yoast-schema-graph\">{\"@context\":\"https:\\\/\\\/schema.org\",\"@graph\":[{\"@type\":\"WebPage\",\"@id\":\"https:\\\/\\\/denisguertinebeniste.com\\\/shop\\\/serving-boards\\\/cutting-board-10-196-x-12\\\/\",\"url\":\"https:\\\/\\\/denisguertinebeniste.com\\\/shop\\\/serving-boards\\\/cutting-board-10-196-x-12\\\/\",\"name\":\"Cutting Board #10 (19,6'' x 12'') - Denis Guertin \u00c9b\u00e9niste\",\"isPartOf\":{\"@id\":\"https:\\\/\\\/denisguertinebeniste.com\\\/#website\"},\"primaryImageOfPage\":{\"@id\":\"https:\\\/\\\/denisguertinebeniste.com\\\/shop\\\/serving-boards\\\/cutting-board-10-196-x-12\\\/#primaryimage\"},\"image\":{\"@id\":\"https:\\\/\\\/denisguertinebeniste.com\\\/shop\\\/serving-boards\\\/cutting-board-10-196-x-12\\\/#primaryimage\"},\"thumbnailUrl\":\"https:\\\/\\\/denisguertinebeniste.com\\\/wp-content\\\/uploads\\\/2025\\\/03\\\/IMG_5484-scaled-e1747669375232.jpg\",\"datePublished\":\"2025-05-19T15:38:41+00:00\",\"dateModified\":\"2025-12-16T05:17:48+00:00\",\"description\":\"Cutting Board #10 (19,6'' x 12'')\",\"breadcrumb\":{\"@id\":\"https:\\\/\\\/denisguertinebeniste.com\\\/shop\\\/serving-boards\\\/cutting-board-10-196-x-12\\\/#breadcrumb\"},\"inLanguage\":\"fr-CA\",\"potentialAction\":[{\"@type\":\"ReadAction\",\"target\":[\"https:\\\/\\\/denisguertinebeniste.com\\\/shop\\\/serving-boards\\\/cutting-board-10-196-x-12\\\/\"]}]},{\"@type\":\"ImageObject\",\"inLanguage\":\"fr-CA\",\"@id\":\"https:\\\/\\\/denisguertinebeniste.com\\\/shop\\\/serving-boards\\\/cutting-board-10-196-x-12\\\/#primaryimage\",\"url\":\"https:\\\/\\\/denisguertinebeniste.com\\\/wp-content\\\/uploads\\\/2025\\\/03\\\/IMG_5484-scaled-e1747669375232.jpg\",\"contentUrl\":\"https:\\\/\\\/denisguertinebeniste.com\\\/wp-content\\\/uploads\\\/2025\\\/03\\\/IMG_5484-scaled-e1747669375232.jpg\",\"width\":2560,\"height\":1707},{\"@type\":\"BreadcrumbList\",\"@id\":\"https:\\\/\\\/denisguertinebeniste.com\\\/shop\\\/serving-boards\\\/cutting-board-10-196-x-12\\\/#breadcrumb\",\"itemListElement\":[{\"@type\":\"ListItem\",\"position\":1,\"name\":\"Home\",\"item\":\"https:\\\/\\\/denisguertinebeniste.com\\\/\"},{\"@type\":\"ListItem\",\"position\":2,\"name\":\"Shop\",\"item\":\"https:\\\/\\\/denisguertinebeniste.com\\\/shop\\\/\"},{\"@type\":\"ListItem\",\"position\":3,\"name\":\"Cutting Board #10 (19,6&#8221; x 12&#8221;)\"}]},{\"@type\":\"WebSite\",\"@id\":\"https:\\\/\\\/denisguertinebeniste.com\\\/#website\",\"url\":\"https:\\\/\\\/denisguertinebeniste.com\\\/\",\"name\":\"Denis Guertin \u00c9b\u00e9niste\",\"description\":\"\",\"publisher\":{\"@id\":\"https:\\\/\\\/denisguertinebeniste.com\\\/#organization\"},\"potentialAction\":[{\"@type\":\"SearchAction\",\"target\":{\"@type\":\"EntryPoint\",\"urlTemplate\":\"https:\\\/\\\/denisguertinebeniste.com\\\/?s={search_term_string}\"},\"query-input\":{\"@type\":\"PropertyValueSpecification\",\"valueRequired\":true,\"valueName\":\"search_term_string\"}}],\"inLanguage\":\"fr-CA\"},{\"@type\":\"Organization\",\"@id\":\"https:\\\/\\\/denisguertinebeniste.com\\\/#organization\",\"name\":\"Denis Guertin \u00c9b\u00e9niste\",\"url\":\"https:\\\/\\\/denisguertinebeniste.com\\\/\",\"logo\":{\"@type\":\"ImageObject\",\"inLanguage\":\"fr-CA\",\"@id\":\"https:\\\/\\\/denisguertinebeniste.com\\\/#\\\/schema\\\/logo\\\/image\\\/\",\"url\":\"https:\\\/\\\/denisguertinebeniste.com\\\/wp-content\\\/uploads\\\/2024\\\/03\\\/logo-DG.webp\",\"contentUrl\":\"https:\\\/\\\/denisguertinebeniste.com\\\/wp-content\\\/uploads\\\/2024\\\/03\\\/logo-DG.webp\",\"width\":300,\"height\":264,\"caption\":\"Denis Guertin \u00c9b\u00e9niste\"},\"image\":{\"@id\":\"https:\\\/\\\/denisguertinebeniste.com\\\/#\\\/schema\\\/logo\\\/image\\\/\"},\"sameAs\":[\"https:\\\/\\\/www.facebook.com\\\/Denis-Guertin-bniste-108733347315125\",\"https:\\\/\\\/www.instagram.com\\\/denisguertin_ebeniste\\\/\"]}]}<\/script>\n<!-- \/ Yoast SEO plugin. -->","yoast_head_json":{"title":"Planche \u00e0 d\u00e9couper #10 (19,6&#039;&#039; x 12&#039;&#039;) - Denis Guertin \u00c9b\u00e9niste","description":"Planche \u00e0 d\u00e9couper #10 (19,6&#039;&#039; x 12&#039;&#039;)","robots":{"index":"index","follow":"follow","max-snippet":"max-snippet:-1","max-image-preview":"max-image-preview:large","max-video-preview":"max-video-preview:-1"},"canonical":"https:\/\/denisguertinebeniste.com\/fr\/boutique\/planches-de-service\/planche-a-decouper-10-196-x-12\/","og_locale":"fr_CA","og_type":"article","og_title":"Cutting Board #10 (19,6'' x 12'') - Denis Guertin \u00c9b\u00e9niste","og_description":"Cutting Board #10 (19,6'' x 12'')","og_url":"https:\/\/denisguertinebeniste.com\/fr\/boutique\/planches-de-service\/planche-a-decouper-10-196-x-12\/","og_site_name":"Denis Guertin \u00c9b\u00e9niste","article_publisher":"https:\/\/www.facebook.com\/Denis-Guertin-bniste-108733347315125","article_modified_time":"2025-12-16T05:17:48+00:00","og_image":[{"width":2560,"height":1707,"url":"https:\/\/denisguertinebeniste.com\/wp-content\/uploads\/2025\/03\/IMG_5484-scaled-e1747669375232.jpg","type":"image\/jpeg"}],"twitter_card":"summary_large_image","twitter_misc":{"Estimation du temps de lecture":"1 minute"},"schema":{"@context":"https:\/\/schema.org","@graph":[{"@type":"WebPage","@id":"https:\/\/denisguertinebeniste.com\/shop\/serving-boards\/cutting-board-10-196-x-12\/","url":"https:\/\/denisguertinebeniste.com\/shop\/serving-boards\/cutting-board-10-196-x-12\/","name":"Planche \u00e0 d\u00e9couper #10 (19,6&#039;&#039; x 12&#039;&#039;) - Denis Guertin \u00c9b\u00e9niste","isPartOf":{"@id":"https:\/\/denisguertinebeniste.com\/#website"},"primaryImageOfPage":{"@id":"https:\/\/denisguertinebeniste.com\/shop\/serving-boards\/cutting-board-10-196-x-12\/#primaryimage"},"image":{"@id":"https:\/\/denisguertinebeniste.com\/shop\/serving-boards\/cutting-board-10-196-x-12\/#primaryimage"},"thumbnailUrl":"https:\/\/denisguertinebeniste.com\/wp-content\/uploads\/2025\/03\/IMG_5484-scaled-e1747669375232.jpg","datePublished":"2025-05-19T15:38:41+00:00","dateModified":"2025-12-16T05:17:48+00:00","description":"Planche \u00e0 d\u00e9couper #10 (19,6&#039;&#039; x 12&#039;&#039;)","breadcrumb":{"@id":"https:\/\/denisguertinebeniste.com\/shop\/serving-boards\/cutting-board-10-196-x-12\/#breadcrumb"},"inLanguage":"fr-CA","potentialAction":[{"@type":"ReadAction","target":["https:\/\/denisguertinebeniste.com\/shop\/serving-boards\/cutting-board-10-196-x-12\/"]}]},{"@type":"ImageObject","inLanguage":"fr-CA","@id":"https:\/\/denisguertinebeniste.com\/shop\/serving-boards\/cutting-board-10-196-x-12\/#primaryimage","url":"https:\/\/denisguertinebeniste.com\/wp-content\/uploads\/2025\/03\/IMG_5484-scaled-e1747669375232.jpg","contentUrl":"https:\/\/denisguertinebeniste.com\/wp-content\/uploads\/2025\/03\/IMG_5484-scaled-e1747669375232.jpg","width":2560,"height":1707},{"@type":"BreadcrumbList","@id":"https:\/\/denisguertinebeniste.com\/shop\/serving-boards\/cutting-board-10-196-x-12\/#breadcrumb","itemListElement":[{"@type":"ListItem","position":1,"name":"Home","item":"https:\/\/denisguertinebeniste.com\/"},{"@type":"ListItem","position":2,"name":"Shop","item":"https:\/\/denisguertinebeniste.com\/shop\/"},{"@type":"ListItem","position":3,"name":"Cutting Board #10 (19,6&#8221; x 12&#8221;)"}]},{"@type":"WebSite","@id":"https:\/\/denisguertinebeniste.com\/#website","url":"https:\/\/denisguertinebeniste.com\/","name":"Denis Guertin \u00c9b\u00e9niste","description":"","publisher":{"@id":"https:\/\/denisguertinebeniste.com\/#organization"},"potentialAction":[{"@type":"SearchAction","target":{"@type":"EntryPoint","urlTemplate":"https:\/\/denisguertinebeniste.com\/?s={search_term_string}"},"query-input":{"@type":"PropertyValueSpecification","valueRequired":true,"valueName":"search_term_string"}}],"inLanguage":"fr-CA"},{"@type":"Organization","@id":"https:\/\/denisguertinebeniste.com\/#organization","name":"Denis Guertin \u00c9b\u00e9niste","url":"https:\/\/denisguertinebeniste.com\/","logo":{"@type":"ImageObject","inLanguage":"fr-CA","@id":"https:\/\/denisguertinebeniste.com\/#\/schema\/logo\/image\/","url":"https:\/\/denisguertinebeniste.com\/wp-content\/uploads\/2024\/03\/logo-DG.webp","contentUrl":"https:\/\/denisguertinebeniste.com\/wp-content\/uploads\/2024\/03\/logo-DG.webp","width":300,"height":264,"caption":"Denis Guertin \u00c9b\u00e9niste"},"image":{"@id":"https:\/\/denisguertinebeniste.com\/#\/schema\/logo\/image\/"},"sameAs":["https:\/\/www.facebook.com\/Denis-Guertin-bniste-108733347315125","https:\/\/www.instagram.com\/denisguertin_ebeniste\/"]}]}},"jetpack_sharing_enabled":true,"_links":{"self":[{"href":"https:\/\/denisguertinebeniste.com\/fr\/wp-json\/wp\/v2\/product\/1476","targetHints":{"allow":["GET"]}}],"collection":[{"href":"https:\/\/denisguertinebeniste.com\/fr\/wp-json\/wp\/v2\/product"}],"about":[{"href":"https:\/\/denisguertinebeniste.com\/fr\/wp-json\/wp\/v2\/types\/product"}],"wp:featuredmedia":[{"embeddable":true,"href":"https:\/\/denisguertinebeniste.com\/fr\/wp-json\/wp\/v2\/media\/1434"}],"wp:attachment":[{"href":"https:\/\/denisguertinebeniste.com\/fr\/wp-json\/wp\/v2\/media?parent=1476"}],"wp:term":[{"taxonomy":"product_brand","embeddable":true,"href":"https:\/\/denisguertinebeniste.com\/fr\/wp-json\/wp\/v2\/product_brand?post=1476"},{"taxonomy":"product_cat","embeddable":true,"href":"https:\/\/denisguertinebeniste.com\/fr\/wp-json\/wp\/v2\/product_cat?post=1476"},{"taxonomy":"product_tag","embeddable":true,"href":"https:\/\/denisguertinebeniste.com\/fr\/wp-json\/wp\/v2\/product_tag?post=1476"}],"curies":[{"name":"wp","href":"https:\/\/api.w.org\/{rel}","templated":true}]}}