{"id":1409,"date":"2025-03-19T20:32:58","date_gmt":"2025-03-20T00:32:58","guid":{"rendered":"https:\/\/denisguertinebeniste.com\/?post_type=product&#038;p=1409"},"modified":"2026-03-19T11:06:38","modified_gmt":"2026-03-19T15:06:38","slug":"course-de-chevaux","status":"publish","type":"product","link":"https:\/\/denisguertinebeniste.com\/fr\/shop\/horse-race\/horse-race\/","title":{"rendered":"Course de Chevaux"},"content":{"rendered":"<p>La Course de Chevaux est un jeu de soci\u00e9t\u00e9 bas\u00e9 sur le th\u00e8me des courses hippiques qui simule les paris sur les hippodromes en utilisant de l'argent fictif, et le gagnant est le joueur avec le plus d'argent \u00e0 la fin de la course.<\/p>\n<p>Vous obtenez le plateau de jeu en bois 12'x12' (le choix de l'\u00e9b\u00e9niste), 11 chevaux, les r\u00e8gles et un sac de voyage.<\/p>","protected":false},"excerpt":{"rendered":"<p>The Horse Race Game is a racing-themed board game that simulates horse track betting using play money, and the winner is the player with the most money at the end [&hellip;]<\/p>\n","protected":false},"featured_media":1410,"template":"","meta":{"_acf_changed":false},"product_brand":[],"product_cat":[66],"product_tag":[],"class_list":{"0":"post-1409","1":"product","2":"type-product","3":"status-publish","4":"has-post-thumbnail","6":"product_cat-horse-race","8":"first","9":"instock","10":"taxable","11":"shipping-taxable","12":"purchasable","13":"product-type-simple"},"acf":[],"yoast_head":"<!-- This site is optimized with the Yoast SEO plugin v27.5 - https:\/\/yoast.com\/product\/yoast-seo-wordpress\/ -->\n<title>Horse Race - Denis Guertin \u00c9b\u00e9niste<\/title>\n<meta name=\"description\" content=\"Horse Race\" \/>\n<meta name=\"robots\" content=\"index, follow, max-snippet:-1, max-image-preview:large, max-video-preview:-1\" \/>\n<link rel=\"canonical\" href=\"https:\/\/denisguertinebeniste.com\/fr\/boutique\/course-de-chevaux\/course-de-chevaux\/\" \/>\n<meta property=\"og:locale\" content=\"fr_CA\" \/>\n<meta property=\"og:type\" content=\"article\" \/>\n<meta property=\"og:title\" content=\"Horse Race - Denis Guertin \u00c9b\u00e9niste\" \/>\n<meta property=\"og:description\" content=\"Horse Race\" \/>\n<meta property=\"og:url\" content=\"https:\/\/denisguertinebeniste.com\/fr\/boutique\/course-de-chevaux\/course-de-chevaux\/\" \/>\n<meta property=\"og:site_name\" content=\"Denis Guertin \u00c9b\u00e9niste\" \/>\n<meta property=\"article:publisher\" content=\"https:\/\/www.facebook.com\/Denis-Guertin-bniste-108733347315125\" \/>\n<meta property=\"article:modified_time\" content=\"2026-03-19T15:06:38+00:00\" \/>\n<meta property=\"og:image\" content=\"https:\/\/denisguertinebeniste.com\/wp-content\/uploads\/2025\/03\/Horse-race_5-scaled.jpg\" \/>\n\t<meta property=\"og:image:width\" content=\"2560\" \/>\n\t<meta property=\"og:image:height\" content=\"1920\" \/>\n\t<meta property=\"og:image:type\" content=\"image\/jpeg\" \/>\n<meta name=\"twitter:card\" content=\"summary_large_image\" \/>\n<meta name=\"twitter:label1\" content=\"Estimation du temps de lecture\" \/>\n\t<meta name=\"twitter:data1\" content=\"1 minute\" \/>\n<script type=\"application\/ld+json\" class=\"yoast-schema-graph\">{\"@context\":\"https:\\\/\\\/schema.org\",\"@graph\":[{\"@type\":\"WebPage\",\"@id\":\"https:\\\/\\\/denisguertinebeniste.com\\\/shop\\\/horse-race\\\/horse-race\\\/\",\"url\":\"https:\\\/\\\/denisguertinebeniste.com\\\/shop\\\/horse-race\\\/horse-race\\\/\",\"name\":\"Horse Race - Denis Guertin \u00c9b\u00e9niste\",\"isPartOf\":{\"@id\":\"https:\\\/\\\/denisguertinebeniste.com\\\/#website\"},\"primaryImageOfPage\":{\"@id\":\"https:\\\/\\\/denisguertinebeniste.com\\\/shop\\\/horse-race\\\/horse-race\\\/#primaryimage\"},\"image\":{\"@id\":\"https:\\\/\\\/denisguertinebeniste.com\\\/shop\\\/horse-race\\\/horse-race\\\/#primaryimage\"},\"thumbnailUrl\":\"https:\\\/\\\/denisguertinebeniste.com\\\/wp-content\\\/uploads\\\/2025\\\/03\\\/Horse-race_5-scaled.jpg\",\"datePublished\":\"2025-03-20T00:32:58+00:00\",\"dateModified\":\"2026-03-19T15:06:38+00:00\",\"description\":\"Horse Race\",\"breadcrumb\":{\"@id\":\"https:\\\/\\\/denisguertinebeniste.com\\\/shop\\\/horse-race\\\/horse-race\\\/#breadcrumb\"},\"inLanguage\":\"fr-CA\",\"potentialAction\":[{\"@type\":\"ReadAction\",\"target\":[\"https:\\\/\\\/denisguertinebeniste.com\\\/shop\\\/horse-race\\\/horse-race\\\/\"]}]},{\"@type\":\"ImageObject\",\"inLanguage\":\"fr-CA\",\"@id\":\"https:\\\/\\\/denisguertinebeniste.com\\\/shop\\\/horse-race\\\/horse-race\\\/#primaryimage\",\"url\":\"https:\\\/\\\/denisguertinebeniste.com\\\/wp-content\\\/uploads\\\/2025\\\/03\\\/Horse-race_5-scaled.jpg\",\"contentUrl\":\"https:\\\/\\\/denisguertinebeniste.com\\\/wp-content\\\/uploads\\\/2025\\\/03\\\/Horse-race_5-scaled.jpg\",\"width\":2560,\"height\":1920},{\"@type\":\"BreadcrumbList\",\"@id\":\"https:\\\/\\\/denisguertinebeniste.com\\\/shop\\\/horse-race\\\/horse-race\\\/#breadcrumb\",\"itemListElement\":[{\"@type\":\"ListItem\",\"position\":1,\"name\":\"Home\",\"item\":\"https:\\\/\\\/denisguertinebeniste.com\\\/\"},{\"@type\":\"ListItem\",\"position\":2,\"name\":\"Shop\",\"item\":\"https:\\\/\\\/denisguertinebeniste.com\\\/shop\\\/\"},{\"@type\":\"ListItem\",\"position\":3,\"name\":\"Horse Race\"}]},{\"@type\":\"WebSite\",\"@id\":\"https:\\\/\\\/denisguertinebeniste.com\\\/#website\",\"url\":\"https:\\\/\\\/denisguertinebeniste.com\\\/\",\"name\":\"Denis Guertin \u00c9b\u00e9niste\",\"description\":\"\",\"publisher\":{\"@id\":\"https:\\\/\\\/denisguertinebeniste.com\\\/#organization\"},\"potentialAction\":[{\"@type\":\"SearchAction\",\"target\":{\"@type\":\"EntryPoint\",\"urlTemplate\":\"https:\\\/\\\/denisguertinebeniste.com\\\/?s={search_term_string}\"},\"query-input\":{\"@type\":\"PropertyValueSpecification\",\"valueRequired\":true,\"valueName\":\"search_term_string\"}}],\"inLanguage\":\"fr-CA\"},{\"@type\":\"Organization\",\"@id\":\"https:\\\/\\\/denisguertinebeniste.com\\\/#organization\",\"name\":\"Denis Guertin \u00c9b\u00e9niste\",\"url\":\"https:\\\/\\\/denisguertinebeniste.com\\\/\",\"logo\":{\"@type\":\"ImageObject\",\"inLanguage\":\"fr-CA\",\"@id\":\"https:\\\/\\\/denisguertinebeniste.com\\\/#\\\/schema\\\/logo\\\/image\\\/\",\"url\":\"https:\\\/\\\/denisguertinebeniste.com\\\/wp-content\\\/uploads\\\/2024\\\/03\\\/logo-DG.webp\",\"contentUrl\":\"https:\\\/\\\/denisguertinebeniste.com\\\/wp-content\\\/uploads\\\/2024\\\/03\\\/logo-DG.webp\",\"width\":300,\"height\":264,\"caption\":\"Denis Guertin \u00c9b\u00e9niste\"},\"image\":{\"@id\":\"https:\\\/\\\/denisguertinebeniste.com\\\/#\\\/schema\\\/logo\\\/image\\\/\"},\"sameAs\":[\"https:\\\/\\\/www.facebook.com\\\/Denis-Guertin-bniste-108733347315125\",\"https:\\\/\\\/www.instagram.com\\\/denisguertin_ebeniste\\\/\"]}]}<\/script>\n<!-- \/ Yoast SEO plugin. -->","yoast_head_json":{"title":"Course hippique - Denis Guertin \u00c9b\u00e9niste","description":"Course de Chevaux","robots":{"index":"index","follow":"follow","max-snippet":"max-snippet:-1","max-image-preview":"max-image-preview:large","max-video-preview":"max-video-preview:-1"},"canonical":"https:\/\/denisguertinebeniste.com\/fr\/boutique\/course-de-chevaux\/course-de-chevaux\/","og_locale":"fr_CA","og_type":"article","og_title":"Horse Race - Denis Guertin \u00c9b\u00e9niste","og_description":"Horse Race","og_url":"https:\/\/denisguertinebeniste.com\/fr\/boutique\/course-de-chevaux\/course-de-chevaux\/","og_site_name":"Denis Guertin \u00c9b\u00e9niste","article_publisher":"https:\/\/www.facebook.com\/Denis-Guertin-bniste-108733347315125","article_modified_time":"2026-03-19T15:06:38+00:00","og_image":[{"width":2560,"height":1920,"url":"https:\/\/denisguertinebeniste.com\/wp-content\/uploads\/2025\/03\/Horse-race_5-scaled.jpg","type":"image\/jpeg"}],"twitter_card":"summary_large_image","twitter_misc":{"Estimation du temps de lecture":"1 minute"},"schema":{"@context":"https:\/\/schema.org","@graph":[{"@type":"WebPage","@id":"https:\/\/denisguertinebeniste.com\/shop\/horse-race\/horse-race\/","url":"https:\/\/denisguertinebeniste.com\/shop\/horse-race\/horse-race\/","name":"Course hippique - Denis Guertin \u00c9b\u00e9niste","isPartOf":{"@id":"https:\/\/denisguertinebeniste.com\/#website"},"primaryImageOfPage":{"@id":"https:\/\/denisguertinebeniste.com\/shop\/horse-race\/horse-race\/#primaryimage"},"image":{"@id":"https:\/\/denisguertinebeniste.com\/shop\/horse-race\/horse-race\/#primaryimage"},"thumbnailUrl":"https:\/\/denisguertinebeniste.com\/wp-content\/uploads\/2025\/03\/Horse-race_5-scaled.jpg","datePublished":"2025-03-20T00:32:58+00:00","dateModified":"2026-03-19T15:06:38+00:00","description":"Course de Chevaux","breadcrumb":{"@id":"https:\/\/denisguertinebeniste.com\/shop\/horse-race\/horse-race\/#breadcrumb"},"inLanguage":"fr-CA","potentialAction":[{"@type":"ReadAction","target":["https:\/\/denisguertinebeniste.com\/shop\/horse-race\/horse-race\/"]}]},{"@type":"ImageObject","inLanguage":"fr-CA","@id":"https:\/\/denisguertinebeniste.com\/shop\/horse-race\/horse-race\/#primaryimage","url":"https:\/\/denisguertinebeniste.com\/wp-content\/uploads\/2025\/03\/Horse-race_5-scaled.jpg","contentUrl":"https:\/\/denisguertinebeniste.com\/wp-content\/uploads\/2025\/03\/Horse-race_5-scaled.jpg","width":2560,"height":1920},{"@type":"BreadcrumbList","@id":"https:\/\/denisguertinebeniste.com\/shop\/horse-race\/horse-race\/#breadcrumb","itemListElement":[{"@type":"ListItem","position":1,"name":"Home","item":"https:\/\/denisguertinebeniste.com\/"},{"@type":"ListItem","position":2,"name":"Shop","item":"https:\/\/denisguertinebeniste.com\/shop\/"},{"@type":"ListItem","position":3,"name":"Horse Race"}]},{"@type":"WebSite","@id":"https:\/\/denisguertinebeniste.com\/#website","url":"https:\/\/denisguertinebeniste.com\/","name":"Denis Guertin \u00c9b\u00e9niste","description":"","publisher":{"@id":"https:\/\/denisguertinebeniste.com\/#organization"},"potentialAction":[{"@type":"SearchAction","target":{"@type":"EntryPoint","urlTemplate":"https:\/\/denisguertinebeniste.com\/?s={search_term_string}"},"query-input":{"@type":"PropertyValueSpecification","valueRequired":true,"valueName":"search_term_string"}}],"inLanguage":"fr-CA"},{"@type":"Organization","@id":"https:\/\/denisguertinebeniste.com\/#organization","name":"Denis Guertin \u00c9b\u00e9niste","url":"https:\/\/denisguertinebeniste.com\/","logo":{"@type":"ImageObject","inLanguage":"fr-CA","@id":"https:\/\/denisguertinebeniste.com\/#\/schema\/logo\/image\/","url":"https:\/\/denisguertinebeniste.com\/wp-content\/uploads\/2024\/03\/logo-DG.webp","contentUrl":"https:\/\/denisguertinebeniste.com\/wp-content\/uploads\/2024\/03\/logo-DG.webp","width":300,"height":264,"caption":"Denis Guertin \u00c9b\u00e9niste"},"image":{"@id":"https:\/\/denisguertinebeniste.com\/#\/schema\/logo\/image\/"},"sameAs":["https:\/\/www.facebook.com\/Denis-Guertin-bniste-108733347315125","https:\/\/www.instagram.com\/denisguertin_ebeniste\/"]}]}},"jetpack_sharing_enabled":true,"_links":{"self":[{"href":"https:\/\/denisguertinebeniste.com\/fr\/wp-json\/wp\/v2\/product\/1409","targetHints":{"allow":["GET"]}}],"collection":[{"href":"https:\/\/denisguertinebeniste.com\/fr\/wp-json\/wp\/v2\/product"}],"about":[{"href":"https:\/\/denisguertinebeniste.com\/fr\/wp-json\/wp\/v2\/types\/product"}],"wp:featuredmedia":[{"embeddable":true,"href":"https:\/\/denisguertinebeniste.com\/fr\/wp-json\/wp\/v2\/media\/1410"}],"wp:attachment":[{"href":"https:\/\/denisguertinebeniste.com\/fr\/wp-json\/wp\/v2\/media?parent=1409"}],"wp:term":[{"taxonomy":"product_brand","embeddable":true,"href":"https:\/\/denisguertinebeniste.com\/fr\/wp-json\/wp\/v2\/product_brand?post=1409"},{"taxonomy":"product_cat","embeddable":true,"href":"https:\/\/denisguertinebeniste.com\/fr\/wp-json\/wp\/v2\/product_cat?post=1409"},{"taxonomy":"product_tag","embeddable":true,"href":"https:\/\/denisguertinebeniste.com\/fr\/wp-json\/wp\/v2\/product_tag?post=1409"}],"curies":[{"name":"wp","href":"https:\/\/api.w.org\/{rel}","templated":true}]}}