{"id":1311,"date":"2025-02-09T21:40:40","date_gmt":"2025-02-10T02:40:40","guid":{"rendered":"https:\/\/denisguertinebeniste.com\/?post_type=product&#038;p=1311"},"modified":"2025-03-22T19:16:23","modified_gmt":"2025-03-22T23:16:23","slug":"des-et-pieces-de-jeu-pour-jouer-au-jeu-royal-de-votre","status":"publish","type":"product","link":"https:\/\/denisguertinebeniste.com\/fr\/shop\/royal-game-of-ur\/dice-and-game-pieces-to-play-the-royal-game-of-ur\/","title":{"rendered":"D\u00e9s et pi\u00e8ces de jeu pour jouer au jeu royal d&#039;UR"},"content":{"rendered":"<p>Le jeu royal d'Ur est un jeu de course strat\u00e9gique \u00e0 deux joueurs qui a \u00e9t\u00e9 jou\u00e9 pour la premi\u00e8re fois dans l'ancienne M\u00e9sopotamie au d\u00e9but du troisi\u00e8me mill\u00e9naire avant JC. Une planche, d\u00e9tenue par le British Museum, est dat\u00e9e de 2600 \u2013 2400 avant JC, ce qui en fait l'un des jeu les plus anciens au monde. C'\u00e9tait le jeu le plus jou\u00e9 en M\u00e9sopotamie pendant pr\u00e8s de 1000 ans. Les dessins de votre planche sont bas\u00e9es sur celle trouv\u00e9e dans les ann\u00e9es 1920.<\/p>\n<p>Vous obtenez 4 d\u00e9s en forme de pyramide et 14 pi\u00e8ces (toutes les pi\u00e8ces sont cr\u00e9\u00e9es par nos soins pour refl\u00e9ter le plus fid\u00e8lement possible le jeu de soci\u00e9t\u00e9 original du British Museum). Les d\u00e9s et les pi\u00e8ces du jeu sont fabriqu\u00e9s en PLA, un produit biod\u00e9gradable cr\u00e9\u00e9 \u00e0 partir d&#039;amidon de ma\u00efs et de canne \u00e0 sucre. <strong>Le tableau n&#039;est PAS inclus<\/strong><\/p>\n<p>Pour le jeu de soci\u00e9t\u00e9 en bois et toutes les pi\u00e8ces du jeu, consultez le jeu royal d&#039;Ur sur notre site Web<\/p>\n<p>Lisez l&#039;article complet du NY Times 2022 dans la galerie de produits<\/p>\n<p>Regardez la vid\u00e9o avec Irving Finkel et Tom Scott pour en savoir plus sur l&#039;histoire de ce jeu amusant.<\/p>\n<p><iframe title=\"Tom Scott contre Irving Finkel : Le jeu royal d&#039;Ur | JEU | Journ\u00e9e internationale de la table\u00a02017\" width=\"800\" height=\"450\" src=\"https:\/\/www.youtube.com\/embed\/WZskjLq040I?feature=oembed\" frameborder=\"0\" allow=\"accelerometer; autoplay; clipboard-write; encrypted-media; gyroscope; picture-in-picture; web-share\" referrerpolicy=\"strict-origin-when-cross-origin\" allowfullscreen><\/iframe><\/p>\n<p>&nbsp;<\/p>","protected":false},"excerpt":{"rendered":"<p>The Royal Game of Ur is a two-player strategy race board game that was first played in ancient Mesopotamia during the early third millennium BC. One board, held by the [&hellip;]<\/p>\n","protected":false},"featured_media":1308,"template":"","meta":{"_acf_changed":false},"product_brand":[],"product_cat":[34],"product_tag":[],"class_list":{"0":"post-1311","1":"product","2":"type-product","3":"status-publish","4":"has-post-thumbnail","6":"product_cat-royal-game-of-ur","8":"first","9":"instock","10":"taxable","11":"shipping-taxable","12":"purchasable","13":"product-type-simple"},"acf":[],"yoast_head":"<!-- This site is optimized with the Yoast SEO plugin v27.4 - https:\/\/yoast.com\/product\/yoast-seo-wordpress\/ -->\n<title>Dice and game pieces to play the Royal Game of UR - Denis Guertin \u00c9b\u00e9niste<\/title>\n<meta name=\"description\" content=\"Dice and game pieces to play the Royal Game of UR\" \/>\n<meta name=\"robots\" content=\"index, follow, max-snippet:-1, max-image-preview:large, max-video-preview:-1\" \/>\n<link rel=\"canonical\" href=\"https:\/\/denisguertinebeniste.com\/fr\/boutique\/jeu-royal-d-ur\/des-et-pieces-de-jeu-pour-jouer-au-jeu-royal-de-votre\/\" \/>\n<meta property=\"og:locale\" content=\"fr_CA\" \/>\n<meta property=\"og:type\" content=\"article\" \/>\n<meta property=\"og:title\" content=\"Dice and game pieces to play the Royal Game of UR - Denis Guertin \u00c9b\u00e9niste\" \/>\n<meta property=\"og:description\" content=\"Dice and game pieces to play the Royal Game of UR\" \/>\n<meta property=\"og:url\" content=\"https:\/\/denisguertinebeniste.com\/fr\/boutique\/jeu-royal-d-ur\/des-et-pieces-de-jeu-pour-jouer-au-jeu-royal-de-votre\/\" \/>\n<meta property=\"og:site_name\" content=\"Denis Guertin \u00c9b\u00e9niste\" \/>\n<meta property=\"article:publisher\" content=\"https:\/\/www.facebook.com\/Denis-Guertin-bniste-108733347315125\" \/>\n<meta property=\"article:modified_time\" content=\"2025-03-22T23:16:23+00:00\" \/>\n<meta property=\"og:image\" content=\"https:\/\/denisguertinebeniste.com\/wp-content\/uploads\/2024\/02\/IMG_5407-scaled.jpg\" \/>\n\t<meta property=\"og:image:width\" content=\"2560\" \/>\n\t<meta property=\"og:image:height\" content=\"1707\" \/>\n\t<meta property=\"og:image:type\" content=\"image\/jpeg\" \/>\n<meta name=\"twitter:card\" content=\"summary_large_image\" \/>\n<meta name=\"twitter:label1\" content=\"Estimation du temps de lecture\" \/>\n\t<meta name=\"twitter:data1\" content=\"1 minute\" \/>\n<script type=\"application\/ld+json\" class=\"yoast-schema-graph\">{\"@context\":\"https:\\\/\\\/schema.org\",\"@graph\":[{\"@type\":\"WebPage\",\"@id\":\"https:\\\/\\\/denisguertinebeniste.com\\\/shop\\\/royal-game-of-ur\\\/dice-and-game-pieces-to-play-the-royal-game-of-ur\\\/\",\"url\":\"https:\\\/\\\/denisguertinebeniste.com\\\/shop\\\/royal-game-of-ur\\\/dice-and-game-pieces-to-play-the-royal-game-of-ur\\\/\",\"name\":\"Dice and game pieces to play the Royal Game of UR - Denis Guertin \u00c9b\u00e9niste\",\"isPartOf\":{\"@id\":\"https:\\\/\\\/denisguertinebeniste.com\\\/#website\"},\"primaryImageOfPage\":{\"@id\":\"https:\\\/\\\/denisguertinebeniste.com\\\/shop\\\/royal-game-of-ur\\\/dice-and-game-pieces-to-play-the-royal-game-of-ur\\\/#primaryimage\"},\"image\":{\"@id\":\"https:\\\/\\\/denisguertinebeniste.com\\\/shop\\\/royal-game-of-ur\\\/dice-and-game-pieces-to-play-the-royal-game-of-ur\\\/#primaryimage\"},\"thumbnailUrl\":\"https:\\\/\\\/denisguertinebeniste.com\\\/wp-content\\\/uploads\\\/2024\\\/02\\\/IMG_5407-scaled.jpg\",\"datePublished\":\"2025-02-10T02:40:40+00:00\",\"dateModified\":\"2025-03-22T23:16:23+00:00\",\"description\":\"Dice and game pieces to play the Royal Game of UR\",\"breadcrumb\":{\"@id\":\"https:\\\/\\\/denisguertinebeniste.com\\\/shop\\\/royal-game-of-ur\\\/dice-and-game-pieces-to-play-the-royal-game-of-ur\\\/#breadcrumb\"},\"inLanguage\":\"fr-CA\",\"potentialAction\":[{\"@type\":\"ReadAction\",\"target\":[\"https:\\\/\\\/denisguertinebeniste.com\\\/shop\\\/royal-game-of-ur\\\/dice-and-game-pieces-to-play-the-royal-game-of-ur\\\/\"]}]},{\"@type\":\"ImageObject\",\"inLanguage\":\"fr-CA\",\"@id\":\"https:\\\/\\\/denisguertinebeniste.com\\\/shop\\\/royal-game-of-ur\\\/dice-and-game-pieces-to-play-the-royal-game-of-ur\\\/#primaryimage\",\"url\":\"https:\\\/\\\/denisguertinebeniste.com\\\/wp-content\\\/uploads\\\/2024\\\/02\\\/IMG_5407-scaled.jpg\",\"contentUrl\":\"https:\\\/\\\/denisguertinebeniste.com\\\/wp-content\\\/uploads\\\/2024\\\/02\\\/IMG_5407-scaled.jpg\",\"width\":2560,\"height\":1707},{\"@type\":\"BreadcrumbList\",\"@id\":\"https:\\\/\\\/denisguertinebeniste.com\\\/shop\\\/royal-game-of-ur\\\/dice-and-game-pieces-to-play-the-royal-game-of-ur\\\/#breadcrumb\",\"itemListElement\":[{\"@type\":\"ListItem\",\"position\":1,\"name\":\"Home\",\"item\":\"https:\\\/\\\/denisguertinebeniste.com\\\/\"},{\"@type\":\"ListItem\",\"position\":2,\"name\":\"Shop\",\"item\":\"https:\\\/\\\/denisguertinebeniste.com\\\/shop\\\/\"},{\"@type\":\"ListItem\",\"position\":3,\"name\":\"Dice and game pieces to play the Royal Game of UR\"}]},{\"@type\":\"WebSite\",\"@id\":\"https:\\\/\\\/denisguertinebeniste.com\\\/#website\",\"url\":\"https:\\\/\\\/denisguertinebeniste.com\\\/\",\"name\":\"Denis Guertin \u00c9b\u00e9niste\",\"description\":\"\",\"publisher\":{\"@id\":\"https:\\\/\\\/denisguertinebeniste.com\\\/#organization\"},\"potentialAction\":[{\"@type\":\"SearchAction\",\"target\":{\"@type\":\"EntryPoint\",\"urlTemplate\":\"https:\\\/\\\/denisguertinebeniste.com\\\/?s={search_term_string}\"},\"query-input\":{\"@type\":\"PropertyValueSpecification\",\"valueRequired\":true,\"valueName\":\"search_term_string\"}}],\"inLanguage\":\"fr-CA\"},{\"@type\":\"Organization\",\"@id\":\"https:\\\/\\\/denisguertinebeniste.com\\\/#organization\",\"name\":\"Denis Guertin \u00c9b\u00e9niste\",\"url\":\"https:\\\/\\\/denisguertinebeniste.com\\\/\",\"logo\":{\"@type\":\"ImageObject\",\"inLanguage\":\"fr-CA\",\"@id\":\"https:\\\/\\\/denisguertinebeniste.com\\\/#\\\/schema\\\/logo\\\/image\\\/\",\"url\":\"https:\\\/\\\/denisguertinebeniste.com\\\/wp-content\\\/uploads\\\/2024\\\/03\\\/logo-DG.webp\",\"contentUrl\":\"https:\\\/\\\/denisguertinebeniste.com\\\/wp-content\\\/uploads\\\/2024\\\/03\\\/logo-DG.webp\",\"width\":300,\"height\":264,\"caption\":\"Denis Guertin \u00c9b\u00e9niste\"},\"image\":{\"@id\":\"https:\\\/\\\/denisguertinebeniste.com\\\/#\\\/schema\\\/logo\\\/image\\\/\"},\"sameAs\":[\"https:\\\/\\\/www.facebook.com\\\/Denis-Guertin-bniste-108733347315125\",\"https:\\\/\\\/www.instagram.com\\\/denisguertin_ebeniste\\\/\"]}]}<\/script>\n<!-- \/ Yoast SEO plugin. -->","yoast_head_json":{"title":"D\u00e9s et pi\u00e8ces de jeu pour jouer au jeu royal d&#039;UR - Denis Guertin \u00c9b\u00e9niste","description":"D\u00e9s et pi\u00e8ces de jeu pour jouer au jeu royal d&#039;UR","robots":{"index":"index","follow":"follow","max-snippet":"max-snippet:-1","max-image-preview":"max-image-preview:large","max-video-preview":"max-video-preview:-1"},"canonical":"https:\/\/denisguertinebeniste.com\/fr\/boutique\/jeu-royal-d-ur\/des-et-pieces-de-jeu-pour-jouer-au-jeu-royal-de-votre\/","og_locale":"fr_CA","og_type":"article","og_title":"Dice and game pieces to play the Royal Game of UR - Denis Guertin \u00c9b\u00e9niste","og_description":"Dice and game pieces to play the Royal Game of UR","og_url":"https:\/\/denisguertinebeniste.com\/fr\/boutique\/jeu-royal-d-ur\/des-et-pieces-de-jeu-pour-jouer-au-jeu-royal-de-votre\/","og_site_name":"Denis Guertin \u00c9b\u00e9niste","article_publisher":"https:\/\/www.facebook.com\/Denis-Guertin-bniste-108733347315125","article_modified_time":"2025-03-22T23:16:23+00:00","og_image":[{"width":2560,"height":1707,"url":"https:\/\/denisguertinebeniste.com\/wp-content\/uploads\/2024\/02\/IMG_5407-scaled.jpg","type":"image\/jpeg"}],"twitter_card":"summary_large_image","twitter_misc":{"Estimation du temps de lecture":"1 minute"},"schema":{"@context":"https:\/\/schema.org","@graph":[{"@type":"WebPage","@id":"https:\/\/denisguertinebeniste.com\/shop\/royal-game-of-ur\/dice-and-game-pieces-to-play-the-royal-game-of-ur\/","url":"https:\/\/denisguertinebeniste.com\/shop\/royal-game-of-ur\/dice-and-game-pieces-to-play-the-royal-game-of-ur\/","name":"D\u00e9s et pi\u00e8ces de jeu pour jouer au jeu royal d&#039;UR - Denis Guertin \u00c9b\u00e9niste","isPartOf":{"@id":"https:\/\/denisguertinebeniste.com\/#website"},"primaryImageOfPage":{"@id":"https:\/\/denisguertinebeniste.com\/shop\/royal-game-of-ur\/dice-and-game-pieces-to-play-the-royal-game-of-ur\/#primaryimage"},"image":{"@id":"https:\/\/denisguertinebeniste.com\/shop\/royal-game-of-ur\/dice-and-game-pieces-to-play-the-royal-game-of-ur\/#primaryimage"},"thumbnailUrl":"https:\/\/denisguertinebeniste.com\/wp-content\/uploads\/2024\/02\/IMG_5407-scaled.jpg","datePublished":"2025-02-10T02:40:40+00:00","dateModified":"2025-03-22T23:16:23+00:00","description":"D\u00e9s et pi\u00e8ces de jeu pour jouer au jeu royal d&#039;UR","breadcrumb":{"@id":"https:\/\/denisguertinebeniste.com\/shop\/royal-game-of-ur\/dice-and-game-pieces-to-play-the-royal-game-of-ur\/#breadcrumb"},"inLanguage":"fr-CA","potentialAction":[{"@type":"ReadAction","target":["https:\/\/denisguertinebeniste.com\/shop\/royal-game-of-ur\/dice-and-game-pieces-to-play-the-royal-game-of-ur\/"]}]},{"@type":"ImageObject","inLanguage":"fr-CA","@id":"https:\/\/denisguertinebeniste.com\/shop\/royal-game-of-ur\/dice-and-game-pieces-to-play-the-royal-game-of-ur\/#primaryimage","url":"https:\/\/denisguertinebeniste.com\/wp-content\/uploads\/2024\/02\/IMG_5407-scaled.jpg","contentUrl":"https:\/\/denisguertinebeniste.com\/wp-content\/uploads\/2024\/02\/IMG_5407-scaled.jpg","width":2560,"height":1707},{"@type":"BreadcrumbList","@id":"https:\/\/denisguertinebeniste.com\/shop\/royal-game-of-ur\/dice-and-game-pieces-to-play-the-royal-game-of-ur\/#breadcrumb","itemListElement":[{"@type":"ListItem","position":1,"name":"Home","item":"https:\/\/denisguertinebeniste.com\/"},{"@type":"ListItem","position":2,"name":"Shop","item":"https:\/\/denisguertinebeniste.com\/shop\/"},{"@type":"ListItem","position":3,"name":"Dice and game pieces to play the Royal Game of UR"}]},{"@type":"WebSite","@id":"https:\/\/denisguertinebeniste.com\/#website","url":"https:\/\/denisguertinebeniste.com\/","name":"Denis Guertin \u00c9b\u00e9niste","description":"","publisher":{"@id":"https:\/\/denisguertinebeniste.com\/#organization"},"potentialAction":[{"@type":"SearchAction","target":{"@type":"EntryPoint","urlTemplate":"https:\/\/denisguertinebeniste.com\/?s={search_term_string}"},"query-input":{"@type":"PropertyValueSpecification","valueRequired":true,"valueName":"search_term_string"}}],"inLanguage":"fr-CA"},{"@type":"Organization","@id":"https:\/\/denisguertinebeniste.com\/#organization","name":"Denis Guertin \u00c9b\u00e9niste","url":"https:\/\/denisguertinebeniste.com\/","logo":{"@type":"ImageObject","inLanguage":"fr-CA","@id":"https:\/\/denisguertinebeniste.com\/#\/schema\/logo\/image\/","url":"https:\/\/denisguertinebeniste.com\/wp-content\/uploads\/2024\/03\/logo-DG.webp","contentUrl":"https:\/\/denisguertinebeniste.com\/wp-content\/uploads\/2024\/03\/logo-DG.webp","width":300,"height":264,"caption":"Denis Guertin \u00c9b\u00e9niste"},"image":{"@id":"https:\/\/denisguertinebeniste.com\/#\/schema\/logo\/image\/"},"sameAs":["https:\/\/www.facebook.com\/Denis-Guertin-bniste-108733347315125","https:\/\/www.instagram.com\/denisguertin_ebeniste\/"]}]}},"jetpack_sharing_enabled":true,"_links":{"self":[{"href":"https:\/\/denisguertinebeniste.com\/fr\/wp-json\/wp\/v2\/product\/1311","targetHints":{"allow":["GET"]}}],"collection":[{"href":"https:\/\/denisguertinebeniste.com\/fr\/wp-json\/wp\/v2\/product"}],"about":[{"href":"https:\/\/denisguertinebeniste.com\/fr\/wp-json\/wp\/v2\/types\/product"}],"wp:featuredmedia":[{"embeddable":true,"href":"https:\/\/denisguertinebeniste.com\/fr\/wp-json\/wp\/v2\/media\/1308"}],"wp:attachment":[{"href":"https:\/\/denisguertinebeniste.com\/fr\/wp-json\/wp\/v2\/media?parent=1311"}],"wp:term":[{"taxonomy":"product_brand","embeddable":true,"href":"https:\/\/denisguertinebeniste.com\/fr\/wp-json\/wp\/v2\/product_brand?post=1311"},{"taxonomy":"product_cat","embeddable":true,"href":"https:\/\/denisguertinebeniste.com\/fr\/wp-json\/wp\/v2\/product_cat?post=1311"},{"taxonomy":"product_tag","embeddable":true,"href":"https:\/\/denisguertinebeniste.com\/fr\/wp-json\/wp\/v2\/product_tag?post=1311"}],"curies":[{"name":"wp","href":"https:\/\/api.w.org\/{rel}","templated":true}]}}