{"id":54,"date":"2024-02-28T23:39:36","date_gmt":"2024-02-29T04:39:36","guid":{"rendered":"https:\/\/denisguertinebeniste.com\/about\/"},"modified":"2026-04-04T11:14:38","modified_gmt":"2026-04-04T15:14:38","slug":"a-propos","status":"publish","type":"page","link":"https:\/\/denisguertinebeniste.com\/fr\/about\/","title":{"rendered":"\u00c0 propos"},"content":{"rendered":"<div data-elementor-type=\"wp-page\" data-elementor-id=\"54\" class=\"elementor elementor-54\" data-elementor-post-type=\"page\">\n\t\t\t\t<div class=\"elementor-element elementor-element-506838a4 e-flex e-con-boxed e-con e-parent\" data-id=\"506838a4\" data-element_type=\"container\" data-e-type=\"container\">\n\t\t\t\t\t<div class=\"e-con-inner\">\n\t\t<div class=\"elementor-element elementor-element-610d00ac e-con-full e-flex e-con e-child\" data-id=\"610d00ac\" data-element_type=\"container\" data-e-type=\"container\">\n\t\t\t\t<div class=\"elementor-element elementor-element-3a985ad2 elementor-widget elementor-widget-heading\" data-id=\"3a985ad2\" data-element_type=\"widget\" data-e-type=\"widget\" data-widget_type=\"heading.default\">\n\t\t\t\t<div class=\"elementor-widget-container\">\n\t\t\t\t\t<h2 class=\"elementor-heading-title elementor-size-default\">\u00c0 PROPOS DE NOUS<\/h2>\t\t\t\t<\/div>\n\t\t\t\t<\/div>\n\t\t\t\t<div class=\"elementor-element elementor-element-2868007f elementor-widget elementor-widget-text-editor\" data-id=\"2868007f\" data-element_type=\"widget\" data-e-type=\"widget\" data-widget_type=\"text-editor.default\">\n\t\t\t\t<div class=\"elementor-widget-container\">\n\t\t\t\t\t\t\t\t\t<p><strong>Comment \u00e7a a commenc\u00e9<\/strong><\/p><p>Notre histoire commence en 2004, Monique et moi recherchions une table de pique-nique adapt\u00e9e pour nos fils de 4 et 6 ans. N'ayant rien trouv\u00e9 d'autre que du plastique, j'ai achet\u00e9 un banc de scie, une perceuse et je me suis mis au travail. Apr\u00e8s 30 ans dans le monde de l'entreprise, c'est \u00e0 l'automne 2018 que j'ai pris la d\u00e9cision de me consacrer \u00e0 temps plein \u00e0 ma passion pour le travail du bois. Autodidacte, je continue aujourd'hui ma passion du travail du bois.<\/p><p>\u00a0<\/p><p><strong>Le processus<\/strong><\/p><p>Nous partons du bois receuilli au moulin que nous rabotons, coupons, collons et sablons pour cr\u00e9er le produit final. Nous nous approvisionnons en mat\u00e9riaux mis au rebut aupr\u00e8s d\u2019entreprises de rev\u00eatements de sol ou d\u2019encadrement de portes et fen\u00eatres. De plus, nous utilisons des chutes et les r\u00e9utilisons dans nos jeux, sauvant ainsi les pi\u00e8ces du foyer. Nous utilisons de la colle de qualit\u00e9 alimentaire et de l'huile min\u00e9rale ou de l'huile de lin pour prot\u00e9ger et souligner la beaut\u00e9 du bois naturel.<\/p>\t\t\t\t\t\t\t\t<\/div>\n\t\t\t\t<\/div>\n\t\t\t\t<\/div>\n\t\t<div class=\"elementor-element elementor-element-5a238dd9 e-con-full e-flex e-con e-child\" data-id=\"5a238dd9\" data-element_type=\"container\" data-e-type=\"container\">\n\t\t\t\t<div class=\"elementor-element elementor-element-a5e3030 elementor-widget elementor-widget-image\" data-id=\"a5e3030\" data-element_type=\"widget\" data-e-type=\"widget\" data-widget_type=\"image.default\">\n\t\t\t\t<div class=\"elementor-widget-container\">\n\t\t\t\t\t\t\t\t\t\t\t\t\t\t\t<img fetchpriority=\"high\" decoding=\"async\" width=\"800\" height=\"600\" src=\"https:\/\/denisguertinebeniste.com\/wp-content\/uploads\/2026\/03\/DG-Ebeniste-Kiosque-PAQ-1-1024x768.jpg\" class=\"attachment-large size-large wp-image-1971\" alt=\"\" srcset=\"https:\/\/denisguertinebeniste.com\/wp-content\/uploads\/2026\/03\/DG-Ebeniste-Kiosque-PAQ-1-1024x768.jpg 1024w, https:\/\/denisguertinebeniste.com\/wp-content\/uploads\/2026\/03\/DG-Ebeniste-Kiosque-PAQ-1-300x225.jpg 300w, https:\/\/denisguertinebeniste.com\/wp-content\/uploads\/2026\/03\/DG-Ebeniste-Kiosque-PAQ-1-768x576.jpg 768w, https:\/\/denisguertinebeniste.com\/wp-content\/uploads\/2026\/03\/DG-Ebeniste-Kiosque-PAQ-1-16x12.jpg 16w, https:\/\/denisguertinebeniste.com\/wp-content\/uploads\/2026\/03\/DG-Ebeniste-Kiosque-PAQ-1-800x600.jpg.webp 800w, https:\/\/denisguertinebeniste.com\/wp-content\/uploads\/2026\/03\/DG-Ebeniste-Kiosque-PAQ-1.jpg 1430w\" sizes=\"(max-width: 800px) 100vw, 800px\" \/>\t\t\t\t\t\t\t\t\t\t\t\t\t\t\t<\/div>\n\t\t\t\t<\/div>\n\t\t\t\t<\/div>\n\t\t\t\t\t<\/div>\n\t\t\t\t<\/div>\n\t\t<div class=\"elementor-element elementor-element-131fac4f e-flex e-con-boxed e-con e-parent\" data-id=\"131fac4f\" data-element_type=\"container\" data-e-type=\"container\">\n\t\t\t\t\t<div class=\"e-con-inner\">\n\t\t<div class=\"elementor-element elementor-element-5c477ecc e-con-full e-flex e-con e-child\" data-id=\"5c477ecc\" data-element_type=\"container\" data-e-type=\"container\">\n\t\t\t\t<div class=\"elementor-element elementor-element-3285c2a2 elementor-widget elementor-widget-text-editor\" data-id=\"3285c2a2\" data-element_type=\"widget\" data-e-type=\"widget\" data-widget_type=\"text-editor.default\">\n\t\t\t\t<div class=\"elementor-widget-container\">\n\t\t\t\t\t\t\t\t\t<p>Un atelier boutique fabriquant des produits uniques en leur genre. Tous nos produits sont fabriqu\u00e9s \u00e0 la main par mon \u00e9pouse Monique, notre fils Bruno et moi-m\u00eame. Chaque pi\u00e8ce \u00e9volue v\u00e9ritablement vers une produit d\u2019art fonctionnel unique en son genre. Nos produits sont des jeux de soci\u00e9t\u00e9 en bois (Cribbage, Aggravation, Frustration Rummy, Race, Rota, Royal game of Ur, Euchre, Nine Men Morris, etc.), des supports pour t\u00e9l\u00e9phones portables, des planches \u00e0 charcuterie et des blocs de boucher.<\/p><p>En 2025, nous avons ajout\u00e9 \u00e0 notre gamme de jeux en bois des articles imprim\u00e9s en 3D, comme notre Arbre \u00e0 Singes et notre station de dominos \u00ab\u00a0Train mexicain\u00a0\u00bb. Tous nos produits sont issus de nos propres cr\u00e9ations originales et imprim\u00e9s en 3D par nous dans notre atelier.<\/p>\t\t\t\t\t\t\t\t<\/div>\n\t\t\t\t<\/div>\n\t\t\t\t<\/div>\n\t\t<div class=\"elementor-element elementor-element-7d8ac64d e-con-full e-flex e-con e-child\" data-id=\"7d8ac64d\" data-element_type=\"container\" data-e-type=\"container\">\n\t\t\t\t<div class=\"elementor-element elementor-element-cb3d64b elementor-widget elementor-widget-image\" data-id=\"cb3d64b\" data-element_type=\"widget\" data-e-type=\"widget\" data-widget_type=\"image.default\">\n\t\t\t\t<div class=\"elementor-widget-container\">\n\t\t\t\t\t\t\t\t\t\t\t\t\t\t\t<img decoding=\"async\" width=\"406\" height=\"609\" src=\"https:\/\/denisguertinebeniste.com\/wp-content\/uploads\/2024\/03\/DG-Ebeniste-Kiosque.png\" class=\"attachment-full size-full wp-image-598\" alt=\"\" srcset=\"https:\/\/denisguertinebeniste.com\/wp-content\/uploads\/2024\/03\/DG-Ebeniste-Kiosque.png 406w, https:\/\/denisguertinebeniste.com\/wp-content\/uploads\/2024\/03\/DG-Ebeniste-Kiosque-200x300.png 200w, https:\/\/denisguertinebeniste.com\/wp-content\/uploads\/2024\/03\/DG-Ebeniste-Kiosque-8x12.png 8w\" sizes=\"(max-width: 406px) 100vw, 406px\" \/>\t\t\t\t\t\t\t\t\t\t\t\t\t\t\t<\/div>\n\t\t\t\t<\/div>\n\t\t\t\t<\/div>\n\t\t\t\t\t<\/div>\n\t\t\t\t<\/div>\n\t\t<div class=\"elementor-element elementor-element-d03c6a4 e-flex e-con-boxed e-con e-parent\" data-id=\"d03c6a4\" data-element_type=\"container\" data-e-type=\"container\">\n\t\t\t\t\t<div class=\"e-con-inner\">\n\t\t\t\t\t<\/div>\n\t\t\t\t<\/div>\n\t\t\t\t<\/div>","protected":false},"excerpt":{"rendered":"<p>ABOUT US How it started Our story begins in 2004, Monique and I were looking for a suitable picnic table for our 4 and 6 year old sons. Having found [&hellip;]<\/p>\n","protected":false},"author":2,"featured_media":0,"parent":0,"menu_order":0,"comment_status":"closed","ping_status":"closed","template":"elementor_header_footer","meta":{"_acf_changed":false,"footnotes":""},"class_list":["post-54","page","type-page","status-publish","hentry"],"acf":[],"yoast_head":"<!-- This site is optimized with the Yoast SEO plugin v27.5 - https:\/\/yoast.com\/product\/yoast-seo-wordpress\/ -->\n<title>About - Denis Guertin \u00c9b\u00e9niste<\/title>\n<meta name=\"description\" content=\"About\" \/>\n<meta name=\"robots\" content=\"index, follow, max-snippet:-1, max-image-preview:large, max-video-preview:-1\" \/>\n<link rel=\"canonical\" href=\"https:\/\/denisguertinebeniste.com\/fr\/a-propos\/\" \/>\n<meta property=\"og:locale\" content=\"fr_CA\" \/>\n<meta property=\"og:type\" content=\"article\" \/>\n<meta property=\"og:title\" content=\"About - Denis Guertin \u00c9b\u00e9niste\" \/>\n<meta property=\"og:description\" content=\"About\" \/>\n<meta property=\"og:url\" content=\"https:\/\/denisguertinebeniste.com\/fr\/a-propos\/\" \/>\n<meta property=\"og:site_name\" content=\"Denis Guertin \u00c9b\u00e9niste\" \/>\n<meta property=\"article:publisher\" content=\"https:\/\/www.facebook.com\/Denis-Guertin-bniste-108733347315125\" \/>\n<meta property=\"article:modified_time\" content=\"2026-04-04T15:14:38+00:00\" \/>\n<meta property=\"og:image\" content=\"https:\/\/denisguertinebeniste.com\/wp-content\/uploads\/2026\/03\/DG-Ebeniste-Kiosque-PAQ-1.jpg\" \/>\n\t<meta property=\"og:image:width\" content=\"1430\" \/>\n\t<meta property=\"og:image:height\" content=\"1073\" \/>\n\t<meta property=\"og:image:type\" content=\"image\/jpeg\" \/>\n<meta name=\"twitter:card\" content=\"summary_large_image\" \/>\n<meta name=\"twitter:label1\" content=\"Estimation du temps de lecture\" \/>\n\t<meta name=\"twitter:data1\" content=\"2 minutes\" \/>\n<script type=\"application\/ld+json\" class=\"yoast-schema-graph\">{\"@context\":\"https:\\\/\\\/schema.org\",\"@graph\":[{\"@type\":\"WebPage\",\"@id\":\"https:\\\/\\\/denisguertinebeniste.com\\\/about\\\/\",\"url\":\"https:\\\/\\\/denisguertinebeniste.com\\\/about\\\/\",\"name\":\"About - Denis Guertin \u00c9b\u00e9niste\",\"isPartOf\":{\"@id\":\"https:\\\/\\\/denisguertinebeniste.com\\\/#website\"},\"primaryImageOfPage\":{\"@id\":\"https:\\\/\\\/denisguertinebeniste.com\\\/about\\\/#primaryimage\"},\"image\":{\"@id\":\"https:\\\/\\\/denisguertinebeniste.com\\\/about\\\/#primaryimage\"},\"thumbnailUrl\":\"https:\\\/\\\/denisguertinebeniste.com\\\/wp-content\\\/uploads\\\/2026\\\/03\\\/DG-Ebeniste-Kiosque-PAQ-1-1024x768.jpg\",\"datePublished\":\"2024-02-29T04:39:36+00:00\",\"dateModified\":\"2026-04-04T15:14:38+00:00\",\"description\":\"About\",\"breadcrumb\":{\"@id\":\"https:\\\/\\\/denisguertinebeniste.com\\\/about\\\/#breadcrumb\"},\"inLanguage\":\"fr-CA\",\"potentialAction\":[{\"@type\":\"ReadAction\",\"target\":[\"https:\\\/\\\/denisguertinebeniste.com\\\/about\\\/\"]}]},{\"@type\":\"ImageObject\",\"inLanguage\":\"fr-CA\",\"@id\":\"https:\\\/\\\/denisguertinebeniste.com\\\/about\\\/#primaryimage\",\"url\":\"https:\\\/\\\/denisguertinebeniste.com\\\/wp-content\\\/uploads\\\/2026\\\/03\\\/DG-Ebeniste-Kiosque-PAQ-1-1024x768.jpg\",\"contentUrl\":\"https:\\\/\\\/denisguertinebeniste.com\\\/wp-content\\\/uploads\\\/2026\\\/03\\\/DG-Ebeniste-Kiosque-PAQ-1-1024x768.jpg\"},{\"@type\":\"BreadcrumbList\",\"@id\":\"https:\\\/\\\/denisguertinebeniste.com\\\/about\\\/#breadcrumb\",\"itemListElement\":[{\"@type\":\"ListItem\",\"position\":1,\"name\":\"Home\",\"item\":\"https:\\\/\\\/denisguertinebeniste.com\\\/\"},{\"@type\":\"ListItem\",\"position\":2,\"name\":\"About\"}]},{\"@type\":\"WebSite\",\"@id\":\"https:\\\/\\\/denisguertinebeniste.com\\\/#website\",\"url\":\"https:\\\/\\\/denisguertinebeniste.com\\\/\",\"name\":\"Denis Guertin \u00c9b\u00e9niste\",\"description\":\"\",\"publisher\":{\"@id\":\"https:\\\/\\\/denisguertinebeniste.com\\\/#organization\"},\"potentialAction\":[{\"@type\":\"SearchAction\",\"target\":{\"@type\":\"EntryPoint\",\"urlTemplate\":\"https:\\\/\\\/denisguertinebeniste.com\\\/?s={search_term_string}\"},\"query-input\":{\"@type\":\"PropertyValueSpecification\",\"valueRequired\":true,\"valueName\":\"search_term_string\"}}],\"inLanguage\":\"fr-CA\"},{\"@type\":\"Organization\",\"@id\":\"https:\\\/\\\/denisguertinebeniste.com\\\/#organization\",\"name\":\"Denis Guertin \u00c9b\u00e9niste\",\"url\":\"https:\\\/\\\/denisguertinebeniste.com\\\/\",\"logo\":{\"@type\":\"ImageObject\",\"inLanguage\":\"fr-CA\",\"@id\":\"https:\\\/\\\/denisguertinebeniste.com\\\/#\\\/schema\\\/logo\\\/image\\\/\",\"url\":\"https:\\\/\\\/denisguertinebeniste.com\\\/wp-content\\\/uploads\\\/2024\\\/03\\\/logo-DG.webp\",\"contentUrl\":\"https:\\\/\\\/denisguertinebeniste.com\\\/wp-content\\\/uploads\\\/2024\\\/03\\\/logo-DG.webp\",\"width\":300,\"height\":264,\"caption\":\"Denis Guertin \u00c9b\u00e9niste\"},\"image\":{\"@id\":\"https:\\\/\\\/denisguertinebeniste.com\\\/#\\\/schema\\\/logo\\\/image\\\/\"},\"sameAs\":[\"https:\\\/\\\/www.facebook.com\\\/Denis-Guertin-bniste-108733347315125\",\"https:\\\/\\\/www.instagram.com\\\/denisguertin_ebeniste\\\/\"]}]}<\/script>\n<!-- \/ Yoast SEO plugin. -->","yoast_head_json":{"title":"\u00c0 propos - Denis Guertin \u00c9b\u00e9niste","description":"\u00c0 propos","robots":{"index":"index","follow":"follow","max-snippet":"max-snippet:-1","max-image-preview":"max-image-preview:large","max-video-preview":"max-video-preview:-1"},"canonical":"https:\/\/denisguertinebeniste.com\/fr\/a-propos\/","og_locale":"fr_CA","og_type":"article","og_title":"About - Denis Guertin \u00c9b\u00e9niste","og_description":"About","og_url":"https:\/\/denisguertinebeniste.com\/fr\/a-propos\/","og_site_name":"Denis Guertin \u00c9b\u00e9niste","article_publisher":"https:\/\/www.facebook.com\/Denis-Guertin-bniste-108733347315125","article_modified_time":"2026-04-04T15:14:38+00:00","og_image":[{"width":1430,"height":1073,"url":"https:\/\/denisguertinebeniste.com\/wp-content\/uploads\/2026\/03\/DG-Ebeniste-Kiosque-PAQ-1.jpg","type":"image\/jpeg"}],"twitter_card":"summary_large_image","twitter_misc":{"Estimation du temps de lecture":"2 minutes"},"schema":{"@context":"https:\/\/schema.org","@graph":[{"@type":"WebPage","@id":"https:\/\/denisguertinebeniste.com\/about\/","url":"https:\/\/denisguertinebeniste.com\/about\/","name":"\u00c0 propos - Denis Guertin \u00c9b\u00e9niste","isPartOf":{"@id":"https:\/\/denisguertinebeniste.com\/#website"},"primaryImageOfPage":{"@id":"https:\/\/denisguertinebeniste.com\/about\/#primaryimage"},"image":{"@id":"https:\/\/denisguertinebeniste.com\/about\/#primaryimage"},"thumbnailUrl":"https:\/\/denisguertinebeniste.com\/wp-content\/uploads\/2026\/03\/DG-Ebeniste-Kiosque-PAQ-1-1024x768.jpg","datePublished":"2024-02-29T04:39:36+00:00","dateModified":"2026-04-04T15:14:38+00:00","description":"\u00c0 propos","breadcrumb":{"@id":"https:\/\/denisguertinebeniste.com\/about\/#breadcrumb"},"inLanguage":"fr-CA","potentialAction":[{"@type":"ReadAction","target":["https:\/\/denisguertinebeniste.com\/about\/"]}]},{"@type":"ImageObject","inLanguage":"fr-CA","@id":"https:\/\/denisguertinebeniste.com\/about\/#primaryimage","url":"https:\/\/denisguertinebeniste.com\/wp-content\/uploads\/2026\/03\/DG-Ebeniste-Kiosque-PAQ-1-1024x768.jpg","contentUrl":"https:\/\/denisguertinebeniste.com\/wp-content\/uploads\/2026\/03\/DG-Ebeniste-Kiosque-PAQ-1-1024x768.jpg"},{"@type":"BreadcrumbList","@id":"https:\/\/denisguertinebeniste.com\/about\/#breadcrumb","itemListElement":[{"@type":"ListItem","position":1,"name":"Home","item":"https:\/\/denisguertinebeniste.com\/"},{"@type":"ListItem","position":2,"name":"About"}]},{"@type":"WebSite","@id":"https:\/\/denisguertinebeniste.com\/#website","url":"https:\/\/denisguertinebeniste.com\/","name":"Denis Guertin \u00c9b\u00e9niste","description":"","publisher":{"@id":"https:\/\/denisguertinebeniste.com\/#organization"},"potentialAction":[{"@type":"SearchAction","target":{"@type":"EntryPoint","urlTemplate":"https:\/\/denisguertinebeniste.com\/?s={search_term_string}"},"query-input":{"@type":"PropertyValueSpecification","valueRequired":true,"valueName":"search_term_string"}}],"inLanguage":"fr-CA"},{"@type":"Organization","@id":"https:\/\/denisguertinebeniste.com\/#organization","name":"Denis Guertin \u00c9b\u00e9niste","url":"https:\/\/denisguertinebeniste.com\/","logo":{"@type":"ImageObject","inLanguage":"fr-CA","@id":"https:\/\/denisguertinebeniste.com\/#\/schema\/logo\/image\/","url":"https:\/\/denisguertinebeniste.com\/wp-content\/uploads\/2024\/03\/logo-DG.webp","contentUrl":"https:\/\/denisguertinebeniste.com\/wp-content\/uploads\/2024\/03\/logo-DG.webp","width":300,"height":264,"caption":"Denis Guertin \u00c9b\u00e9niste"},"image":{"@id":"https:\/\/denisguertinebeniste.com\/#\/schema\/logo\/image\/"},"sameAs":["https:\/\/www.facebook.com\/Denis-Guertin-bniste-108733347315125","https:\/\/www.instagram.com\/denisguertin_ebeniste\/"]}]}},"jetpack_sharing_enabled":true,"_links":{"self":[{"href":"https:\/\/denisguertinebeniste.com\/fr\/wp-json\/wp\/v2\/pages\/54","targetHints":{"allow":["GET"]}}],"collection":[{"href":"https:\/\/denisguertinebeniste.com\/fr\/wp-json\/wp\/v2\/pages"}],"about":[{"href":"https:\/\/denisguertinebeniste.com\/fr\/wp-json\/wp\/v2\/types\/page"}],"author":[{"embeddable":true,"href":"https:\/\/denisguertinebeniste.com\/fr\/wp-json\/wp\/v2\/users\/2"}],"replies":[{"embeddable":true,"href":"https:\/\/denisguertinebeniste.com\/fr\/wp-json\/wp\/v2\/comments?post=54"}],"version-history":[{"count":46,"href":"https:\/\/denisguertinebeniste.com\/fr\/wp-json\/wp\/v2\/pages\/54\/revisions"}],"predecessor-version":[{"id":2019,"href":"https:\/\/denisguertinebeniste.com\/fr\/wp-json\/wp\/v2\/pages\/54\/revisions\/2019"}],"wp:attachment":[{"href":"https:\/\/denisguertinebeniste.com\/fr\/wp-json\/wp\/v2\/media?parent=54"}],"curies":[{"name":"wp","href":"https:\/\/api.w.org\/{rel}","templated":true}]}}